{"id":51238,"date":"2025-09-19T13:54:03","date_gmt":"2025-09-19T13:54:03","guid":{"rendered":"https:\/\/skinstudio.ee\/?post_type=product&#038;p=51238"},"modified":"2026-02-13T15:27:21","modified_gmt":"2026-02-13T15:27:21","slug":"hyalogy-emulsion-for-men","status":"publish","type":"product","link":"https:\/\/skinstudio.ee\/lv\/catalog\/forlled\/hyalogy-emulsion-for-men\/","title":{"rendered":"Hyalogy Emulsion For Men"},"content":{"rendered":"<p data-start=\"89\" data-end=\"407\">Emulsija ir \u012bpa\u0161i izstr\u0101d\u0101ta ikdienas v\u012brie\u0161u \u0101das kop\u0161anai, kurai nepiecie\u0161ama maiga, bet efekt\u012bva nomierino\u0161a un atjaunojo\u0161a iedarb\u012bba. Augsti tehnolo\u0123isk\u0101 formula nodro\u0161ina visaptvero\u0161u risin\u0101jumu antibakteri\u0101lai aizsardz\u012bbai, intens\u012bvai re\u0123ener\u0101cijai, dehidrat\u0101cijas nov\u0113r\u0161anai un \u0101das noveco\u0161an\u0101s pal\u0113nin\u0101\u0161anai.<\/p>\n<p data-start=\"409\" data-end=\"430\"><strong data-start=\"409\" data-end=\"428\">Tilpums: 100 ml<\/strong><\/p>\n","protected":false},"excerpt":{"rendered":"<p data-start=\"600\" data-end=\"630\">Mitrino\u0161a emulsija v\u012brie\u0161iem<\/p>\n<h2 data-start=\"632\" data-end=\"935\"><strong data-start=\"632\" data-end=\"680\">Forlle\u2019d &#8211; Hyalogy Emulsion For Men \u012bpa\u0161\u012bbas<\/strong><\/h2>\n<p data-start=\"632\" data-end=\"935\">\u2714\ufe0f Intens\u012bvi mitrina un m\u012bkstina \u0101du<br data-start=\"719\" data-end=\"722\" \/>\u2714\ufe0f Stiprina \u0101das barjerfunkciju un aizsarg\u0101 pret \u0101r\u0113jiem faktoriem<br data-start=\"788\" data-end=\"791\" \/>\u2714\ufe0f Samazina kairin\u0101jumu un aps\u0101rtumu p\u0113c sk\u016b\u0161an\u0101s<br data-start=\"840\" data-end=\"843\" \/>\u2714\ufe0f Uzlabo \u0101das elast\u012bbu un tonusu<br data-start=\"876\" data-end=\"879\" \/>\u2714\ufe0f Piem\u0113rota ikdienas lieto\u0161anai un visiem \u0101das tipiem<\/p>\n","protected":false},"featured_media":64385,"template":"","meta":[],"pwb-brand":[776],"product_brand":[],"product_cat":[737],"product_tag":[],"giftcard-category":[],"class_list":{"0":"post-51238","1":"product","2":"type-product","3":"status-publish","4":"has-post-thumbnail","6":"pwb-brand-forlled","7":"product_cat-mitrinasana","9":"first","10":"instock","11":"taxable","12":"shipping-taxable","13":"purchasable","14":"product-type-simple"},"acf":[],"brands":[{"id":776,"name":"Forlled","slug":"forlled"}],"_links":{"self":[{"href":"https:\/\/skinstudio.ee\/lv\/wp-json\/wp\/v2\/product\/51238","targetHints":{"allow":["GET"]}}],"collection":[{"href":"https:\/\/skinstudio.ee\/lv\/wp-json\/wp\/v2\/product"}],"about":[{"href":"https:\/\/skinstudio.ee\/lv\/wp-json\/wp\/v2\/types\/product"}],"version-history":[{"count":0,"href":"https:\/\/skinstudio.ee\/lv\/wp-json\/wp\/v2\/product\/51238\/revisions"}],"wp:featuredmedia":[{"embeddable":true,"href":"https:\/\/skinstudio.ee\/lv\/wp-json\/wp\/v2\/media\/64385"}],"wp:attachment":[{"href":"https:\/\/skinstudio.ee\/lv\/wp-json\/wp\/v2\/media?parent=51238"}],"wp:term":[{"taxonomy":"pwb-brand","embeddable":true,"href":"https:\/\/skinstudio.ee\/lv\/wp-json\/wp\/v2\/pwb-brand?post=51238"},{"taxonomy":"product_brand","embeddable":true,"href":"https:\/\/skinstudio.ee\/lv\/wp-json\/wp\/v2\/product_brand?post=51238"},{"taxonomy":"product_cat","embeddable":true,"href":"https:\/\/skinstudio.ee\/lv\/wp-json\/wp\/v2\/product_cat?post=51238"},{"taxonomy":"product_tag","embeddable":true,"href":"https:\/\/skinstudio.ee\/lv\/wp-json\/wp\/v2\/product_tag?post=51238"},{"taxonomy":"giftcard-category","embeddable":true,"href":"https:\/\/skinstudio.ee\/lv\/wp-json\/wp\/v2\/giftcard-category?post=51238"}],"curies":[{"name":"wp","href":"https:\/\/api.w.org\/{rel}","templated":true}]}}