{"id":51254,"date":"2025-09-20T08:42:23","date_gmt":"2025-09-20T08:42:23","guid":{"rendered":"https:\/\/skinstudio.ee\/?post_type=product&#038;p=51254"},"modified":"2025-12-30T17:05:03","modified_gmt":"2025-12-30T17:05:03","slug":"age-element-brightening-cream","status":"publish","type":"product","link":"https:\/\/skinstudio.ee\/lv\/catalog\/mesoestetic\/age-element-brightening-cream\/","title":{"rendered":"Age Element Brightening Cream"},"content":{"rendered":"<p data-start=\"153\" data-end=\"420\"><strong data-start=\"153\" data-end=\"198\">Mesoestetic Age Element Brightening Cream<\/strong> mitrina \u0101du, m\u012bkstina mimikas grumbas un atjauno vesel\u012bgu mirdzumu sejai. Augsta stabil\u0101 C vitam\u012bna koncentr\u0101cija nodro\u0161ina sp\u0113c\u012bgu antioksidantu aizsardz\u012bbu, pasarg\u0101jot no saules boj\u0101jumiem un nov\u0113r\u0161ot foto noveco\u0161anu.<\/p>\n<p data-start=\"422\" data-end=\"620\">Formula ir bag\u0101tin\u0101ta ar antioksidantu kompleksu: salvijas izcelsmes biop\u0101rmi un augu izcelsmes glikoz\u012bdi. \u0160\u012bs akt\u012bv\u0101s sast\u0101vda\u013cas revitaliz\u0113 \u0101du, padarot to mitrin\u0101t\u0101ku, vienm\u0113r\u012bg\u0101ku un svaig\u0101ku.<\/p>\n<p data-start=\"622\" data-end=\"784\">Viegl\u0101 g\u0113la\u2013kr\u0113ma tekst\u016bra \u0101tri uzs\u016bcas, neatst\u0101jot lip\u012bguma saj\u016btu, padarot to par ide\u0101lu l\u012bdzekli pirmaj\u0101m noveco\u0161an\u0101s paz\u012bm\u0113m. Piem\u0113rots ikdienas lieto\u0161anai.<\/p>\n<p data-start=\"786\" data-end=\"806\"><strong data-start=\"786\" data-end=\"804\">Tilpums: 50 ml<\/strong><\/p>\n","protected":false},"excerpt":{"rendered":"<p data-start=\"909\" data-end=\"942\">Mirdzumu pie\u0161\u0137iro\u0161s sejas kr\u0113ms<\/p>\n<h2 data-start=\"944\" data-end=\"1238\"><strong data-start=\"944\" data-end=\"1000\">Mesoestetic &#8211; Age Element Brightening Cream \u012bpa\u0161\u012bbas<\/strong><\/h2>\n<p data-start=\"944\" data-end=\"1238\">\u2714\ufe0f Intens\u012bvi mitrina \u0101du un pie\u0161\u0137ir tai mirdzumu<br data-start=\"1051\" data-end=\"1054\" \/>\u2714\ufe0f Samazina mimikas grumbu redzam\u012bbu<br data-start=\"1090\" data-end=\"1093\" \/>\u2714\ufe0f Aizsarg\u0101 pret foto noveco\u0161anu un saules boj\u0101jumiem<br data-start=\"1146\" data-end=\"1149\" \/>\u2714\ufe0f Vienm\u0113rina \u0101das toni un uzlabo tekst\u016bru<br data-start=\"1191\" data-end=\"1194\" \/>\u2714\ufe0f Viegl\u0101 g\u0113la\u2013kr\u0113ma tekst\u016bra \u0101tri uzs\u016bcas<\/p>\n","protected":false},"featured_media":67125,"template":"","meta":[],"pwb-brand":[1132],"product_brand":[],"product_cat":[737,749,751],"product_tag":[],"giftcard-category":[],"class_list":{"0":"post-51254","1":"product","2":"type-product","3":"status-publish","4":"has-post-thumbnail","6":"pwb-brand-mesoestetic","7":"product_cat-mitrinasana","8":"product_cat-novecojosa-ada","9":"product_cat-pigmentacija","11":"first","12":"instock","13":"taxable","14":"shipping-taxable","15":"purchasable","16":"product-type-simple"},"acf":[],"brands":[{"id":1132,"name":"Mesoestetic","slug":"mesoestetic"}],"_links":{"self":[{"href":"https:\/\/skinstudio.ee\/lv\/wp-json\/wp\/v2\/product\/51254","targetHints":{"allow":["GET"]}}],"collection":[{"href":"https:\/\/skinstudio.ee\/lv\/wp-json\/wp\/v2\/product"}],"about":[{"href":"https:\/\/skinstudio.ee\/lv\/wp-json\/wp\/v2\/types\/product"}],"version-history":[{"count":0,"href":"https:\/\/skinstudio.ee\/lv\/wp-json\/wp\/v2\/product\/51254\/revisions"}],"wp:featuredmedia":[{"embeddable":true,"href":"https:\/\/skinstudio.ee\/lv\/wp-json\/wp\/v2\/media\/67125"}],"wp:attachment":[{"href":"https:\/\/skinstudio.ee\/lv\/wp-json\/wp\/v2\/media?parent=51254"}],"wp:term":[{"taxonomy":"pwb-brand","embeddable":true,"href":"https:\/\/skinstudio.ee\/lv\/wp-json\/wp\/v2\/pwb-brand?post=51254"},{"taxonomy":"product_brand","embeddable":true,"href":"https:\/\/skinstudio.ee\/lv\/wp-json\/wp\/v2\/product_brand?post=51254"},{"taxonomy":"product_cat","embeddable":true,"href":"https:\/\/skinstudio.ee\/lv\/wp-json\/wp\/v2\/product_cat?post=51254"},{"taxonomy":"product_tag","embeddable":true,"href":"https:\/\/skinstudio.ee\/lv\/wp-json\/wp\/v2\/product_tag?post=51254"},{"taxonomy":"giftcard-category","embeddable":true,"href":"https:\/\/skinstudio.ee\/lv\/wp-json\/wp\/v2\/giftcard-category?post=51254"}],"curies":[{"name":"wp","href":"https:\/\/api.w.org\/{rel}","templated":true}]}}