{"id":51271,"date":"2025-09-20T08:48:26","date_gmt":"2025-09-20T08:48:26","guid":{"rendered":"https:\/\/skinstudio.ee\/?post_type=product&#038;p=51271"},"modified":"2025-12-30T17:05:03","modified_gmt":"2025-12-30T17:05:03","slug":"age-element-brightening-eye-contour","status":"publish","type":"product","link":"https:\/\/skinstudio.ee\/lv\/catalog\/mesoestetic\/age-element-brightening-eye-contour\/","title":{"rendered":"Age Element Brightening Eye Contour"},"content":{"rendered":"<p data-start=\"142\" data-end=\"419\"><strong data-start=\"142\" data-end=\"193\">Mesoestetic Age Element Brightening Eye Contour<\/strong> ir inovat\u012bvs kr\u0113ms acu zonai, kas pal\u012bdz atjaunot svaigumu un mirdzumu skatienam. Augsta stabil\u0101 C vitam\u012bna koncentr\u0101cija nodro\u0161ina sp\u0113c\u012bgu antioksidantu aizsardz\u012bbu, pasarg\u0101jot \u0101du no foto noveco\u0161anas un saules boj\u0101jumiem.<\/p>\n<p data-start=\"421\" data-end=\"633\">Formula ir bag\u0101tin\u0101ta ar unik\u0101l\u0101m akt\u012bvaj\u0101m sast\u0101vda\u013c\u0101m: bakt\u0113riju raugs mazina pigment\u0113tus tum\u0161os lokus, bet salvijas ekstrakts un mikrobiolo\u0123iskais trisahar\u012bds dzi\u013ci mitrina \u0101du un m\u012bkstina m\u012bmikas grumbi\u0146as.<\/p>\n<p data-start=\"635\" data-end=\"891\">Viegl\u0101 g\u0113la\u2013kr\u0113ma tekst\u016bra kombin\u0101cij\u0101 ar keramikas aplikatoru sniedz pat\u012bkamu atv\u0113sino\u0161u efektu, samazina noguruma paz\u012bmes un pastiprina pretnoveco\u0161an\u0101s darb\u012bbu. Jau p\u0113c pirmaj\u0101m lieto\u0161anas reiz\u0113m \u0101da ap ac\u012bm izskat\u0101s glud\u0101ka, vienm\u0113r\u012bg\u0101ka un starojo\u0161a.<\/p>\n<p data-start=\"893\" data-end=\"913\"><strong data-start=\"893\" data-end=\"911\">Tilpums: 15 ml<\/strong><\/p>\n","protected":false},"excerpt":{"rendered":"<p data-start=\"1039\" data-end=\"1070\">Mirdzumu pie\u0161\u0137iro\u0161s acu kr\u0113ms<\/p>\n<h2 data-start=\"1072\" data-end=\"1395\"><strong data-start=\"1072\" data-end=\"1134\">Mesoestetic &#8211; Age Element Brightening Eye Contour \u012bpa\u0161\u012bbas<\/strong><\/h2>\n<p data-start=\"1072\" data-end=\"1395\">\u2714\ufe0f Samazina tum\u0161os lokus un noguruma paz\u012bmes<br data-start=\"1181\" data-end=\"1184\" \/>\u2714\ufe0f Nodro\u0161ina sp\u0113c\u012bgu antioksidantu aizsardz\u012bbu<br data-start=\"1230\" data-end=\"1233\" \/>\u2714\ufe0f Atsvaidzin\u0101 un izl\u012bdzina \u0101das toni ap ac\u012bm<br data-start=\"1278\" data-end=\"1281\" \/>\u2714\ufe0f Mitrina un m\u012bkstina m\u012bmikas grumbi\u0146as<br data-start=\"1321\" data-end=\"1324\" \/>\u2714\ufe0f Keramikas aplikators pastiprina atv\u0113sino\u0161o un pret t\u016bsku iedarb\u012bbu<\/p>\n","protected":false},"featured_media":67119,"template":"","meta":[],"pwb-brand":[1132],"product_brand":[],"product_cat":[733],"product_tag":[],"giftcard-category":[],"class_list":{"0":"post-51271","1":"product","2":"type-product","3":"status-publish","4":"has-post-thumbnail","6":"pwb-brand-mesoestetic","7":"product_cat-ada-ap-acim","9":"first","10":"instock","11":"taxable","12":"shipping-taxable","13":"purchasable","14":"product-type-simple"},"acf":[],"brands":[{"id":1132,"name":"Mesoestetic","slug":"mesoestetic"}],"_links":{"self":[{"href":"https:\/\/skinstudio.ee\/lv\/wp-json\/wp\/v2\/product\/51271","targetHints":{"allow":["GET"]}}],"collection":[{"href":"https:\/\/skinstudio.ee\/lv\/wp-json\/wp\/v2\/product"}],"about":[{"href":"https:\/\/skinstudio.ee\/lv\/wp-json\/wp\/v2\/types\/product"}],"version-history":[{"count":0,"href":"https:\/\/skinstudio.ee\/lv\/wp-json\/wp\/v2\/product\/51271\/revisions"}],"wp:featuredmedia":[{"embeddable":true,"href":"https:\/\/skinstudio.ee\/lv\/wp-json\/wp\/v2\/media\/67119"}],"wp:attachment":[{"href":"https:\/\/skinstudio.ee\/lv\/wp-json\/wp\/v2\/media?parent=51271"}],"wp:term":[{"taxonomy":"pwb-brand","embeddable":true,"href":"https:\/\/skinstudio.ee\/lv\/wp-json\/wp\/v2\/pwb-brand?post=51271"},{"taxonomy":"product_brand","embeddable":true,"href":"https:\/\/skinstudio.ee\/lv\/wp-json\/wp\/v2\/product_brand?post=51271"},{"taxonomy":"product_cat","embeddable":true,"href":"https:\/\/skinstudio.ee\/lv\/wp-json\/wp\/v2\/product_cat?post=51271"},{"taxonomy":"product_tag","embeddable":true,"href":"https:\/\/skinstudio.ee\/lv\/wp-json\/wp\/v2\/product_tag?post=51271"},{"taxonomy":"giftcard-category","embeddable":true,"href":"https:\/\/skinstudio.ee\/lv\/wp-json\/wp\/v2\/giftcard-category?post=51271"}],"curies":[{"name":"wp","href":"https:\/\/api.w.org\/{rel}","templated":true}]}}