{"id":51287,"date":"2025-09-20T09:02:48","date_gmt":"2025-09-20T09:02:48","guid":{"rendered":"https:\/\/skinstudio.ee\/?post_type=product&#038;p=51287"},"modified":"2025-12-30T17:05:03","modified_gmt":"2025-12-30T17:05:03","slug":"age-element-brightening-concentrate","status":"publish","type":"product","link":"https:\/\/skinstudio.ee\/lv\/catalog\/mesoestetic\/age-element-brightening-concentrate\/","title":{"rendered":"Age Element Brightening Concentrate"},"content":{"rendered":"<p data-start=\"151\" data-end=\"486\"><strong data-start=\"151\" data-end=\"202\">Mesoestetic Age Element Brightening Concentrate<\/strong> ir koncentr\u0113ts izgaismojo\u0161s serums, kas pie\u0161\u0137ir \u0101dai svaigu un starojo\u0161u izskatu un pasarg\u0101 to no pirmaj\u0101m noveco\u0161an\u0101s paz\u012bm\u0113m. Augsta stabil\u0101 C vitam\u012bna koncentr\u0101cija nodro\u0161ina sp\u0113c\u012bgu antioksidantu iedarb\u012bbu, neitraliz\u0113 saules starojuma kait\u012bgo ietekmi un nov\u0113r\u0161 foto noveco\u0161anu.<\/p>\n<p data-start=\"488\" data-end=\"673\">Formula ir bag\u0101tin\u0101ta ar j\u016bras biotehnolo\u0123isko ekstraktu un niacinam\u012bdu, kas darbojas siner\u0123ij\u0101 ar C vitam\u012bnu: izl\u012bdzina \u0101das toni, pastiprina t\u0101s mirdzumu un redzami uzlabo tekst\u016bru.<\/p>\n<p data-start=\"675\" data-end=\"837\">Viegl\u0101 \u016bdens-g\u0113la tekst\u016bra uzs\u016bcas acumirkl\u012b, atst\u0101jot t\u016bl\u012bt\u0113ju mirdzuma efektu. Jau p\u0113c pirmaj\u0101m lieto\u0161anas reiz\u0113m \u0101da izskat\u0101s glud\u0101ka, stingr\u0101ka un svaig\u0101ka.<\/p>\n<p data-start=\"839\" data-end=\"859\"><strong data-start=\"839\" data-end=\"857\">Tilpums: 30 ml<\/strong><\/p>\n","protected":false},"excerpt":{"rendered":"<p data-start=\"1007\" data-end=\"1041\">Mirdzumu pie\u0161\u0137iro\u0161s sejas serums<\/p>\n<h2 data-start=\"1043\" data-end=\"1364\"><strong data-start=\"1043\" data-end=\"1105\">Mesoestetic &#8211; Age Element Brightening Concentrate \u012bpa\u0161\u012bbas<\/strong><\/h2>\n<p data-start=\"1043\" data-end=\"1364\">\u2714\ufe0f Izgaismo un izl\u012bdzina \u0101das toni<br data-start=\"1142\" data-end=\"1145\" \/>\u2714\ufe0f Nodro\u0161ina sp\u0113c\u012bgu antioksidantu aizsardz\u012bbu<br data-start=\"1191\" data-end=\"1194\" \/>\u2714\ufe0f Nov\u0113r\u0161 foto noveco\u0161anu un saules boj\u0101jumus<br data-start=\"1239\" data-end=\"1242\" \/>\u2714\ufe0f Satur j\u016bras biotehnolo\u0123isko ekstraktu un niacinam\u012bdu<br data-start=\"1297\" data-end=\"1300\" \/>\u2714\ufe0f Viegl\u0101 \u016bdens-g\u0113la tekst\u016bra \u0101tri uzs\u016bcas un pie\u0161\u0137ir mirdzumu<\/p>\n","protected":false},"featured_media":67113,"template":"","meta":[],"pwb-brand":[1132],"product_brand":[],"product_cat":[729,751,723],"product_tag":[],"giftcard-category":[],"class_list":{"0":"post-51287","1":"product","2":"type-product","3":"status-publish","4":"has-post-thumbnail","6":"pwb-brand-mesoestetic","7":"product_cat-c-vitamins","8":"product_cat-pigmentacija-lv","9":"product_cat-serumi","11":"first","12":"instock","13":"taxable","14":"shipping-taxable","15":"purchasable","16":"product-type-simple"},"acf":[],"brands":[{"id":1132,"name":"Mesoestetic","slug":"mesoestetic"}],"_links":{"self":[{"href":"https:\/\/skinstudio.ee\/lv\/wp-json\/wp\/v2\/product\/51287","targetHints":{"allow":["GET"]}}],"collection":[{"href":"https:\/\/skinstudio.ee\/lv\/wp-json\/wp\/v2\/product"}],"about":[{"href":"https:\/\/skinstudio.ee\/lv\/wp-json\/wp\/v2\/types\/product"}],"version-history":[{"count":0,"href":"https:\/\/skinstudio.ee\/lv\/wp-json\/wp\/v2\/product\/51287\/revisions"}],"wp:featuredmedia":[{"embeddable":true,"href":"https:\/\/skinstudio.ee\/lv\/wp-json\/wp\/v2\/media\/67113"}],"wp:attachment":[{"href":"https:\/\/skinstudio.ee\/lv\/wp-json\/wp\/v2\/media?parent=51287"}],"wp:term":[{"taxonomy":"pwb-brand","embeddable":true,"href":"https:\/\/skinstudio.ee\/lv\/wp-json\/wp\/v2\/pwb-brand?post=51287"},{"taxonomy":"product_brand","embeddable":true,"href":"https:\/\/skinstudio.ee\/lv\/wp-json\/wp\/v2\/product_brand?post=51287"},{"taxonomy":"product_cat","embeddable":true,"href":"https:\/\/skinstudio.ee\/lv\/wp-json\/wp\/v2\/product_cat?post=51287"},{"taxonomy":"product_tag","embeddable":true,"href":"https:\/\/skinstudio.ee\/lv\/wp-json\/wp\/v2\/product_tag?post=51287"},{"taxonomy":"giftcard-category","embeddable":true,"href":"https:\/\/skinstudio.ee\/lv\/wp-json\/wp\/v2\/giftcard-category?post=51287"}],"curies":[{"name":"wp","href":"https:\/\/api.w.org\/{rel}","templated":true}]}}