{"id":51303,"date":"2025-09-20T09:12:50","date_gmt":"2025-09-20T09:12:50","guid":{"rendered":"https:\/\/skinstudio.ee\/?post_type=product&#038;p=51303"},"modified":"2025-12-30T17:05:03","modified_gmt":"2025-12-30T17:05:03","slug":"age-element-brightening-complex","status":"publish","type":"product","link":"https:\/\/skinstudio.ee\/lv\/catalog\/mesoestetic\/age-element-brightening-complex\/","title":{"rendered":"Age Element Brightening Complex"},"content":{"rendered":"<p data-start=\"136\" data-end=\"454\"><strong data-start=\"136\" data-end=\"183\">Mesoestetic Age Element Brightening Complex<\/strong> ir intens\u012bva \u0161oka terapija, kas izstr\u0101d\u0101ta, lai dzi\u013ci atjaunotu \u0101du un atgrieztu tai mirdzumu. Augsta stabil\u0101 C vitam\u012bna koncentr\u0101cija nodro\u0161ina sp\u0113c\u012bgu antioksidantu aizsardz\u012bbu, neitraliz\u0113 br\u012bvos radik\u0101\u013cus, nov\u0113r\u0161 foto noveco\u0161anu un padara \u0101du stingr\u0101ku un svaig\u0101ku.<\/p>\n<p data-start=\"456\" data-end=\"647\">Unik\u0101l\u0101 formula apvieno <strong data-start=\"480\" data-end=\"533\">15% t\u012bra C vitam\u012bna, hialuronsk\u0101bi un trisahar\u012bdu<\/strong>, kas darbojas siner\u0123ij\u0101: stimul\u0113 epidermas atjauno\u0161anos, atjauno mitruma l\u012bdzsvaru, izgaismo un revitaliz\u0113 \u0101du.<\/p>\n<p data-start=\"649\" data-end=\"874\">Produkts ir ar inovat\u012bvu \u201caktiviz\u0113t pirms lieto\u0161anas\u201d form\u0101tu: pulverveida C vitam\u012bna f\u0101ze tiek pievienota \u0161\u0137idrajai f\u0101zei tie\u0161i pirms lieto\u0161anas, nodro\u0161inot maksim\u0101lu stabilit\u0101ti un efektivit\u0101ti l\u012bdz pat uzkl\u0101\u0161anas br\u012bdim.<\/p>\n<p data-start=\"876\" data-end=\"901\"><strong data-start=\"876\" data-end=\"899\">Tilpums: 4 x 5,5 ml<\/strong><\/p>\n","protected":false},"excerpt":{"rendered":"<p data-start=\"1440\" data-end=\"1480\">Intens\u012bvs izgaismojo\u0161s sejas komplekss<\/p>\n<h2 data-start=\"1482\" data-end=\"1819\"><strong data-start=\"1482\" data-end=\"1540\">Mesoestetic &#8211; Age Element Brightening Complex \u012bpa\u0161\u012bbas<\/strong><\/h2>\n<p data-start=\"1482\" data-end=\"1819\">\u2714\ufe0f Satur 15% t\u012bra C vitam\u012bna intens\u012bvam mirdzumam<br data-start=\"1592\" data-end=\"1595\" \/>\u2714\ufe0f Aizsarg\u0101 pret foto noveco\u0161anu un saules boj\u0101jumiem<br data-start=\"1648\" data-end=\"1651\" \/>\u2714\ufe0f Hialuronsk\u0101be un trisahar\u012bds mitrina un atjauno \u0101du<br data-start=\"1705\" data-end=\"1708\" \/>\u2714\ufe0f Stimul\u0113 epidermas re\u0123ener\u0101ciju un izl\u012bdzina toni<br data-start=\"1759\" data-end=\"1762\" \/>\u2714\ufe0f Aktiviz\u0101cijas form\u0101ts saglab\u0101 maksim\u0101lu efektivit\u0101ti<\/p>\n","protected":false},"featured_media":67107,"template":"","meta":[],"pwb-brand":[1132],"product_brand":[],"product_cat":[729,723],"product_tag":[],"giftcard-category":[],"class_list":{"0":"post-51303","1":"product","2":"type-product","3":"status-publish","4":"has-post-thumbnail","6":"pwb-brand-mesoestetic","7":"product_cat-c-vitamins","8":"product_cat-serumi","10":"first","11":"instock","12":"sale","13":"taxable","14":"shipping-taxable","15":"purchasable","16":"product-type-simple"},"acf":[],"brands":[{"id":1132,"name":"Mesoestetic","slug":"mesoestetic"}],"_links":{"self":[{"href":"https:\/\/skinstudio.ee\/lv\/wp-json\/wp\/v2\/product\/51303","targetHints":{"allow":["GET"]}}],"collection":[{"href":"https:\/\/skinstudio.ee\/lv\/wp-json\/wp\/v2\/product"}],"about":[{"href":"https:\/\/skinstudio.ee\/lv\/wp-json\/wp\/v2\/types\/product"}],"version-history":[{"count":0,"href":"https:\/\/skinstudio.ee\/lv\/wp-json\/wp\/v2\/product\/51303\/revisions"}],"wp:featuredmedia":[{"embeddable":true,"href":"https:\/\/skinstudio.ee\/lv\/wp-json\/wp\/v2\/media\/67107"}],"wp:attachment":[{"href":"https:\/\/skinstudio.ee\/lv\/wp-json\/wp\/v2\/media?parent=51303"}],"wp:term":[{"taxonomy":"pwb-brand","embeddable":true,"href":"https:\/\/skinstudio.ee\/lv\/wp-json\/wp\/v2\/pwb-brand?post=51303"},{"taxonomy":"product_brand","embeddable":true,"href":"https:\/\/skinstudio.ee\/lv\/wp-json\/wp\/v2\/product_brand?post=51303"},{"taxonomy":"product_cat","embeddable":true,"href":"https:\/\/skinstudio.ee\/lv\/wp-json\/wp\/v2\/product_cat?post=51303"},{"taxonomy":"product_tag","embeddable":true,"href":"https:\/\/skinstudio.ee\/lv\/wp-json\/wp\/v2\/product_tag?post=51303"},{"taxonomy":"giftcard-category","embeddable":true,"href":"https:\/\/skinstudio.ee\/lv\/wp-json\/wp\/v2\/giftcard-category?post=51303"}],"curies":[{"name":"wp","href":"https:\/\/api.w.org\/{rel}","templated":true}]}}