{"id":51318,"date":"2025-09-20T09:33:00","date_gmt":"2025-09-20T09:33:00","guid":{"rendered":"https:\/\/skinstudio.ee\/?post_type=product&#038;p=51318"},"modified":"2025-12-30T17:05:03","modified_gmt":"2025-12-30T17:05:03","slug":"age-element-firming-cream","status":"publish","type":"product","link":"https:\/\/skinstudio.ee\/lv\/catalog\/mesoestetic\/age-element-firming-cream\/","title":{"rendered":"Age Element Firming Cream"},"content":{"rendered":"<p data-start=\"134\" data-end=\"614\"><strong data-start=\"134\" data-end=\"175\">Mesoestetic Age Element Firming Cream<\/strong> ir jaun\u0101s paaudzes kr\u0113ms \u0101das liftingam un nostiprin\u0101\u0161anai. T\u0101 sast\u0101v\u0101 ir lipopet\u012bds Kyotorphin neirokosm\u0113tiskam liftingam, lup\u012bnas pept\u012bdi strukt\u016bras atbalstam un fitoakt\u012bvie savienojumi \u0101das savilk\u0161anai.<br data-start=\"381\" data-end=\"384\" \/>Lipopet\u012bdu tehnolo\u0123ija imit\u0113 neirotransmiteru darb\u012bbu, nodro\u0161inot t\u016bl\u012bt\u0113ju \u0101das savilk\u0161anu, bet lup\u012bnas pept\u012bdi stiprina kolag\u0113na strukt\u016bru. Kl\u012bniski pier\u0101d\u012bts: p\u0113c 28 dien\u0101m regul\u0101ras lieto\u0161anas \u0101das elast\u012bba uzlabojas par 39%.<\/p>\n<p data-start=\"616\" data-end=\"636\"><strong data-start=\"616\" data-end=\"634\">Tilpums: 50 ml<\/strong><\/p>\n","protected":false},"excerpt":{"rendered":"<p data-start=\"854\" data-end=\"880\">Nostiprino\u0161s sejas kr\u0113ms<\/p>\n<h2 data-start=\"882\" data-end=\"1174\"><strong data-start=\"882\" data-end=\"934\">Mesoestetic &#8211; Age Element Firming Cream \u012bpa\u0161\u012bbas<\/strong><\/h2>\n<p data-start=\"882\" data-end=\"1174\">\u2714\ufe0f Nodro\u0161ina redzamu liftinga efektu<br data-start=\"973\" data-end=\"976\" \/>\u2714\ufe0f Stimul\u0113 kolag\u0113na sint\u0113zi un stiprina \u0101das strukt\u016bru<br data-start=\"1030\" data-end=\"1033\" \/>\u2714\ufe0f Padara \u0101du bl\u012bv\u0101ku un stingr\u0101ku<br data-start=\"1067\" data-end=\"1070\" \/>\u2714\ufe0f Nostiprina sejas kont\u016bru un samazina \u013cenganumu<br data-start=\"1119\" data-end=\"1122\" \/>\u2714\ufe0f Uzlabo \u0101das elast\u012bbu regul\u0101ras lieto\u0161anas laik\u0101<\/p>\n","protected":false},"featured_media":67102,"template":"","meta":[],"pwb-brand":[1132],"product_brand":[],"product_cat":[737,749],"product_tag":[],"giftcard-category":[],"class_list":{"0":"post-51318","1":"product","2":"type-product","3":"status-publish","4":"has-post-thumbnail","6":"pwb-brand-mesoestetic","7":"product_cat-mitrinasana","8":"product_cat-novecojosa-ada","10":"first","11":"instock","12":"taxable","13":"shipping-taxable","14":"purchasable","15":"product-type-simple"},"acf":[],"brands":[{"id":1132,"name":"Mesoestetic","slug":"mesoestetic"}],"_links":{"self":[{"href":"https:\/\/skinstudio.ee\/lv\/wp-json\/wp\/v2\/product\/51318","targetHints":{"allow":["GET"]}}],"collection":[{"href":"https:\/\/skinstudio.ee\/lv\/wp-json\/wp\/v2\/product"}],"about":[{"href":"https:\/\/skinstudio.ee\/lv\/wp-json\/wp\/v2\/types\/product"}],"version-history":[{"count":0,"href":"https:\/\/skinstudio.ee\/lv\/wp-json\/wp\/v2\/product\/51318\/revisions"}],"wp:featuredmedia":[{"embeddable":true,"href":"https:\/\/skinstudio.ee\/lv\/wp-json\/wp\/v2\/media\/67102"}],"wp:attachment":[{"href":"https:\/\/skinstudio.ee\/lv\/wp-json\/wp\/v2\/media?parent=51318"}],"wp:term":[{"taxonomy":"pwb-brand","embeddable":true,"href":"https:\/\/skinstudio.ee\/lv\/wp-json\/wp\/v2\/pwb-brand?post=51318"},{"taxonomy":"product_brand","embeddable":true,"href":"https:\/\/skinstudio.ee\/lv\/wp-json\/wp\/v2\/product_brand?post=51318"},{"taxonomy":"product_cat","embeddable":true,"href":"https:\/\/skinstudio.ee\/lv\/wp-json\/wp\/v2\/product_cat?post=51318"},{"taxonomy":"product_tag","embeddable":true,"href":"https:\/\/skinstudio.ee\/lv\/wp-json\/wp\/v2\/product_tag?post=51318"},{"taxonomy":"giftcard-category","embeddable":true,"href":"https:\/\/skinstudio.ee\/lv\/wp-json\/wp\/v2\/giftcard-category?post=51318"}],"curies":[{"name":"wp","href":"https:\/\/api.w.org\/{rel}","templated":true}]}}