{"id":51337,"date":"2025-09-21T08:47:26","date_gmt":"2025-09-21T08:47:26","guid":{"rendered":"https:\/\/skinstudio.ee\/?post_type=product&#038;p=51337"},"modified":"2025-12-30T17:05:03","modified_gmt":"2025-12-30T17:05:03","slug":"age-element-firming-eye-contour","status":"publish","type":"product","link":"https:\/\/skinstudio.ee\/lv\/catalog\/mesoestetic\/age-element-firming-eye-contour\/","title":{"rendered":"Age Element Firming Eye Contour"},"content":{"rendered":"<p data-start=\"134\" data-end=\"463\"><strong data-start=\"134\" data-end=\"181\">Mesoestetic Age Element Firming Eye Contour<\/strong> ir nostiprino\u0161a acu zonas kop\u0161ana ar sp\u0113c\u012bgu liftinga un tensoru efektu. T\u0101s formula ar biopolim\u0113riem nodro\u0161ina intens\u012bvu savilk\u0161anu, izl\u012bdzina mimikas l\u012bnijas un uzlabo aug\u0161\u0113j\u0101 plaksti\u0146a tonusu. Blue-stay koka ekstrakts pal\u012bdz mazin\u0101t tum\u0161os lokus un pie\u0161\u0137ir skatienam svaigumu.<\/p>\n<p data-start=\"465\" data-end=\"696\">Viegl\u0101 g\u0113la\u2013kr\u0113ma tekst\u016bra kop\u0101 ar keramikas aplikatoru sniedz pat\u012bkamu dzes\u0113jo\u0161u saj\u016btu, pastiprina liftinga efektu un samazina noguruma paz\u012bmes. Jau p\u0113c pirmaj\u0101m lieto\u0161anas reiz\u0113m skatiens k\u013c\u016bst atv\u0113rt\u0101ks, svaig\u0101ks un atp\u016bties.<\/p>\n<p data-start=\"698\" data-end=\"718\"><strong data-start=\"698\" data-end=\"716\">Tilpums: 15 ml<\/strong><\/p>\n","protected":false},"excerpt":{"rendered":"<p data-start=\"901\" data-end=\"925\">Nostiprino\u0161s acu kr\u0113ms<\/p>\n<h2 data-start=\"927\" data-end=\"1245\"><strong data-start=\"927\" data-end=\"985\">Mesoestetic &#8211; Age Element Firming Eye Contour \u012bpa\u0161\u012bbas<\/strong><\/h2>\n<p data-start=\"927\" data-end=\"1245\">\u2714\ufe0f Nodro\u0161ina redzamu liftingu un plaksti\u0146u tvirtumu<br data-start=\"1039\" data-end=\"1042\" \/>\u2714\ufe0f Izl\u012bdzina smalk\u0101s mimikas l\u012bnijas<br data-start=\"1078\" data-end=\"1081\" \/>\u2714\ufe0f Nostiprina aug\u0161\u0113jo plaksti\u0146u un uzlabo t\u0101 tonusu<br data-start=\"1132\" data-end=\"1135\" \/>\u2714\ufe0f Mazina tum\u0161os lokus un noguruma paz\u012bmes<br data-start=\"1177\" data-end=\"1180\" \/>\u2714\ufe0f Keramikas aplikators pastiprina dzes\u0113jo\u0161o un liftinga efektu<\/p>\n","protected":false},"featured_media":67097,"template":"","meta":[],"pwb-brand":[1132],"product_brand":[],"product_cat":[733],"product_tag":[],"giftcard-category":[],"class_list":{"0":"post-51337","1":"product","2":"type-product","3":"status-publish","4":"has-post-thumbnail","6":"pwb-brand-mesoestetic","7":"product_cat-ada-ap-acim","9":"first","10":"instock","11":"taxable","12":"shipping-taxable","13":"purchasable","14":"product-type-simple"},"acf":[],"brands":[{"id":1132,"name":"Mesoestetic","slug":"mesoestetic"}],"_links":{"self":[{"href":"https:\/\/skinstudio.ee\/lv\/wp-json\/wp\/v2\/product\/51337","targetHints":{"allow":["GET"]}}],"collection":[{"href":"https:\/\/skinstudio.ee\/lv\/wp-json\/wp\/v2\/product"}],"about":[{"href":"https:\/\/skinstudio.ee\/lv\/wp-json\/wp\/v2\/types\/product"}],"version-history":[{"count":0,"href":"https:\/\/skinstudio.ee\/lv\/wp-json\/wp\/v2\/product\/51337\/revisions"}],"wp:featuredmedia":[{"embeddable":true,"href":"https:\/\/skinstudio.ee\/lv\/wp-json\/wp\/v2\/media\/67097"}],"wp:attachment":[{"href":"https:\/\/skinstudio.ee\/lv\/wp-json\/wp\/v2\/media?parent=51337"}],"wp:term":[{"taxonomy":"pwb-brand","embeddable":true,"href":"https:\/\/skinstudio.ee\/lv\/wp-json\/wp\/v2\/pwb-brand?post=51337"},{"taxonomy":"product_brand","embeddable":true,"href":"https:\/\/skinstudio.ee\/lv\/wp-json\/wp\/v2\/product_brand?post=51337"},{"taxonomy":"product_cat","embeddable":true,"href":"https:\/\/skinstudio.ee\/lv\/wp-json\/wp\/v2\/product_cat?post=51337"},{"taxonomy":"product_tag","embeddable":true,"href":"https:\/\/skinstudio.ee\/lv\/wp-json\/wp\/v2\/product_tag?post=51337"},{"taxonomy":"giftcard-category","embeddable":true,"href":"https:\/\/skinstudio.ee\/lv\/wp-json\/wp\/v2\/giftcard-category?post=51337"}],"curies":[{"name":"wp","href":"https:\/\/api.w.org\/{rel}","templated":true}]}}