{"id":51353,"date":"2025-09-21T08:55:43","date_gmt":"2025-09-21T08:55:43","guid":{"rendered":"https:\/\/skinstudio.ee\/?post_type=product&#038;p=51353"},"modified":"2025-12-30T17:05:03","modified_gmt":"2025-12-30T17:05:03","slug":"age-element-firming-concentrate","status":"publish","type":"product","link":"https:\/\/skinstudio.ee\/lv\/catalog\/mesoestetic\/age-element-firming-concentrate\/","title":{"rendered":"Age Element Firming Concentrate"},"content":{"rendered":"<p data-start=\"121\" data-end=\"594\"><strong data-start=\"121\" data-end=\"168\">Mesoestetic Age Element Firming Concentrate<\/strong> ir jaud\u012bgs nostiprino\u0161s serums, kas paredz\u0113ts \u0101das elast\u012bbas atjauno\u0161anai un sejas kont\u016bru uzlabo\u0161anai. Tas iedarbojas vair\u0101kos l\u012bme\u0146os: stimul\u0113 kolag\u0113na un elast\u012bna sint\u0113zi, atbalsta dabisko \u0101das strukt\u016bru, stiprina to un redzami samazina \u013cenganuma paz\u012bmes. Pateicoties liftinga akt\u012bvaj\u0101m sast\u0101vda\u013c\u0101m un progres\u012bvajai tehnolo\u0123ijai, koncentr\u0101ts \u0101tri padara \u0101du bl\u012bv\u0101ku, stingr\u0101ku un pal\u012bdz atjaunot skaidrus sejas kont\u016brus.<\/p>\n<p data-start=\"596\" data-end=\"616\"><strong data-start=\"596\" data-end=\"614\">Tilpums: 30 ml<\/strong><\/p>\n","protected":false},"excerpt":{"rendered":"<p data-start=\"964\" data-end=\"997\">Nostiprino\u0161s koncentr\u0113ts serums<\/p>\n<h2 data-start=\"999\" data-end=\"1274\"><strong data-start=\"999\" data-end=\"1057\">Mesoestetic &#8211; Age Element Firming Concentrate \u012bpa\u0161\u012bbas<\/strong><\/h2>\n<p data-start=\"999\" data-end=\"1274\">\u2714\ufe0f Atjauno \u0101das tvirtumu un elast\u012bbu<br data-start=\"1096\" data-end=\"1099\" \/>\u2714\ufe0f Stimul\u0113 kolag\u0113na un elast\u012bna ra\u017eo\u0161anu<br data-start=\"1139\" data-end=\"1142\" \/>\u2714\ufe0f Nostiprina sejas kont\u016bras un uzlabo to skaidr\u012bbu<br data-start=\"1193\" data-end=\"1196\" \/>\u2714\ufe0f Nodro\u0161ina t\u016bl\u012bt\u0113ju liftinga efektu<br data-start=\"1233\" data-end=\"1236\" \/>\u2714\ufe0f Piem\u0113rots r\u012bta un vakara kop\u0161anai<\/p>\n","protected":false},"featured_media":67092,"template":"","meta":[],"pwb-brand":[1132],"product_brand":[],"product_cat":[749,723],"product_tag":[],"giftcard-category":[],"class_list":{"0":"post-51353","1":"product","2":"type-product","3":"status-publish","4":"has-post-thumbnail","6":"pwb-brand-mesoestetic","7":"product_cat-novecojosa-ada","8":"product_cat-serumi","10":"first","11":"instock","12":"sale","13":"taxable","14":"shipping-taxable","15":"purchasable","16":"product-type-simple"},"acf":[],"brands":[{"id":1132,"name":"Mesoestetic","slug":"mesoestetic"}],"_links":{"self":[{"href":"https:\/\/skinstudio.ee\/lv\/wp-json\/wp\/v2\/product\/51353","targetHints":{"allow":["GET"]}}],"collection":[{"href":"https:\/\/skinstudio.ee\/lv\/wp-json\/wp\/v2\/product"}],"about":[{"href":"https:\/\/skinstudio.ee\/lv\/wp-json\/wp\/v2\/types\/product"}],"version-history":[{"count":0,"href":"https:\/\/skinstudio.ee\/lv\/wp-json\/wp\/v2\/product\/51353\/revisions"}],"wp:featuredmedia":[{"embeddable":true,"href":"https:\/\/skinstudio.ee\/lv\/wp-json\/wp\/v2\/media\/67092"}],"wp:attachment":[{"href":"https:\/\/skinstudio.ee\/lv\/wp-json\/wp\/v2\/media?parent=51353"}],"wp:term":[{"taxonomy":"pwb-brand","embeddable":true,"href":"https:\/\/skinstudio.ee\/lv\/wp-json\/wp\/v2\/pwb-brand?post=51353"},{"taxonomy":"product_brand","embeddable":true,"href":"https:\/\/skinstudio.ee\/lv\/wp-json\/wp\/v2\/product_brand?post=51353"},{"taxonomy":"product_cat","embeddable":true,"href":"https:\/\/skinstudio.ee\/lv\/wp-json\/wp\/v2\/product_cat?post=51353"},{"taxonomy":"product_tag","embeddable":true,"href":"https:\/\/skinstudio.ee\/lv\/wp-json\/wp\/v2\/product_tag?post=51353"},{"taxonomy":"giftcard-category","embeddable":true,"href":"https:\/\/skinstudio.ee\/lv\/wp-json\/wp\/v2\/giftcard-category?post=51353"}],"curies":[{"name":"wp","href":"https:\/\/api.w.org\/{rel}","templated":true}]}}