{"id":51369,"date":"2025-09-21T09:10:41","date_gmt":"2025-09-21T09:10:41","guid":{"rendered":"https:\/\/skinstudio.ee\/?post_type=product&#038;p=51369"},"modified":"2025-12-30T17:05:03","modified_gmt":"2025-12-30T17:05:03","slug":"age-element-firming-elixir","status":"publish","type":"product","link":"https:\/\/skinstudio.ee\/lv\/catalog\/mesoestetic\/age-element-firming-elixir\/","title":{"rendered":"Age Element Firming Elixir"},"content":{"rendered":"<p data-start=\"118\" data-end=\"499\"><strong data-start=\"118\" data-end=\"160\">Mesoestetic Age Element Firming Elixir<\/strong> ir inovat\u012bvs uztura bag\u0101tin\u0101t\u0101js, kura pamat\u0101 ir hidroliz\u0113ts j\u016bras kolag\u0113ns, izstr\u0101d\u0101ts, lai atjaunotu \u0101das tvirtumu un pasarg\u0101tu to no redzam\u0101m noveco\u0161an\u0101s paz\u012bm\u0113m. Katra deva satur <strong data-start=\"344\" data-end=\"388\">10 g augstas kvalit\u0101tes kolag\u0113na pept\u012bdu<\/strong>, kas stimul\u0113 dabisko kolag\u0113na sint\u0113zi un nov\u0113r\u0161 t\u0101 no\u0101rd\u012b\u0161anos, saglab\u0101jot \u0101du stingru, gludu un jaunekl\u012bgu.<\/p>\n<p data-start=\"501\" data-end=\"705\">Formula ir bag\u0101tin\u0101ta ar <strong data-start=\"526\" data-end=\"543\">hialuronsk\u0101bi<\/strong> intens\u012bvai mitrin\u0101\u0161anai, k\u0101 ar\u012b ar <strong data-start=\"579\" data-end=\"625\">a\u00e7a\u00ed un likop\u0113na antioksidantu ekstraktiem<\/strong>, kas samazina oksidat\u012bvo stresu un aizsarg\u0101 \u0101du no br\u012bvo radik\u0101\u013cu boj\u0101jumiem.<\/p>\n<p data-start=\"707\" data-end=\"901\">Eliks\u012bram ir pat\u012bkama mandar\u012bna un kazenes gar\u0161a, un tas nesatur cukuru, padarot to par ide\u0101lu ikdienas skaistumkop\u0161anas ritu\u0101lu tiem, kas v\u0113las uztur\u0113t jaunekl\u012bgu un stingru \u0101du no iek\u0161puses.<\/p>\n<p data-start=\"903\" data-end=\"927\"><strong data-start=\"903\" data-end=\"925\">Tilpums: 6 x 30 ml<\/strong><\/p>\n","protected":false},"excerpt":{"rendered":"<p data-start=\"974\" data-end=\"1006\">Nostiprino\u0161s fitoeliks\u012brs \u0101dai<\/p>\n<h2 data-start=\"1008\" data-end=\"1323\"><strong data-start=\"1008\" data-end=\"1061\">Mesoestetic &#8211; Age Element Firming Elixir \u012bpa\u0161\u012bbas<\/strong><\/h2>\n<p data-start=\"1008\" data-end=\"1323\">\u2714\ufe0f Satur 10 g hidroliz\u0113ta j\u016bras kolag\u0113na<br data-start=\"1104\" data-end=\"1107\" \/>\u2714\ufe0f Stimul\u0113 kolag\u0113na sint\u0113zi un pasarg\u0101 no no\u0101rd\u012b\u0161an\u0101s<br data-start=\"1160\" data-end=\"1163\" \/>\u2714\ufe0f Hialuronsk\u0101be nodro\u0161ina intens\u012bvu mitrin\u0101\u0161anu<br data-start=\"1211\" data-end=\"1214\" \/>\u2714\ufe0f A\u00e7a\u00ed un likop\u0113na ekstrakti mazina oksidat\u012bvo stresu<br data-start=\"1268\" data-end=\"1271\" \/>\u2714\ufe0f Pat\u012bkama mandar\u012bna un kazenes gar\u0161a, bez cukura<\/p>\n","protected":false},"featured_media":67087,"template":"","meta":[],"pwb-brand":[1132],"product_brand":[],"product_cat":[749,723],"product_tag":[],"giftcard-category":[],"class_list":{"0":"post-51369","1":"product","2":"type-product","3":"status-publish","4":"has-post-thumbnail","6":"pwb-brand-mesoestetic","7":"product_cat-novecojosa-ada","8":"product_cat-serumi","10":"first","11":"instock","12":"taxable","13":"shipping-taxable","14":"purchasable","15":"product-type-simple"},"acf":[],"brands":[{"id":1132,"name":"Mesoestetic","slug":"mesoestetic"}],"_links":{"self":[{"href":"https:\/\/skinstudio.ee\/lv\/wp-json\/wp\/v2\/product\/51369","targetHints":{"allow":["GET"]}}],"collection":[{"href":"https:\/\/skinstudio.ee\/lv\/wp-json\/wp\/v2\/product"}],"about":[{"href":"https:\/\/skinstudio.ee\/lv\/wp-json\/wp\/v2\/types\/product"}],"version-history":[{"count":0,"href":"https:\/\/skinstudio.ee\/lv\/wp-json\/wp\/v2\/product\/51369\/revisions"}],"wp:featuredmedia":[{"embeddable":true,"href":"https:\/\/skinstudio.ee\/lv\/wp-json\/wp\/v2\/media\/67087"}],"wp:attachment":[{"href":"https:\/\/skinstudio.ee\/lv\/wp-json\/wp\/v2\/media?parent=51369"}],"wp:term":[{"taxonomy":"pwb-brand","embeddable":true,"href":"https:\/\/skinstudio.ee\/lv\/wp-json\/wp\/v2\/pwb-brand?post=51369"},{"taxonomy":"product_brand","embeddable":true,"href":"https:\/\/skinstudio.ee\/lv\/wp-json\/wp\/v2\/product_brand?post=51369"},{"taxonomy":"product_cat","embeddable":true,"href":"https:\/\/skinstudio.ee\/lv\/wp-json\/wp\/v2\/product_cat?post=51369"},{"taxonomy":"product_tag","embeddable":true,"href":"https:\/\/skinstudio.ee\/lv\/wp-json\/wp\/v2\/product_tag?post=51369"},{"taxonomy":"giftcard-category","embeddable":true,"href":"https:\/\/skinstudio.ee\/lv\/wp-json\/wp\/v2\/giftcard-category?post=51369"}],"curies":[{"name":"wp","href":"https:\/\/api.w.org\/{rel}","templated":true}]}}