{"id":51385,"date":"2025-09-21T10:45:36","date_gmt":"2025-09-21T10:45:36","guid":{"rendered":"https:\/\/skinstudio.ee\/?post_type=product&#038;p=51385"},"modified":"2025-12-30T17:05:03","modified_gmt":"2025-12-30T17:05:03","slug":"age-element-anti-wrinkle-cream","status":"publish","type":"product","link":"https:\/\/skinstudio.ee\/lv\/catalog\/mesoestetic\/age-element-anti-wrinkle-cream\/","title":{"rendered":"Age Element Anti-Wrinkle Cream"},"content":{"rendered":"<p data-start=\"121\" data-end=\"416\"><strong data-start=\"121\" data-end=\"167\">Mesoestetic Age Element Anti-Wrinkle Cream<\/strong> ir restrukturiz\u0113jo\u0161s kr\u0113ms, kas izl\u012bdzina grumbas, atjauno \u0101du un pie\u0161\u0137ir tai gludu tekst\u016bru bez nepiln\u012bb\u0101m. Formula, kas bag\u0101ta ar re\u0123ener\u0113jo\u0161\u0101m akt\u012bvaj\u0101m viel\u0101m, iedarbojas uz grumb\u0101m to ra\u0161an\u0101s pamat\u0101, samazinot un kori\u0123\u0113jot to kop\u0113jo izskatu.<\/p>\n<p data-start=\"418\" data-end=\"662\">Kr\u0113ms satur ar\u012b <strong data-start=\"434\" data-end=\"458\">acetyl hexapeptide-1<\/strong>, kam piem\u012bt botoksa l\u012bdz\u012bga iedarb\u012bba \u2014 tas samazina dinamisk\u0101s grumbas un nodro\u0161ina t\u016bl\u012bt\u0113ji redzamus rezult\u0101tus. T\u0101 maig\u0101 kr\u0113mveida tekst\u016bra ir \u0113rta uz \u0101das, \u0101tri ies\u016bcas un neatst\u0101j taukainu saj\u016btu.<\/p>\n<p data-start=\"664\" data-end=\"684\"><strong data-start=\"664\" data-end=\"682\">Tilpums: 50 ml<\/strong><\/p>\n","protected":false},"excerpt":{"rendered":"<p data-start=\"1068\" data-end=\"1106\">Restrukturiz\u0113jo\u0161s kr\u0113ms pret grumb\u0101m<\/p>\n<h2 data-start=\"1108\" data-end=\"1358\"><strong data-start=\"1108\" data-end=\"1165\">Mesoestetic &#8211; Age Element Anti-Wrinkle Cream \u012bpa\u0161\u012bbas<\/strong><\/h2>\n<p data-start=\"1108\" data-end=\"1358\">\u2714\ufe0f Izl\u012bdzina m\u012bmikas un vecuma grumbas<br data-start=\"1206\" data-end=\"1209\" \/>\u2714\ufe0f Uzlabo \u0101das tvirtumu un elast\u012bbu<br data-start=\"1244\" data-end=\"1247\" \/>\u2714\ufe0f Padara tekst\u016bru vienm\u0113r\u012bg\u0101ku un samazina nepiln\u012bbas<br data-start=\"1301\" data-end=\"1304\" \/>\u2714\ufe0f Atst\u0101j \u0101du maigu un svaigu bez taukainuma saj\u016btas<\/p>\n","protected":false},"featured_media":67082,"template":"","meta":[],"pwb-brand":[1132],"product_brand":[],"product_cat":[737,749],"product_tag":[],"giftcard-category":[],"class_list":{"0":"post-51385","1":"product","2":"type-product","3":"status-publish","4":"has-post-thumbnail","6":"pwb-brand-mesoestetic","7":"product_cat-mitrinasana","8":"product_cat-novecojosa-ada","10":"first","11":"instock","12":"taxable","13":"shipping-taxable","14":"purchasable","15":"product-type-simple"},"acf":[],"brands":[{"id":1132,"name":"Mesoestetic","slug":"mesoestetic"}],"_links":{"self":[{"href":"https:\/\/skinstudio.ee\/lv\/wp-json\/wp\/v2\/product\/51385","targetHints":{"allow":["GET"]}}],"collection":[{"href":"https:\/\/skinstudio.ee\/lv\/wp-json\/wp\/v2\/product"}],"about":[{"href":"https:\/\/skinstudio.ee\/lv\/wp-json\/wp\/v2\/types\/product"}],"version-history":[{"count":0,"href":"https:\/\/skinstudio.ee\/lv\/wp-json\/wp\/v2\/product\/51385\/revisions"}],"wp:featuredmedia":[{"embeddable":true,"href":"https:\/\/skinstudio.ee\/lv\/wp-json\/wp\/v2\/media\/67082"}],"wp:attachment":[{"href":"https:\/\/skinstudio.ee\/lv\/wp-json\/wp\/v2\/media?parent=51385"}],"wp:term":[{"taxonomy":"pwb-brand","embeddable":true,"href":"https:\/\/skinstudio.ee\/lv\/wp-json\/wp\/v2\/pwb-brand?post=51385"},{"taxonomy":"product_brand","embeddable":true,"href":"https:\/\/skinstudio.ee\/lv\/wp-json\/wp\/v2\/product_brand?post=51385"},{"taxonomy":"product_cat","embeddable":true,"href":"https:\/\/skinstudio.ee\/lv\/wp-json\/wp\/v2\/product_cat?post=51385"},{"taxonomy":"product_tag","embeddable":true,"href":"https:\/\/skinstudio.ee\/lv\/wp-json\/wp\/v2\/product_tag?post=51385"},{"taxonomy":"giftcard-category","embeddable":true,"href":"https:\/\/skinstudio.ee\/lv\/wp-json\/wp\/v2\/giftcard-category?post=51385"}],"curies":[{"name":"wp","href":"https:\/\/api.w.org\/{rel}","templated":true}]}}