{"id":52702,"date":"2025-10-02T14:25:10","date_gmt":"2025-10-02T14:25:10","guid":{"rendered":"https:\/\/skinstudio.ee\/?post_type=product&#038;p=52702"},"modified":"2025-12-24T12:25:55","modified_gmt":"2025-12-24T12:25:55","slug":"barrier-pro-serum-spray","status":"publish","type":"product","link":"https:\/\/skinstudio.ee\/lv\/catalog\/colorescience-lv\/barrier-pro-serum-spray\/","title":{"rendered":"Barrier Pro\u2122 Serum Spray"},"content":{"rendered":"<p data-start=\"132\" data-end=\"514\">Barrier Pro\u2122 Serum Spray ir inovat\u012bva jaun\u0101s paaudzes \u0101das kop\u0161ana, kas stiprina \u0101du no iek\u0161puses un pal\u012bdz tai c\u012bn\u012bties ar ikdienas stresu. Viegl\u0101 formula acumirkl\u012b atsvaidzina, atjauno vesel\u012bgu toni un dabisku mirdzumu. Produkts darbojas visaptvero\u0161i: pasarg\u0101 no apk\u0101rt\u0113j\u0101s vides ietekmes, aizkav\u0113 pirm\u0101s noveco\u0161an\u0101s paz\u012bmes, izl\u012bdzina s\u012bkas krunci\u0146as un uzlabo \u0101das elast\u012bbu.<\/p>\n<p data-start=\"516\" data-end=\"781\">Akt\u012bv\u0101s sast\u0101vda\u013cas stimul\u0113 dabisku D vitam\u012bna veido\u0161anos \u0101d\u0101, stiprinot t\u0101s aizsargmeh\u0101nismus un \u0101das barjeru. Unik\u0101la pre-, pro- un postbiotiku kombin\u0101cija atjauno mikrobioma l\u012bdzsvaru, uztur optim\u0101lu mitruma l\u012bmeni un pal\u012bdz saglab\u0101t \u0101das vesel\u012bbu un iztur\u012bbu.<\/p>\n<p data-start=\"783\" data-end=\"904\">Piem\u0113rots visiem \u0101das tipiem un ir neaizst\u0101jams ikdienas solis tiem, kuri v\u0113las uztur\u0113t svaigu, koptu un starojo\u0161u \u0101du.<\/p>\n<p data-start=\"906\" data-end=\"926\"><strong data-start=\"906\" data-end=\"924\">Tilpums: 75 ml<\/strong><\/p>\n","protected":false},"excerpt":{"rendered":"<p data-start=\"2253\" data-end=\"2341\">Mitrino\u0161s un aizsarg\u0101jo\u0161s seruma sprejs, kas stimul\u0113 dabisku D vitam\u012bna veido\u0161anos \u0101d\u0101<\/p>\n<h2 data-start=\"2343\" data-end=\"2729\"><strong data-start=\"2343\" data-end=\"2397\">Colorescience\u00ae &#8211; Barrier Pro\u2122 Serum Spray \u012bpa\u0161\u012bbas<\/strong><\/h2>\n<p data-start=\"2343\" data-end=\"2729\">\u2714\ufe0f Viegl\u0101 tekst\u016bra \u0101tri ies\u016bcas, neatst\u0101jot lip\u012bgumu<br data-start=\"2452\" data-end=\"2455\" \/>\u2714\ufe0f Nomierina jut\u012bgu un stresotu \u0101du<br data-start=\"2490\" data-end=\"2493\" \/>\u2714\ufe0f Sniedz t\u016bl\u012bt\u0113ju mitrin\u0101\u0161anu un starojo\u0161u izskatu<br data-start=\"2544\" data-end=\"2547\" \/>\u2714\ufe0f Stiprina \u0101das barjeru un veicina D vitam\u012bna veido\u0161anos<br data-start=\"2604\" data-end=\"2607\" \/>\u2714\ufe0f Nodro\u0161ina daudzsl\u0101\u0146ainu mitrin\u0101\u0161anu ar hialuronsk\u0101bi<br data-start=\"2662\" data-end=\"2665\" \/>\u2714\ufe0f Pastiprina \u0101das aizsardz\u012bbu pret apk\u0101rt\u0113j\u0101s vides faktoriem<\/p>\n","protected":false},"featured_media":52695,"template":"","meta":[],"pwb-brand":[1229],"product_brand":[],"product_cat":[745,737,749,739,723],"product_tag":[],"giftcard-category":[],"class_list":{"0":"post-52702","1":"product","2":"type-product","3":"status-publish","4":"has-post-thumbnail","6":"pwb-brand-colorescience-lv","7":"product_cat-jutigai-adai","8":"product_cat-mitrinasana","9":"product_cat-novecojosa-ada","10":"product_cat-sausai-adai","11":"product_cat-serumi","13":"first","14":"instock","15":"taxable","16":"shipping-taxable","17":"purchasable","18":"product-type-simple"},"acf":[],"brands":[{"id":1229,"name":"Colorescience","slug":"colorescience-lv"}],"_links":{"self":[{"href":"https:\/\/skinstudio.ee\/lv\/wp-json\/wp\/v2\/product\/52702","targetHints":{"allow":["GET"]}}],"collection":[{"href":"https:\/\/skinstudio.ee\/lv\/wp-json\/wp\/v2\/product"}],"about":[{"href":"https:\/\/skinstudio.ee\/lv\/wp-json\/wp\/v2\/types\/product"}],"version-history":[{"count":0,"href":"https:\/\/skinstudio.ee\/lv\/wp-json\/wp\/v2\/product\/52702\/revisions"}],"wp:featuredmedia":[{"embeddable":true,"href":"https:\/\/skinstudio.ee\/lv\/wp-json\/wp\/v2\/media\/52695"}],"wp:attachment":[{"href":"https:\/\/skinstudio.ee\/lv\/wp-json\/wp\/v2\/media?parent=52702"}],"wp:term":[{"taxonomy":"pwb-brand","embeddable":true,"href":"https:\/\/skinstudio.ee\/lv\/wp-json\/wp\/v2\/pwb-brand?post=52702"},{"taxonomy":"product_brand","embeddable":true,"href":"https:\/\/skinstudio.ee\/lv\/wp-json\/wp\/v2\/product_brand?post=52702"},{"taxonomy":"product_cat","embeddable":true,"href":"https:\/\/skinstudio.ee\/lv\/wp-json\/wp\/v2\/product_cat?post=52702"},{"taxonomy":"product_tag","embeddable":true,"href":"https:\/\/skinstudio.ee\/lv\/wp-json\/wp\/v2\/product_tag?post=52702"},{"taxonomy":"giftcard-category","embeddable":true,"href":"https:\/\/skinstudio.ee\/lv\/wp-json\/wp\/v2\/giftcard-category?post=52702"}],"curies":[{"name":"wp","href":"https:\/\/api.w.org\/{rel}","templated":true}]}}