{"id":52900,"date":"2025-10-03T13:30:19","date_gmt":"2025-10-03T13:30:19","guid":{"rendered":"https:\/\/skinstudio.ee\/?post_type=product&#038;p=52900"},"modified":"2025-12-30T17:05:04","modified_gmt":"2025-12-30T17:05:04","slug":"age-element-anti-wrinkle-night-cream","status":"publish","type":"product","link":"https:\/\/skinstudio.ee\/lv\/catalog\/mesoestetic\/age-element-anti-wrinkle-night-cream\/","title":{"rendered":"Age Element Anti-Wrinkle Night Cream"},"content":{"rendered":"<p data-start=\"184\" data-end=\"320\"><strong>Age Element Anti-wrinkle Night Cream<\/strong> ir nakts kr\u0113ms, kas \u012bpa\u0161i izstr\u0101d\u0101ts, lai samazin\u0101tu dzi\u013c\u0101s grumbas un atjaunotu \u0101du miega laik\u0101.<\/p>\n<p data-start=\"322\" data-end=\"615\">Lavandas ekstrakts aktiviz\u0113 nakts re\u0123ener\u0101cijas procesus, stimul\u0113jot olbaltumvielu sint\u0113zi, kas atbild par \u0101das atjauno\u0161anos, detoksik\u0101ciju un nostiprin\u0101\u0161anu. Kr\u0113ms optimiz\u0113 dabiskos atjauno\u0161an\u0101s meh\u0101nismus, iedarbojoties uz grumb\u0101m to ra\u0161an\u0101s viet\u0101 un pal\u012bdzot redzami samazin\u0101t to dzi\u013cumu.<\/p>\n<p data-start=\"617\" data-end=\"805\">T\u0101 bag\u0101t\u012bg\u0101, bet maiga tekst\u016bra ap\u0146em \u0101du ar komfortu, padarot kop\u0161anu \u012bpa\u0161i pat\u012bkamu nobriedu\u0161ai \u0101dai. No r\u012bta \u0101da izskat\u0101s glud\u0101ka, stingr\u0101ka un svaig\u0101ka, ar uzlabotu toni un elast\u012bbu.<\/p>\n<p data-start=\"807\" data-end=\"827\"><strong data-start=\"807\" data-end=\"819\">Tilpums:<\/strong> 50 ml<\/p>\n","protected":false},"excerpt":{"rendered":"<p data-start=\"976\" data-end=\"1033\">Nakts kr\u0113ms dzi\u013co grumbu mazin\u0101\u0161anai<\/p>\n<h2 data-start=\"1035\" data-end=\"1342\"><strong data-start=\"1035\" data-end=\"1098\">Mesoestetic &#8211; Age Element Anti-wrinkle Night Cream \u012bpa\u0161\u012bbas<\/strong><\/h2>\n<p data-start=\"1035\" data-end=\"1342\">\u2714\ufe0f Redzami samazina dzi\u013c\u0101s un mimikas grumbas<br data-start=\"1146\" data-end=\"1149\" \/>\u2714\ufe0f Aktiviz\u0113 \u0101das nakts atjauno\u0161anos<br data-start=\"1184\" data-end=\"1187\" \/>\u2714\ufe0f Nostiprina \u0101das strukt\u016bru un palielina bl\u012bvumu<br data-start=\"1236\" data-end=\"1239\" \/>\u2714\ufe0f Optimiz\u0113 detoksik\u0101cijas un atjauno\u0161an\u0101s procesus<br data-start=\"1290\" data-end=\"1293\" \/>\u2714\ufe0f Nodro\u0161ina r\u012bta svaigumu, gludumu un mirdzumu<\/p>\n","protected":false},"featured_media":52891,"template":"","meta":[],"pwb-brand":[1132],"product_brand":[],"product_cat":[737,749],"product_tag":[],"giftcard-category":[],"class_list":{"0":"post-52900","1":"product","2":"type-product","3":"status-publish","4":"has-post-thumbnail","6":"pwb-brand-mesoestetic","7":"product_cat-mitrinasana","8":"product_cat-novecojosa-ada","10":"first","11":"instock","12":"taxable","13":"shipping-taxable","14":"purchasable","15":"product-type-simple"},"acf":[],"brands":[{"id":1132,"name":"Mesoestetic","slug":"mesoestetic"}],"_links":{"self":[{"href":"https:\/\/skinstudio.ee\/lv\/wp-json\/wp\/v2\/product\/52900","targetHints":{"allow":["GET"]}}],"collection":[{"href":"https:\/\/skinstudio.ee\/lv\/wp-json\/wp\/v2\/product"}],"about":[{"href":"https:\/\/skinstudio.ee\/lv\/wp-json\/wp\/v2\/types\/product"}],"version-history":[{"count":0,"href":"https:\/\/skinstudio.ee\/lv\/wp-json\/wp\/v2\/product\/52900\/revisions"}],"wp:featuredmedia":[{"embeddable":true,"href":"https:\/\/skinstudio.ee\/lv\/wp-json\/wp\/v2\/media\/52891"}],"wp:attachment":[{"href":"https:\/\/skinstudio.ee\/lv\/wp-json\/wp\/v2\/media?parent=52900"}],"wp:term":[{"taxonomy":"pwb-brand","embeddable":true,"href":"https:\/\/skinstudio.ee\/lv\/wp-json\/wp\/v2\/pwb-brand?post=52900"},{"taxonomy":"product_brand","embeddable":true,"href":"https:\/\/skinstudio.ee\/lv\/wp-json\/wp\/v2\/product_brand?post=52900"},{"taxonomy":"product_cat","embeddable":true,"href":"https:\/\/skinstudio.ee\/lv\/wp-json\/wp\/v2\/product_cat?post=52900"},{"taxonomy":"product_tag","embeddable":true,"href":"https:\/\/skinstudio.ee\/lv\/wp-json\/wp\/v2\/product_tag?post=52900"},{"taxonomy":"giftcard-category","embeddable":true,"href":"https:\/\/skinstudio.ee\/lv\/wp-json\/wp\/v2\/giftcard-category?post=52900"}],"curies":[{"name":"wp","href":"https:\/\/api.w.org\/{rel}","templated":true}]}}