{"id":52918,"date":"2025-10-03T13:40:29","date_gmt":"2025-10-03T13:40:29","guid":{"rendered":"https:\/\/skinstudio.ee\/?post_type=product&#038;p=52918"},"modified":"2025-12-30T17:05:04","modified_gmt":"2025-12-30T17:05:04","slug":"age-element-anti-wrinkle-eye-contour","status":"publish","type":"product","link":"https:\/\/skinstudio.ee\/lv\/catalog\/mesoestetic\/age-element-anti-wrinkle-eye-contour\/","title":{"rendered":"Age Element Anti-wrinkle Eye Contour"},"content":{"rendered":"<p data-start=\"179\" data-end=\"488\">Age Element Anti-wrinkle Eye Contour ir inovat\u012bvs l\u012bdzeklis, kas izstr\u0101d\u0101ts, lai samazin\u0101tu grumbas un noguruma paz\u012bmes jut\u012bgaj\u0101 \u0101das zon\u0101 ap ac\u012bm. Formula iedarbojas uz grumbu c\u0113loni, izl\u012bdzinot pat visspilgt\u0101k\u0101s l\u012bnijas. T\u0101 pal\u012bdz mazin\u0101t tum\u0161os lokus un piet\u016bkumu, atjaunojot svaigu un atp\u016btu\u0161os izskatu.<\/p>\n<p data-start=\"490\" data-end=\"683\">Kr\u0113ms ir apr\u012bkots ar keramikas aplikatoru, kas nodro\u0161ina atv\u0113sino\u0161u efektu, pastiprina akt\u012bvo sast\u0101vda\u013cu iedarb\u012bbu un acumirkl\u012b mazina noguruma saj\u016btu, padarot skatienu gai\u0161\u0101ku un mirdzo\u0161\u0101ku.<\/p>\n<p data-start=\"685\" data-end=\"705\"><strong data-start=\"685\" data-end=\"697\">Tilpums:<\/strong> 15 ml<\/p>\n","protected":false},"excerpt":{"rendered":"<p data-start=\"887\" data-end=\"930\">Acu kr\u0113ms pret grumb\u0101m<\/p>\n<h2 data-start=\"932\" data-end=\"1203\"><strong data-start=\"932\" data-end=\"995\">Mesoestetic &#8211; Age Element Anti-wrinkle Eye Contour \u012bpa\u0161\u012bbas<\/strong><\/h2>\n<p data-start=\"932\" data-end=\"1203\">\u2714\ufe0f Izl\u012bdzina grumbas un l\u012bnijas ap ac\u012bm<br data-start=\"1037\" data-end=\"1040\" \/>\u2714\ufe0f Pal\u012bdz samazin\u0101t tum\u0161os lokus un piet\u016bkumu<br data-start=\"1085\" data-end=\"1088\" \/>\u2714\ufe0f Nodro\u0161ina vieglu atv\u0113sino\u0161u efektu<br data-start=\"1125\" data-end=\"1128\" \/>\u2714\ufe0f Padara \u0101du vienm\u0113r\u012bg\u0101ku un svaig\u0101ku<br data-start=\"1166\" data-end=\"1169\" \/>\u2714\ufe0f Piem\u0113rots ikdienas lieto\u0161anai<\/p>\n","protected":false},"featured_media":67077,"template":"","meta":[],"pwb-brand":[1132],"product_brand":[],"product_cat":[733],"product_tag":[],"giftcard-category":[],"class_list":{"0":"post-52918","1":"product","2":"type-product","3":"status-publish","4":"has-post-thumbnail","6":"pwb-brand-mesoestetic","7":"product_cat-ada-ap-acim","9":"first","10":"instock","11":"sale","12":"taxable","13":"shipping-taxable","14":"purchasable","15":"product-type-simple"},"acf":[],"brands":[{"id":1132,"name":"Mesoestetic","slug":"mesoestetic"}],"_links":{"self":[{"href":"https:\/\/skinstudio.ee\/lv\/wp-json\/wp\/v2\/product\/52918","targetHints":{"allow":["GET"]}}],"collection":[{"href":"https:\/\/skinstudio.ee\/lv\/wp-json\/wp\/v2\/product"}],"about":[{"href":"https:\/\/skinstudio.ee\/lv\/wp-json\/wp\/v2\/types\/product"}],"version-history":[{"count":0,"href":"https:\/\/skinstudio.ee\/lv\/wp-json\/wp\/v2\/product\/52918\/revisions"}],"wp:featuredmedia":[{"embeddable":true,"href":"https:\/\/skinstudio.ee\/lv\/wp-json\/wp\/v2\/media\/67077"}],"wp:attachment":[{"href":"https:\/\/skinstudio.ee\/lv\/wp-json\/wp\/v2\/media?parent=52918"}],"wp:term":[{"taxonomy":"pwb-brand","embeddable":true,"href":"https:\/\/skinstudio.ee\/lv\/wp-json\/wp\/v2\/pwb-brand?post=52918"},{"taxonomy":"product_brand","embeddable":true,"href":"https:\/\/skinstudio.ee\/lv\/wp-json\/wp\/v2\/product_brand?post=52918"},{"taxonomy":"product_cat","embeddable":true,"href":"https:\/\/skinstudio.ee\/lv\/wp-json\/wp\/v2\/product_cat?post=52918"},{"taxonomy":"product_tag","embeddable":true,"href":"https:\/\/skinstudio.ee\/lv\/wp-json\/wp\/v2\/product_tag?post=52918"},{"taxonomy":"giftcard-category","embeddable":true,"href":"https:\/\/skinstudio.ee\/lv\/wp-json\/wp\/v2\/giftcard-category?post=52918"}],"curies":[{"name":"wp","href":"https:\/\/api.w.org\/{rel}","templated":true}]}}