{"id":52934,"date":"2025-10-03T13:56:35","date_gmt":"2025-10-03T13:56:35","guid":{"rendered":"https:\/\/skinstudio.ee\/?post_type=product&#038;p=52934"},"modified":"2025-12-30T17:05:04","modified_gmt":"2025-12-30T17:05:04","slug":"age-element-anti-wrinkle-concentrate","status":"publish","type":"product","link":"https:\/\/skinstudio.ee\/lv\/catalog\/mesoestetic\/age-element-anti-wrinkle-concentrate\/","title":{"rendered":"Age Element Anti-Wrinkle Concentrate"},"content":{"rendered":"<p data-start=\"180\" data-end=\"431\">Age Element Anti-Wrinkle Concentrate ir intens\u012bvs serums, kas izstr\u0101d\u0101ts, lai c\u012bn\u012btos ar izteikt\u0101m grumb\u0101m un noveco\u0161an\u0101s paz\u012bm\u0113m. Tas stimul\u0113 \u0101das dab\u012bg\u0101 kolag\u0113na ra\u017eo\u0161anu, atjauno \u0161\u0137iedras un redzami izl\u012bdzina \u0101du, padarot grumbas maz\u0101k paman\u0101mas.<\/p>\n<p data-start=\"433\" data-end=\"645\">Ar hialuronsk\u0101bi bag\u0101tin\u0101t\u0101 formula pal\u012bdz aizpild\u012bt m\u012bmikas l\u012bnijas, uzlabot \u0101das tekst\u016bru un atjaunot jaunekl\u012bg\u0101ku un svaig\u0101ku izskatu. Viegl\u0101 tekst\u016bra \u0101tri uzs\u016bcas, atst\u0101jot \u0101du mitrin\u0101tu, gludu un elast\u012bgu.<\/p>\n<p data-start=\"647\" data-end=\"667\"><strong data-start=\"647\" data-end=\"659\">Tilpums:<\/strong> 30 ml<\/p>\n<p data-start=\"1897\" data-end=\"2157\">\n","protected":false},"excerpt":{"rendered":"<p data-start=\"925\" data-end=\"982\">Intens\u012bvs serums pret dzi\u013c\u0101m grumb\u0101m<\/p>\n<h2 data-start=\"984\" data-end=\"1289\"><strong data-start=\"984\" data-end=\"1047\">Mesoestetic &#8211; Age Element Anti-Wrinkle Concentrate \u012bpa\u0161\u012bbas<\/strong><\/h2>\n<p data-start=\"984\" data-end=\"1289\">\u2714\ufe0f Stimul\u0113 dab\u012bg\u0101 kolag\u0113na veido\u0161anos<br data-start=\"1087\" data-end=\"1090\" \/>\u2714\ufe0f Izl\u012bdzina grumbas un m\u012bmikas l\u012bnijas<br data-start=\"1129\" data-end=\"1132\" \/>\u2714\ufe0f Aizpilda m\u012bmikas krokas un rievas<br data-start=\"1168\" data-end=\"1171\" \/>\u2714\ufe0f Uzlabo \u0101das tekst\u016bru un bl\u012bvumu<br data-start=\"1247\" data-end=\"1250\" \/>\u2714\ufe0f Mitrina un palielina \u0101das elast\u012bbu<\/p>\n","protected":false},"featured_media":67072,"template":"","meta":[],"pwb-brand":[1132],"product_brand":[],"product_cat":[749,723],"product_tag":[],"giftcard-category":[],"class_list":{"0":"post-52934","1":"product","2":"type-product","3":"status-publish","4":"has-post-thumbnail","6":"pwb-brand-mesoestetic","7":"product_cat-novecojosa-ada","8":"product_cat-serumi","10":"first","11":"instock","12":"taxable","13":"shipping-taxable","14":"purchasable","15":"product-type-simple"},"acf":[],"brands":[{"id":1132,"name":"Mesoestetic","slug":"mesoestetic"}],"_links":{"self":[{"href":"https:\/\/skinstudio.ee\/lv\/wp-json\/wp\/v2\/product\/52934","targetHints":{"allow":["GET"]}}],"collection":[{"href":"https:\/\/skinstudio.ee\/lv\/wp-json\/wp\/v2\/product"}],"about":[{"href":"https:\/\/skinstudio.ee\/lv\/wp-json\/wp\/v2\/types\/product"}],"version-history":[{"count":0,"href":"https:\/\/skinstudio.ee\/lv\/wp-json\/wp\/v2\/product\/52934\/revisions"}],"wp:featuredmedia":[{"embeddable":true,"href":"https:\/\/skinstudio.ee\/lv\/wp-json\/wp\/v2\/media\/67072"}],"wp:attachment":[{"href":"https:\/\/skinstudio.ee\/lv\/wp-json\/wp\/v2\/media?parent=52934"}],"wp:term":[{"taxonomy":"pwb-brand","embeddable":true,"href":"https:\/\/skinstudio.ee\/lv\/wp-json\/wp\/v2\/pwb-brand?post=52934"},{"taxonomy":"product_brand","embeddable":true,"href":"https:\/\/skinstudio.ee\/lv\/wp-json\/wp\/v2\/product_brand?post=52934"},{"taxonomy":"product_cat","embeddable":true,"href":"https:\/\/skinstudio.ee\/lv\/wp-json\/wp\/v2\/product_cat?post=52934"},{"taxonomy":"product_tag","embeddable":true,"href":"https:\/\/skinstudio.ee\/lv\/wp-json\/wp\/v2\/product_tag?post=52934"},{"taxonomy":"giftcard-category","embeddable":true,"href":"https:\/\/skinstudio.ee\/lv\/wp-json\/wp\/v2\/giftcard-category?post=52934"}],"curies":[{"name":"wp","href":"https:\/\/api.w.org\/{rel}","templated":true}]}}