{"id":52997,"date":"2025-10-05T08:52:26","date_gmt":"2025-10-05T08:52:26","guid":{"rendered":"https:\/\/skinstudio.ee\/?post_type=product&#038;p=52997"},"modified":"2025-12-30T17:05:04","modified_gmt":"2025-12-30T17:05:04","slug":"age-element-anti-wrinkle-lip-contour","status":"publish","type":"product","link":"https:\/\/skinstudio.ee\/lv\/catalog\/mesoestetic\/age-element-anti-wrinkle-lip-contour\/","title":{"rendered":"Age Element Anti-Wrinkle Lip &#038; Contour"},"content":{"rendered":"<p data-start=\"221\" data-end=\"493\">Age Element Anti-Wrinkle Lip &amp; Contour ir inovat\u012bvs l\u012bdzeklis, kas paredz\u0113ts l\u016bpu jaun\u012bbas atjauno\u0161anai un grumbu samazin\u0101\u0161anai ap mutes zonu. Formula ar hialuronsk\u0101bi un j\u016bras biotehnolo\u0123isko ekstraktu intens\u012bvi mitrina, stimul\u0113 kolag\u0113na sint\u0113zi un uzlabo \u0101das bl\u012bvumu.<\/p>\n<p data-start=\"495\" data-end=\"763\">Produkts pie\u0161\u0137ir l\u016bp\u0101m apjomu, izl\u012bdzina l\u012bnijas un grumbas, padarot l\u016bpu kont\u016bru izteikt\u0101ku, kopt\u0101ku un jaunekl\u012bg\u0101ku. Keramikas aplikators ar atv\u0113sino\u0161u efektu nomierina \u0101du un uzlabo akt\u012bvo sast\u0101vda\u013cu iedarb\u012bbu, nodro\u0161inot pat\u012bkamu un efekt\u012bvu lieto\u0161anas pieredzi.<\/p>\n<p data-start=\"765\" data-end=\"785\"><strong data-start=\"765\" data-end=\"777\">Tilpums:<\/strong> 15 ml<\/p>\n","protected":false},"excerpt":{"rendered":"<p data-start=\"1474\" data-end=\"1535\">Koncentr\u0113ts kr\u0113ms l\u016bpu kont\u016bras kop\u0161anai<\/p>\n<h2 data-start=\"1537\" data-end=\"1784\"><strong data-start=\"1537\" data-end=\"1602\">Mesoestetic &#8211; Age Element Anti-Wrinkle Lip &amp; Contour \u012bpa\u0161\u012bbas<\/strong><\/h2>\n<p data-start=\"1537\" data-end=\"1784\">\u2714\ufe0f Pie\u0161\u0137ir l\u016bp\u0101m apjomu un formu<br data-start=\"1637\" data-end=\"1640\" \/>\u2714\ufe0f Izl\u012bdzina s\u012bkas un dzi\u013c\u0101kas grumbas<br data-start=\"1678\" data-end=\"1681\" \/>\u2714\ufe0f Stimul\u0113 kolag\u0113na sint\u0113zi<br data-start=\"1708\" data-end=\"1711\" \/>\u2714\ufe0f Uzlabo \u0101das tekst\u016bru ap l\u016bp\u0101m<br data-start=\"1743\" data-end=\"1746\" \/>\u2714\ufe0f Intens\u012bvi mitrina un m\u012bkstina \u0101du<\/p>\n","protected":false},"featured_media":67067,"template":"","meta":[],"pwb-brand":[1132],"product_brand":[],"product_cat":[759,749],"product_tag":[],"giftcard-category":[],"class_list":{"0":"post-52997","1":"product","2":"type-product","3":"status-publish","4":"has-post-thumbnail","6":"pwb-brand-mesoestetic","7":"product_cat-lupu-kopsana","8":"product_cat-novecojosa-ada","10":"first","11":"instock","12":"taxable","13":"shipping-taxable","14":"purchasable","15":"product-type-simple"},"acf":[],"brands":[{"id":1132,"name":"Mesoestetic","slug":"mesoestetic"}],"_links":{"self":[{"href":"https:\/\/skinstudio.ee\/lv\/wp-json\/wp\/v2\/product\/52997","targetHints":{"allow":["GET"]}}],"collection":[{"href":"https:\/\/skinstudio.ee\/lv\/wp-json\/wp\/v2\/product"}],"about":[{"href":"https:\/\/skinstudio.ee\/lv\/wp-json\/wp\/v2\/types\/product"}],"version-history":[{"count":0,"href":"https:\/\/skinstudio.ee\/lv\/wp-json\/wp\/v2\/product\/52997\/revisions"}],"wp:featuredmedia":[{"embeddable":true,"href":"https:\/\/skinstudio.ee\/lv\/wp-json\/wp\/v2\/media\/67067"}],"wp:attachment":[{"href":"https:\/\/skinstudio.ee\/lv\/wp-json\/wp\/v2\/media?parent=52997"}],"wp:term":[{"taxonomy":"pwb-brand","embeddable":true,"href":"https:\/\/skinstudio.ee\/lv\/wp-json\/wp\/v2\/pwb-brand?post=52997"},{"taxonomy":"product_brand","embeddable":true,"href":"https:\/\/skinstudio.ee\/lv\/wp-json\/wp\/v2\/product_brand?post=52997"},{"taxonomy":"product_cat","embeddable":true,"href":"https:\/\/skinstudio.ee\/lv\/wp-json\/wp\/v2\/product_cat?post=52997"},{"taxonomy":"product_tag","embeddable":true,"href":"https:\/\/skinstudio.ee\/lv\/wp-json\/wp\/v2\/product_tag?post=52997"},{"taxonomy":"giftcard-category","embeddable":true,"href":"https:\/\/skinstudio.ee\/lv\/wp-json\/wp\/v2\/giftcard-category?post=52997"}],"curies":[{"name":"wp","href":"https:\/\/api.w.org\/{rel}","templated":true}]}}