{"id":53015,"date":"2025-10-05T09:05:47","date_gmt":"2025-10-05T09:05:47","guid":{"rendered":"https:\/\/skinstudio.ee\/?post_type=product&#038;p=53015"},"modified":"2025-12-30T17:05:04","modified_gmt":"2025-12-30T17:05:04","slug":"skinretin-03","status":"publish","type":"product","link":"https:\/\/skinstudio.ee\/lv\/catalog\/mesoestetic\/skinretin-03\/","title":{"rendered":"Skinretin 0,3%"},"content":{"rendered":"<p data-start=\"41\" data-end=\"354\">Skinretin 0.3% ir \u013coti efekt\u012bvs, bet maigs retinola serums, kas pal\u012bdz uzlabot \u0101das tekst\u016bru, samazina s\u012bk\u0101s grumbi\u0146as un pie\u0161\u0137ir vesel\u012bgu mirdzumu. L\u012bdzsvarot\u0101 0,3% retinola koncentr\u0101cija stimul\u0113 kolag\u0113na ra\u017eo\u0161anu, uzlabo \u0101das elast\u012bbu un samazina pigment\u0101ciju, vienlaikus saglab\u0101jot komfortu pat jut\u012bgai \u0101dai.<\/p>\n<p data-start=\"356\" data-end=\"567\">Ide\u0101li piem\u0113rots tiem, kas tikai s\u0101k lietot retinolu vai mekl\u0113 maig\u0101ku variantu. Skinretin 0.3% sniedz redzamu atjaunojo\u0161u un pretnoveco\u0161an\u0101s efektu bez kairin\u0101juma, padarot \u0101du gludu, svaigu un kopta izskata.<\/p>\n<p data-start=\"569\" data-end=\"1003\"><strong data-start=\"569\" data-end=\"593\">Akt\u012bv\u0101s sast\u0101vda\u013cas:<\/strong><\/p>\n<ul>\n<li data-start=\"569\" data-end=\"1003\"><strong data-start=\"598\" data-end=\"617\">Retinols (0,3%)<\/strong> \u2013 Stimul\u0113 \u0161\u016bnu atjauno\u0161anos, izl\u012bdzina smalkas grumbi\u0146as un uzlabo \u0101das tekst\u016bru.<\/li>\n<li data-start=\"569\" data-end=\"1003\"><strong data-start=\"704\" data-end=\"718\">Bakuchiols<\/strong> \u2013 Dab\u012bga retinola alternat\u012bva, kas pastiprina iedarb\u012bbu un mazina kairin\u0101juma risku.<\/li>\n<li data-start=\"569\" data-end=\"1003\"><strong data-start=\"808\" data-end=\"837\">Niacinam\u012bds (vitam\u012bns B3)<\/strong> \u2013 Nostiprina \u0101das aizsargbarjeru, samazina aps\u0101rtumu un uzlabo mitrin\u0101\u0161anu.<\/li>\n<li data-start=\"569\" data-end=\"1003\"><strong data-start=\"918\" data-end=\"929\">Pept\u012bdi<\/strong> \u2013 Uzlabo \u0101das elast\u012bbu un tvirtumu, pal\u012bdz saglab\u0101t jaunekl\u012bgu izskatu.<\/li>\n<\/ul>\n<p data-start=\"1005\" data-end=\"1201\">Piem\u0113rots jut\u012bgai, nobriedu\u0161ai vai nevienm\u0113r\u012bgai \u0101dai. Pal\u012bdz izl\u012bdzin\u0101t \u0101das toni, samazin\u0101t poras un mazin\u0101t pirm\u0101s noveco\u0161an\u0101s paz\u012bmes. Nav ieteicams gr\u016btniec\u012bbas laik\u0101 vai \u013coti jut\u012bgai \u0101dai.<\/p>\n<p data-start=\"1203\" data-end=\"1223\"><strong data-start=\"1203\" data-end=\"1215\">Tilpums:<\/strong> 50 ml<\/p>\n","protected":false},"excerpt":{"rendered":"<p data-start=\"1555\" data-end=\"1608\">Akt\u012bvs retinola serums gludai un mirdzo\u0161ai \u0101dai<\/p>\n<h2 data-start=\"1610\" data-end=\"1851\"><strong data-start=\"1610\" data-end=\"1651\">Mesoestetic &#8211; Skinretin 0.3% \u012bpa\u0161\u012bbas<\/strong><\/h2>\n<p data-start=\"1610\" data-end=\"1851\">\u2714\ufe0f Stimul\u0113 \u0161\u016bnu atjauno\u0161anos un kolag\u0113na sint\u0113zi<br data-start=\"1702\" data-end=\"1705\" \/>\u2714\ufe0f Samazina smalkas grumbi\u0146as<br data-start=\"1734\" data-end=\"1737\" \/>\u2714\ufe0f Uzlabo \u0101das tekst\u016bru un toni<br data-start=\"1768\" data-end=\"1771\" \/>\u2714\ufe0f Samazina pigment\u0101ciju un izl\u012bdzina \u0101du<br data-start=\"1812\" data-end=\"1815\" \/>\u2714\ufe0f Nostiprina elast\u012bbu un tvirtumu<\/p>\n","protected":false},"featured_media":67062,"template":"","meta":[],"pwb-brand":[1132],"product_brand":[],"product_cat":[727,723],"product_tag":[],"giftcard-category":[],"class_list":{"0":"post-53015","1":"product","2":"type-product","3":"status-publish","4":"has-post-thumbnail","6":"pwb-brand-mesoestetic","7":"product_cat-a-vitamins-retinols","8":"product_cat-serumi","10":"first","11":"instock","12":"taxable","13":"shipping-taxable","14":"purchasable","15":"product-type-simple"},"acf":[],"brands":[{"id":1132,"name":"Mesoestetic","slug":"mesoestetic"}],"_links":{"self":[{"href":"https:\/\/skinstudio.ee\/lv\/wp-json\/wp\/v2\/product\/53015","targetHints":{"allow":["GET"]}}],"collection":[{"href":"https:\/\/skinstudio.ee\/lv\/wp-json\/wp\/v2\/product"}],"about":[{"href":"https:\/\/skinstudio.ee\/lv\/wp-json\/wp\/v2\/types\/product"}],"version-history":[{"count":0,"href":"https:\/\/skinstudio.ee\/lv\/wp-json\/wp\/v2\/product\/53015\/revisions"}],"wp:featuredmedia":[{"embeddable":true,"href":"https:\/\/skinstudio.ee\/lv\/wp-json\/wp\/v2\/media\/67062"}],"wp:attachment":[{"href":"https:\/\/skinstudio.ee\/lv\/wp-json\/wp\/v2\/media?parent=53015"}],"wp:term":[{"taxonomy":"pwb-brand","embeddable":true,"href":"https:\/\/skinstudio.ee\/lv\/wp-json\/wp\/v2\/pwb-brand?post=53015"},{"taxonomy":"product_brand","embeddable":true,"href":"https:\/\/skinstudio.ee\/lv\/wp-json\/wp\/v2\/product_brand?post=53015"},{"taxonomy":"product_cat","embeddable":true,"href":"https:\/\/skinstudio.ee\/lv\/wp-json\/wp\/v2\/product_cat?post=53015"},{"taxonomy":"product_tag","embeddable":true,"href":"https:\/\/skinstudio.ee\/lv\/wp-json\/wp\/v2\/product_tag?post=53015"},{"taxonomy":"giftcard-category","embeddable":true,"href":"https:\/\/skinstudio.ee\/lv\/wp-json\/wp\/v2\/giftcard-category?post=53015"}],"curies":[{"name":"wp","href":"https:\/\/api.w.org\/{rel}","templated":true}]}}