{"id":53032,"date":"2025-10-05T09:22:08","date_gmt":"2025-10-05T09:22:08","guid":{"rendered":"https:\/\/skinstudio.ee\/?post_type=product&#038;p=53032"},"modified":"2025-12-30T17:05:04","modified_gmt":"2025-12-30T17:05:04","slug":"proteoglycans-ampoules","status":"publish","type":"product","link":"https:\/\/skinstudio.ee\/lv\/catalog\/mesoestetic\/proteoglycans-ampoules\/","title":{"rendered":"Proteoglycans Ampoules"},"content":{"rendered":"<p data-start=\"49\" data-end=\"445\"><strong>Proteoglycans Ampoules<\/strong> ir profesion\u0101ls Sp\u0101nijas \u0101das kop\u0161anas l\u012bdzeklis, kas paredz\u0113ts intens\u012bvai mitrin\u0101\u0161anai, atjauno\u0161anai un mirdzumam visiem \u0101das tipiem. Formula apvieno proteoglik\u0101nus ar C un F vitam\u012bniem, nodro\u0161inot t\u016bl\u012bt\u0113ju liftinga efektu, uzlabojot \u0101das elast\u012bbu un tvirtumu, k\u0101 ar\u012b pie\u0161\u0137irot vesel\u012bgu, starojo\u0161u izskatu. Produkts dzi\u013ci baro un atjauno \u0101du, padarot to gludu un svaigu.<\/p>\n<p data-start=\"447\" data-end=\"629\">Ampulu forma saglab\u0101 akt\u012bvo sast\u0101vda\u013cu maksim\u0101lo efektivit\u0101ti un aizsarg\u0101 t\u0101s no oksid\u0113\u0161an\u0101s. \u0112rt\u0101 pipetes uzgal\u012b\u0161a forma nodro\u0161ina higi\u0113nisku un ekonomisku lieto\u0161anu bez zudumiem.<\/p>\n<p data-start=\"631\" data-end=\"761\">Ieteicams visiem \u0101das tipiem, \u012bpa\u0161i bl\u0101vai, noguru\u0161ai un nobriedu\u0161ai \u0101dai, kurai nepiecie\u0161ama mitrin\u0101\u0161ana un tonusa atjauno\u0161ana.<\/p>\n<p data-start=\"763\" data-end=\"787\"><strong data-start=\"763\" data-end=\"775\">Tilpums:<\/strong> 10 x 2 ml<\/p>\n","protected":false},"excerpt":{"rendered":"<p data-start=\"1502\" data-end=\"1535\">Intens\u012bvas liftinga ampulas<\/p>\n<h2 data-start=\"1537\" data-end=\"1794\"><strong data-start=\"1537\" data-end=\"1586\">Mesoestetic &#8211; Proteoglycans Ampoules \u012bpa\u0161\u012bbas<\/strong><\/h2>\n<p data-start=\"1537\" data-end=\"1794\">\u2714\ufe0f Intens\u012bvi mitrina visos \u0101das l\u012bme\u0146os<br data-start=\"1628\" data-end=\"1631\" \/>\u2714\ufe0f Nodro\u0161ina t\u016bl\u012bt\u0113ju liftinga un nostiprino\u0161u efektu<br data-start=\"1684\" data-end=\"1687\" \/>\u2714\ufe0f Uzlabo \u0101das elast\u012bbu un bl\u012bvumu<br data-start=\"1721\" data-end=\"1724\" \/>\u2714\ufe0f Izl\u012bdzina un izgaismo \u0101das toni<br data-start=\"1758\" data-end=\"1761\" \/>\u2714\ufe0f Baro un atjauno noguru\u0161u \u0101du<\/p>\n","protected":false},"featured_media":67056,"template":"","meta":[],"pwb-brand":[1132],"product_brand":[],"product_cat":[729,723],"product_tag":[],"giftcard-category":[],"class_list":{"0":"post-53032","1":"product","2":"type-product","3":"status-publish","4":"has-post-thumbnail","6":"pwb-brand-mesoestetic","7":"product_cat-c-vitamins","8":"product_cat-serumi","10":"first","11":"instock","12":"taxable","13":"shipping-taxable","14":"purchasable","15":"product-type-simple"},"acf":[],"brands":[{"id":1132,"name":"Mesoestetic","slug":"mesoestetic"}],"_links":{"self":[{"href":"https:\/\/skinstudio.ee\/lv\/wp-json\/wp\/v2\/product\/53032","targetHints":{"allow":["GET"]}}],"collection":[{"href":"https:\/\/skinstudio.ee\/lv\/wp-json\/wp\/v2\/product"}],"about":[{"href":"https:\/\/skinstudio.ee\/lv\/wp-json\/wp\/v2\/types\/product"}],"version-history":[{"count":0,"href":"https:\/\/skinstudio.ee\/lv\/wp-json\/wp\/v2\/product\/53032\/revisions"}],"wp:featuredmedia":[{"embeddable":true,"href":"https:\/\/skinstudio.ee\/lv\/wp-json\/wp\/v2\/media\/67056"}],"wp:attachment":[{"href":"https:\/\/skinstudio.ee\/lv\/wp-json\/wp\/v2\/media?parent=53032"}],"wp:term":[{"taxonomy":"pwb-brand","embeddable":true,"href":"https:\/\/skinstudio.ee\/lv\/wp-json\/wp\/v2\/pwb-brand?post=53032"},{"taxonomy":"product_brand","embeddable":true,"href":"https:\/\/skinstudio.ee\/lv\/wp-json\/wp\/v2\/product_brand?post=53032"},{"taxonomy":"product_cat","embeddable":true,"href":"https:\/\/skinstudio.ee\/lv\/wp-json\/wp\/v2\/product_cat?post=53032"},{"taxonomy":"product_tag","embeddable":true,"href":"https:\/\/skinstudio.ee\/lv\/wp-json\/wp\/v2\/product_tag?post=53032"},{"taxonomy":"giftcard-category","embeddable":true,"href":"https:\/\/skinstudio.ee\/lv\/wp-json\/wp\/v2\/giftcard-category?post=53032"}],"curies":[{"name":"wp","href":"https:\/\/api.w.org\/{rel}","templated":true}]}}