{"id":53049,"date":"2025-10-05T09:35:37","date_gmt":"2025-10-05T09:35:37","guid":{"rendered":"https:\/\/skinstudio.ee\/?post_type=product&#038;p=53049"},"modified":"2025-12-30T17:05:04","modified_gmt":"2025-12-30T17:05:04","slug":"antiaging-flash-ampoules","status":"publish","type":"product","link":"https:\/\/skinstudio.ee\/lv\/catalog\/mesoestetic\/antiaging-flash-ampoules\/","title":{"rendered":"Antiaging Flash Ampoules"},"content":{"rendered":"<p data-start=\"51\" data-end=\"459\"><strong>Antiaging Flash Ampoules<\/strong> ir intens\u012bvs pretnoveco\u0161an\u0101s l\u012bdzeklis, kas piem\u0113rots visiem \u0101das tipiem. T\u0101 progres\u012bv\u0101 formula visaptvero\u0161i iedarbojas pret noveco\u0161an\u0101s paz\u012bm\u0113m, nodro\u0161inot t\u016bl\u012bt\u0113ju liftinga efektu un svaiguma saj\u016btu. Pateicoties augstajai akt\u012bvo sast\u0101vda\u013cu koncentr\u0101cijai, l\u012bdzeklis redzami samazina krunci\u0146as un m\u012bmikas l\u012bnijas, uzlabo \u0101das elast\u012bbu un tvirtumu, atjaunojot gludumu un starojumu.<\/p>\n<p data-start=\"461\" data-end=\"690\">Viegl\u0101 tekst\u016bra \u0101tri ies\u016bcas, neatst\u0101jot lip\u012bgu saj\u016btu, bet atsevi\u0161\u0137\u0101s ampulas nodro\u0161ina prec\u012bzu devu un maksim\u0101lu akt\u012bvo vielu svaigumu. Tum\u0161ais stikls un sterils iepakojums garant\u0113 formulas dro\u0161\u012bbu un efektivit\u0101ti ilgtermi\u0146\u0101.<\/p>\n<p data-start=\"692\" data-end=\"716\"><strong data-start=\"692\" data-end=\"704\">Tilpums:<\/strong> 10 x 2 ml<\/p>\n","protected":false},"excerpt":{"rendered":"<p data-start=\"1656\" data-end=\"1713\">Pretnoveco\u0161an\u0101s ampulas ar t\u016bl\u012bt\u0113ju liftinga efektu<\/p>\n<h2 data-start=\"1715\" data-end=\"1974\"><strong data-start=\"1715\" data-end=\"1766\">Mesoestetic &#8211; Antiaging Flash Ampoules \u012bpa\u0161\u012bbas<\/strong><\/h2>\n<p data-start=\"1715\" data-end=\"1974\">\u2714\ufe0f Nodro\u0161ina t\u016bl\u012bt\u0113ju liftinga un svaiguma efektu<br data-start=\"1818\" data-end=\"1821\" \/>\u2714\ufe0f Samazina grumbi\u0146as un m\u012bmikas l\u012bnijas<br data-start=\"1861\" data-end=\"1864\" \/>\u2714\ufe0f Uzlabo \u0101das elast\u012bbu un tvirtumu<br data-start=\"1899\" data-end=\"1902\" \/>\u2714\ufe0f Pie\u0161\u0137ir \u0101dai mirdzumu un gludumu<br data-start=\"1937\" data-end=\"1940\" \/>\u2714\ufe0f Piem\u0113rotas visiem \u0101das tipiem<\/p>\n","protected":false},"featured_media":67051,"template":"","meta":[],"pwb-brand":[1132],"product_brand":[],"product_cat":[749,723],"product_tag":[],"giftcard-category":[],"class_list":{"0":"post-53049","1":"product","2":"type-product","3":"status-publish","4":"has-post-thumbnail","6":"pwb-brand-mesoestetic","7":"product_cat-novecojosa-ada","8":"product_cat-serumi","10":"first","11":"instock","12":"sale","13":"taxable","14":"shipping-taxable","15":"purchasable","16":"product-type-simple"},"acf":[],"brands":[{"id":1132,"name":"Mesoestetic","slug":"mesoestetic"}],"_links":{"self":[{"href":"https:\/\/skinstudio.ee\/lv\/wp-json\/wp\/v2\/product\/53049","targetHints":{"allow":["GET"]}}],"collection":[{"href":"https:\/\/skinstudio.ee\/lv\/wp-json\/wp\/v2\/product"}],"about":[{"href":"https:\/\/skinstudio.ee\/lv\/wp-json\/wp\/v2\/types\/product"}],"version-history":[{"count":0,"href":"https:\/\/skinstudio.ee\/lv\/wp-json\/wp\/v2\/product\/53049\/revisions"}],"wp:featuredmedia":[{"embeddable":true,"href":"https:\/\/skinstudio.ee\/lv\/wp-json\/wp\/v2\/media\/67051"}],"wp:attachment":[{"href":"https:\/\/skinstudio.ee\/lv\/wp-json\/wp\/v2\/media?parent=53049"}],"wp:term":[{"taxonomy":"pwb-brand","embeddable":true,"href":"https:\/\/skinstudio.ee\/lv\/wp-json\/wp\/v2\/pwb-brand?post=53049"},{"taxonomy":"product_brand","embeddable":true,"href":"https:\/\/skinstudio.ee\/lv\/wp-json\/wp\/v2\/product_brand?post=53049"},{"taxonomy":"product_cat","embeddable":true,"href":"https:\/\/skinstudio.ee\/lv\/wp-json\/wp\/v2\/product_cat?post=53049"},{"taxonomy":"product_tag","embeddable":true,"href":"https:\/\/skinstudio.ee\/lv\/wp-json\/wp\/v2\/product_tag?post=53049"},{"taxonomy":"giftcard-category","embeddable":true,"href":"https:\/\/skinstudio.ee\/lv\/wp-json\/wp\/v2\/giftcard-category?post=53049"}],"curies":[{"name":"wp","href":"https:\/\/api.w.org\/{rel}","templated":true}]}}