{"id":53065,"date":"2025-10-05T09:45:34","date_gmt":"2025-10-05T09:45:34","guid":{"rendered":"https:\/\/skinstudio.ee\/?post_type=product&#038;p=53065"},"modified":"2025-12-30T17:05:04","modified_gmt":"2025-12-30T17:05:04","slug":"pollution-defense-ampoules","status":"publish","type":"product","link":"https:\/\/skinstudio.ee\/lv\/catalog\/mesoestetic\/pollution-defense-ampoules\/","title":{"rendered":"Pollution Defense Ampoules"},"content":{"rendered":"<p data-start=\"53\" data-end=\"348\"><strong>Pollution Defense Ampoules<\/strong> ir intens\u012bva aizsarg\u0101jo\u0161a \u0101das kop\u0161ana, kas izstr\u0101d\u0101ta, lai pasarg\u0101tu \u0101du no pils\u0113tas vides kait\u012bg\u0101s ietekmes un priek\u0161laic\u012bgas noveco\u0161an\u0101s. Koncentr\u0113t\u0101 formula blo\u0137\u0113 oksid\u0101cijas procesus, samazina pies\u0101r\u0146ojuma rad\u012bto kait\u0113jumu un stiprina \u0101das dabisko aizsargsp\u0113ju.<\/p>\n<p data-start=\"350\" data-end=\"539\">T\u0101s nodro\u0161ina ilgsto\u0161u mitrin\u0101\u0161anu, saglab\u0101jot optim\u0101lu mitruma l\u012bmeni visas dienas garum\u0101. Viegl\u0101 tekst\u016bra \u0101tri uzs\u016bcas, neatst\u0101jot lip\u012bguma saj\u016btu, padarot kop\u0161anu pat\u012bkamu un efekt\u012bvu.<\/p>\n<p data-start=\"541\" data-end=\"713\">Katras ampulas tilpums ir prec\u012bzi piel\u0101gots vienai lieto\u0161anas reizei. Tum\u0161\u0101 stikla iepakojums un sterila vide garant\u0113 akt\u012bvo sast\u0101vda\u013cu saglab\u0101\u0161anos un maksim\u0101lu dro\u0161\u012bbu.<\/p>\n<p data-start=\"715\" data-end=\"735\"><strong>Tilpums:<\/strong> 10 x 2 ml<\/p>\n","protected":false},"excerpt":{"rendered":"<p data-start=\"2053\" data-end=\"2109\">Aizsarg\u0101jo\u0161as ampulas pret pies\u0101r\u0146ojumu un \u0101das stresu<\/p>\n<h2 data-start=\"2111\" data-end=\"2415\"><strong data-start=\"2111\" data-end=\"2164\">Mesoestetic &#8211; Pollution Defense Ampoules \u012apa\u0161\u012bbas<\/strong><\/h2>\n<p data-start=\"2111\" data-end=\"2415\">\u2714\ufe0f Aizsarg\u0101 \u0101du no pils\u0113tas vides kait\u012bg\u0101s ietekmes<br data-start=\"2218\" data-end=\"2221\" \/>\u2714\ufe0f Blo\u0137\u0113 oksid\u0101cijas procesus un nov\u0113r\u0161 noveco\u0161anos<br data-start=\"2272\" data-end=\"2275\" \/>\u2714\ufe0f Nodro\u0161ina intens\u012bvu un ilgsto\u0161u mitrin\u0101\u0161anu<br data-start=\"2321\" data-end=\"2324\" \/>\u2714\ufe0f Stiprina \u0101das aizsargbarjeru un notur\u012bbu<br data-start=\"2367\" data-end=\"2370\" \/>\u2714\ufe0f Padara \u0101du svaigu, elast\u012bgu un starojo\u0161u<\/p>\n","protected":false},"featured_media":67045,"template":"","meta":[],"pwb-brand":[1132],"product_brand":[],"product_cat":[749,723],"product_tag":[],"giftcard-category":[],"class_list":{"0":"post-53065","1":"product","2":"type-product","3":"status-publish","4":"has-post-thumbnail","6":"pwb-brand-mesoestetic","7":"product_cat-novecojosa-ada","8":"product_cat-serumi","10":"first","11":"instock","12":"taxable","13":"shipping-taxable","14":"purchasable","15":"product-type-simple"},"acf":[],"brands":[{"id":1132,"name":"Mesoestetic","slug":"mesoestetic"}],"_links":{"self":[{"href":"https:\/\/skinstudio.ee\/lv\/wp-json\/wp\/v2\/product\/53065","targetHints":{"allow":["GET"]}}],"collection":[{"href":"https:\/\/skinstudio.ee\/lv\/wp-json\/wp\/v2\/product"}],"about":[{"href":"https:\/\/skinstudio.ee\/lv\/wp-json\/wp\/v2\/types\/product"}],"version-history":[{"count":0,"href":"https:\/\/skinstudio.ee\/lv\/wp-json\/wp\/v2\/product\/53065\/revisions"}],"wp:featuredmedia":[{"embeddable":true,"href":"https:\/\/skinstudio.ee\/lv\/wp-json\/wp\/v2\/media\/67045"}],"wp:attachment":[{"href":"https:\/\/skinstudio.ee\/lv\/wp-json\/wp\/v2\/media?parent=53065"}],"wp:term":[{"taxonomy":"pwb-brand","embeddable":true,"href":"https:\/\/skinstudio.ee\/lv\/wp-json\/wp\/v2\/pwb-brand?post=53065"},{"taxonomy":"product_brand","embeddable":true,"href":"https:\/\/skinstudio.ee\/lv\/wp-json\/wp\/v2\/product_brand?post=53065"},{"taxonomy":"product_cat","embeddable":true,"href":"https:\/\/skinstudio.ee\/lv\/wp-json\/wp\/v2\/product_cat?post=53065"},{"taxonomy":"product_tag","embeddable":true,"href":"https:\/\/skinstudio.ee\/lv\/wp-json\/wp\/v2\/product_tag?post=53065"},{"taxonomy":"giftcard-category","embeddable":true,"href":"https:\/\/skinstudio.ee\/lv\/wp-json\/wp\/v2\/giftcard-category?post=53065"}],"curies":[{"name":"wp","href":"https:\/\/api.w.org\/{rel}","templated":true}]}}