{"id":53084,"date":"2025-10-05T10:00:54","date_gmt":"2025-10-05T10:00:54","guid":{"rendered":"https:\/\/skinstudio.ee\/?post_type=product&#038;p=53084"},"modified":"2025-12-30T17:05:04","modified_gmt":"2025-12-30T17:05:04","slug":"melatonin-ampoules","status":"publish","type":"product","link":"https:\/\/skinstudio.ee\/lv\/catalog\/mesoestetic\/melatonin-ampoules\/","title":{"rendered":"Melatonin Ampoules"},"content":{"rendered":"<p data-start=\"0\" data-end=\"364\"><strong data-start=\"5\" data-end=\"27\">Melatonin Ampoules<\/strong> ir intens\u012bvs pretnoveco\u0161an\u0101s nakts kop\u0161anas l\u012bdzeklis, kas pal\u012bdz atjaunot \u0101du un pasarg\u0101 to no ikdienas stresa un apk\u0101rt\u0113j\u0101s vides kait\u012bg\u0101s ietekmes. T\u0101s koncentr\u0113t\u0101 formula stimul\u0113 \u0101das re\u0123ener\u0101ciju, stiprina antioksidantu aizsardz\u012bbu un pal\u012bdz nov\u0113rst un mazin\u0101t noveco\u0161an\u0101s paz\u012bmes, piem\u0113ram, bl\u0101vumu, sausumu un elast\u012bbas zudumu.<\/p>\n<p data-start=\"366\" data-end=\"663\">Bag\u0101t\u012bg\u0101 un komfortabl\u0101 tekst\u016bra acumirkl\u012b m\u012bkstina \u0101du, padarot to gludu un koptu jau n\u0101kamaj\u0101 r\u012bt\u0101. Katra ampula satur optim\u0101lu akt\u012bvo sast\u0101vda\u013cu daudzumu vienai lieto\u0161anas reizei. Tum\u0161\u0101 stikla un sterils iepakojums nodro\u0161ina formulas \u012bpa\u0161\u012bbu saglab\u0101\u0161anu un maksim\u0101lu efektivit\u0101ti laika gait\u0101.<\/p>\n<p data-start=\"665\" data-end=\"693\"><strong data-start=\"665\" data-end=\"677\">Tilpums:<\/strong> <strong data-start=\"678\" data-end=\"691\">10 x 2 ml<\/strong><\/p>\n","protected":false},"excerpt":{"rendered":"<p data-start=\"1629\" data-end=\"1680\">Nakts ampulas \u0101das atjauno\u0161anai un atjaunin\u0101\u0161anai<\/p>\n<h2 data-start=\"1682\" data-end=\"1933\"><strong data-start=\"1682\" data-end=\"1727\">Mesoestetic &#8211; Melatonin Ampoules \u012bpa\u0161\u012bbas<\/strong><\/h2>\n<p data-start=\"1682\" data-end=\"1933\">\u2714\ufe0f Aktiviz\u0113 nakts \u0101das re\u0123ener\u0101ciju<br data-start=\"1765\" data-end=\"1768\" \/>\u2714\ufe0f Stiprina antioksidantu aizsardz\u012bbu<br data-start=\"1805\" data-end=\"1808\" \/>\u2714\ufe0f Nov\u0113r\u0161 un samazina noveco\u0161an\u0101s paz\u012bmes<br data-start=\"1849\" data-end=\"1852\" \/>\u2714\ufe0f Atjauno \u0101das maigumu un elast\u012bbu<br data-start=\"1887\" data-end=\"1890\" \/>\u2714\ufe0f Nodro\u0161ina komfortu un mirdzumu no r\u012bta<\/p>\n","protected":false},"featured_media":67040,"template":"","meta":[],"pwb-brand":[1132],"product_brand":[],"product_cat":[749,751,723],"product_tag":[],"giftcard-category":[],"class_list":{"0":"post-53084","1":"product","2":"type-product","3":"status-publish","4":"has-post-thumbnail","6":"pwb-brand-mesoestetic","7":"product_cat-novecojosa-ada","8":"product_cat-pigmentacija-lv","9":"product_cat-serumi","11":"first","12":"instock","13":"taxable","14":"shipping-taxable","15":"purchasable","16":"product-type-simple"},"acf":[],"brands":[{"id":1132,"name":"Mesoestetic","slug":"mesoestetic"}],"_links":{"self":[{"href":"https:\/\/skinstudio.ee\/lv\/wp-json\/wp\/v2\/product\/53084","targetHints":{"allow":["GET"]}}],"collection":[{"href":"https:\/\/skinstudio.ee\/lv\/wp-json\/wp\/v2\/product"}],"about":[{"href":"https:\/\/skinstudio.ee\/lv\/wp-json\/wp\/v2\/types\/product"}],"version-history":[{"count":0,"href":"https:\/\/skinstudio.ee\/lv\/wp-json\/wp\/v2\/product\/53084\/revisions"}],"wp:featuredmedia":[{"embeddable":true,"href":"https:\/\/skinstudio.ee\/lv\/wp-json\/wp\/v2\/media\/67040"}],"wp:attachment":[{"href":"https:\/\/skinstudio.ee\/lv\/wp-json\/wp\/v2\/media?parent=53084"}],"wp:term":[{"taxonomy":"pwb-brand","embeddable":true,"href":"https:\/\/skinstudio.ee\/lv\/wp-json\/wp\/v2\/pwb-brand?post=53084"},{"taxonomy":"product_brand","embeddable":true,"href":"https:\/\/skinstudio.ee\/lv\/wp-json\/wp\/v2\/product_brand?post=53084"},{"taxonomy":"product_cat","embeddable":true,"href":"https:\/\/skinstudio.ee\/lv\/wp-json\/wp\/v2\/product_cat?post=53084"},{"taxonomy":"product_tag","embeddable":true,"href":"https:\/\/skinstudio.ee\/lv\/wp-json\/wp\/v2\/product_tag?post=53084"},{"taxonomy":"giftcard-category","embeddable":true,"href":"https:\/\/skinstudio.ee\/lv\/wp-json\/wp\/v2\/giftcard-category?post=53084"}],"curies":[{"name":"wp","href":"https:\/\/api.w.org\/{rel}","templated":true}]}}