{"id":53120,"date":"2025-10-05T11:20:59","date_gmt":"2025-10-05T11:20:59","guid":{"rendered":"https:\/\/skinstudio.ee\/?post_type=product&#038;p=53120"},"modified":"2025-12-30T17:05:04","modified_gmt":"2025-12-30T17:05:04","slug":"aox-ferulic","status":"publish","type":"product","link":"https:\/\/skinstudio.ee\/lv\/catalog\/mesoestetic\/aox-ferulic\/","title":{"rendered":"Aox Ferulic"},"content":{"rendered":"<p data-start=\"0\" data-end=\"430\"><strong data-start=\"5\" data-end=\"20\">AOX Ferulic<\/strong> ir jaunas paaudzes sp\u0113c\u012bgs antioksidantu koncentr\u0101ts ar pretnoveco\u0161an\u0101s iedarb\u012bbu, kas aizsarg\u0101 \u0161\u016bnas, kas atbild par kolag\u0113na un elast\u012bna ra\u017eo\u0161anu, un pagarina to dz\u012bvotsp\u0113ju. Jaunaj\u0101 formul\u0101 saglab\u0101tas p\u0101rbaud\u012btas akt\u012bv\u0101s sast\u0101vda\u013cas, pievienojot divus augsti efekt\u012bvus komponentus \u2013 glutationu un astaksant\u012bnu, kas siner\u0123iski stiprina \u0101das aizsardz\u012bbu pret oksidat\u012bvo stresu un priek\u0161laic\u012bgu noveco\u0161anos.<\/p>\n<p data-start=\"432\" data-end=\"628\">Viegl\u0101 tekst\u016bra acumirkl\u012b uzs\u016bcas, pie\u0161\u0137irot \u0101dai mirdzumu, svaigumu un tvirtumu. L\u012bdzeklis stiprina \u0101das aizsargbarjeru, uzlabo toni un bl\u012bvumu, padarot \u0101du glud\u0101ku, starojo\u0161\u0101ku un jaunav\u012bg\u0101ku.<\/p>\n<p data-start=\"630\" data-end=\"747\">Uzlabotais <strong data-start=\"641\" data-end=\"653\">Twist-On<\/strong> aktiviz\u0101cijas flakons nodro\u0161ina formulas stabilit\u0101ti un svaigumu ar katru lieto\u0161anas reizi.<\/p>\n<p data-start=\"749\" data-end=\"773\"><strong data-start=\"749\" data-end=\"761\">Tilpums:<\/strong> <strong data-start=\"762\" data-end=\"771\">15 ml<\/strong><\/p>\n","protected":false},"excerpt":{"rendered":"<article class=\"text-token-text-primary w-full focus:outline-none scroll-mt-(--header-height)\" dir=\"auto\" tabindex=\"-1\" data-turn-id=\"0c26fd5a-c5f9-4f43-9558-84e245b68225\" data-testid=\"conversation-turn-261\" data-scroll-anchor=\"false\" data-turn=\"user\">\n<div class=\"text-base my-auto mx-auto pt-12 [--thread-content-margin:--spacing(4)] thread-sm:[--thread-content-margin:--spacing(6)] thread-lg:[--thread-content-margin:--spacing(16)] px-(--thread-content-margin)\">\n<div class=\"[--thread-content-max-width:40rem] thread-lg:[--thread-content-max-width:48rem] mx-auto max-w-(--thread-content-max-width) flex-1 group\/turn-messages focus-visible:outline-hidden relative flex w-full min-w-0 flex-col\" tabindex=\"-1\">\n<div class=\"flex max-w-full flex-col grow\">\n<div class=\"min-h-8 text-message relative flex w-full flex-col items-end gap-2 text-start break-words whitespace-normal [.text-message+&amp;]:mt-5\" dir=\"auto\" data-message-author-role=\"user\" data-message-id=\"0c26fd5a-c5f9-4f43-9558-84e245b68225\">\n<div class=\"flex w-full flex-col gap-1 empty:hidden items-end rtl:items-start\">\n<div class=\"user-message-bubble-color relative rounded-[18px] px-4 py-1.5 data-[multiline]:py-3 max-w-[var(--user-chat-width,70%)]\">\n<div class=\"whitespace-pre-wrap\">\n<article class=\"text-token-text-primary w-full focus:outline-none scroll-mt-[calc(var(--header-height)+min(200px,max(70px,20svh)))]\" dir=\"auto\" tabindex=\"-1\" data-turn-id=\"request-68de8085-05b8-832f-a42f-891e1912c8d9-57\" data-testid=\"conversation-turn-264\" data-scroll-anchor=\"true\" data-turn=\"assistant\">\n<div class=\"text-base my-auto mx-auto pb-10 [--thread-content-margin:--spacing(4)] thread-sm:[--thread-content-margin:--spacing(6)] thread-lg:[--thread-content-margin:--spacing(16)] px-(--thread-content-margin)\">\n<div class=\"[--thread-content-max-width:40rem] thread-lg:[--thread-content-max-width:48rem] mx-auto max-w-(--thread-content-max-width) flex-1 group\/turn-messages focus-visible:outline-hidden relative flex w-full min-w-0 flex-col agent-turn\" tabindex=\"-1\">\n<div class=\"flex max-w-full flex-col grow\">\n<div class=\"min-h-8 text-message relative flex w-full flex-col items-end gap-2 text-start break-words whitespace-normal [.text-message+&amp;]:mt-5\" dir=\"auto\" data-message-author-role=\"assistant\" data-message-id=\"1af12361-c0e2-451a-9a0b-6795970ec888\" data-message-model-slug=\"gpt-5\">\n<div class=\"flex w-full flex-col gap-1 empty:hidden first:pt-[1px]\">\n<div class=\"markdown prose dark:prose-invert w-full break-words light markdown-new-styling\">\n<p data-start=\"1601\" data-end=\"1639\">Jaun\u0101s paaudzes antioksidantu serums<\/p>\n<h2 data-start=\"1641\" data-end=\"1963\"><strong data-start=\"1641\" data-end=\"1679\">Mesoestetic &#8211; AOX Ferulic \u012bpa\u0161\u012bbas<\/strong><\/h2>\n<p data-start=\"1641\" data-end=\"1963\">\u2714\ufe0f Aizsarg\u0101 \u0161\u016bnas, kas atbild par kolag\u0113na un elast\u012bna ra\u017eo\u0161anu<br data-start=\"1745\" data-end=\"1748\" \/>\u2714\ufe0f Neitraliz\u0113 br\u012bvos radik\u0101\u013cus un nov\u0113r\u0161 noveco\u0161anos<br data-start=\"1800\" data-end=\"1803\" \/>\u2714\ufe0f Uzlabo \u0101das tvirtumu, bl\u012bvumu un mirdzumu<br data-start=\"1847\" data-end=\"1850\" \/>\u2714\ufe0f Stiprina \u0101das barjeru un izl\u012bdzina toni<br data-start=\"1892\" data-end=\"1895\" \/>\u2714\ufe0f Pie\u0161\u0137ir \u0101dai t\u016bl\u012bt\u0113ju mirdzumu un aizsardz\u012bbu pret vides stresu<\/p>\n<\/div>\n<\/div>\n<\/div>\n<\/div>\n<div class=\"mt-3 w-full empty:hidden\"><\/div>\n<\/div>\n<\/div>\n<\/article>\n<\/div>\n<\/div>\n<\/div>\n<\/div>\n<\/div>\n<\/div>\n<\/div>\n<\/article>\n","protected":false},"featured_media":67035,"template":"","meta":[],"pwb-brand":[1132],"product_brand":[],"product_cat":[729,749,751,739],"product_tag":[],"giftcard-category":[],"class_list":{"0":"post-53120","1":"product","2":"type-product","3":"status-publish","4":"has-post-thumbnail","6":"pwb-brand-mesoestetic","7":"product_cat-c-vitamins","8":"product_cat-novecojosa-ada","9":"product_cat-pigmentacija-lv","10":"product_cat-sausai-adai","12":"first","13":"instock","14":"taxable","15":"shipping-taxable","16":"purchasable","17":"product-type-simple"},"acf":[],"brands":[{"id":1132,"name":"Mesoestetic","slug":"mesoestetic"}],"_links":{"self":[{"href":"https:\/\/skinstudio.ee\/lv\/wp-json\/wp\/v2\/product\/53120","targetHints":{"allow":["GET"]}}],"collection":[{"href":"https:\/\/skinstudio.ee\/lv\/wp-json\/wp\/v2\/product"}],"about":[{"href":"https:\/\/skinstudio.ee\/lv\/wp-json\/wp\/v2\/types\/product"}],"version-history":[{"count":0,"href":"https:\/\/skinstudio.ee\/lv\/wp-json\/wp\/v2\/product\/53120\/revisions"}],"wp:featuredmedia":[{"embeddable":true,"href":"https:\/\/skinstudio.ee\/lv\/wp-json\/wp\/v2\/media\/67035"}],"wp:attachment":[{"href":"https:\/\/skinstudio.ee\/lv\/wp-json\/wp\/v2\/media?parent=53120"}],"wp:term":[{"taxonomy":"pwb-brand","embeddable":true,"href":"https:\/\/skinstudio.ee\/lv\/wp-json\/wp\/v2\/pwb-brand?post=53120"},{"taxonomy":"product_brand","embeddable":true,"href":"https:\/\/skinstudio.ee\/lv\/wp-json\/wp\/v2\/product_brand?post=53120"},{"taxonomy":"product_cat","embeddable":true,"href":"https:\/\/skinstudio.ee\/lv\/wp-json\/wp\/v2\/product_cat?post=53120"},{"taxonomy":"product_tag","embeddable":true,"href":"https:\/\/skinstudio.ee\/lv\/wp-json\/wp\/v2\/product_tag?post=53120"},{"taxonomy":"giftcard-category","embeddable":true,"href":"https:\/\/skinstudio.ee\/lv\/wp-json\/wp\/v2\/giftcard-category?post=53120"}],"curies":[{"name":"wp","href":"https:\/\/api.w.org\/{rel}","templated":true}]}}