{"id":53137,"date":"2025-10-05T11:32:13","date_gmt":"2025-10-05T11:32:13","guid":{"rendered":"https:\/\/skinstudio.ee\/?post_type=product&#038;p=53137"},"modified":"2026-04-29T12:11:53","modified_gmt":"2026-04-29T12:11:53","slug":"aox-glutathione","status":"publish","type":"product","link":"https:\/\/skinstudio.ee\/lv\/catalog\/mesoestetic\/aox-glutathione\/","title":{"rendered":"Aox Glutathione"},"content":{"rendered":"<p data-start=\"85\" data-end=\"186\"><strong data-start=\"85\" data-end=\"186\">AOX Glutathione no Mesoestetic &#8211; uztura bag\u0101tin\u0101t\u0101js ar vitam\u012bnu un papildu komponentu kompleksu.<\/strong><\/p>\n<p data-start=\"188\" data-end=\"366\">Formula paredz\u0113ta ikdienas lieto\u0161anai un satur sast\u0101vda\u013cas, kuras pla\u0161i izmanto uztura bag\u0101tin\u0101t\u0101jos. Kapsulu forma nodro\u0161ina \u0113rtu lieto\u0161anu un ir piem\u0113rota regul\u0101rai lieto\u0161anai.<\/p>\n<p data-start=\"368\" data-end=\"499\">Sast\u0101v\u0101 ir glutations, astaksant\u012bns, alfa-liposk\u0101be, k\u0101 ar\u012b vitam\u012bni A, C, E un B3. Produkts piem\u0113rots iek\u013cau\u0161anai ikdienas uztur\u0101.<\/p>\n<p data-start=\"501\" data-end=\"696\"><strong data-start=\"501\" data-end=\"519\">Ra\u017eots Eirop\u0101.<\/strong><br data-start=\"519\" data-end=\"522\" \/><strong data-start=\"522\" data-end=\"543\">Der\u012bguma termi\u0146\u0161:<\/strong> skat\u012bt uz iepakojuma<br data-start=\"564\" data-end=\"567\" \/><strong data-start=\"567\" data-end=\"593\">Uzglab\u0101\u0161anas apst\u0101k\u013ci:<\/strong> uzglab\u0101t cie\u0161i nosl\u0113gtu saus\u0101, v\u0113s\u0101 viet\u0101, prom no tie\u0161iem saules stariem<br data-start=\"667\" data-end=\"670\" \/><strong data-start=\"670\" data-end=\"682\">Tilpums:<\/strong> 60 kapsulas<\/p>\n","protected":false},"excerpt":{"rendered":"<p data-start=\"1210\" data-end=\"1239\">Kapsulu uztura bag\u0101tin\u0101t\u0101js<\/p>\n<h2 data-start=\"1241\" data-end=\"1283\"><strong data-start=\"1241\" data-end=\"1283\">\u012apa\u0161\u012bbas Mesoestetic &#8211; AOX Glutathione<\/strong><\/h2>\n<p data-start=\"1285\" data-end=\"1472\">\u2714\ufe0f Vitam\u012bnu A, C, E un B3 komplekss<br data-start=\"1320\" data-end=\"1323\" \/>\u2714\ufe0f Glutationa un papildu komponentu kombin\u0101cija<br data-start=\"1370\" data-end=\"1373\" \/>\u2714\ufe0f Kapsulu forma \u0113rtai lieto\u0161anai<br data-start=\"1406\" data-end=\"1409\" \/>\u2714\ufe0f Piem\u0113rots ikdienas lieto\u0161anai<br data-start=\"1441\" data-end=\"1444\" \/>\u2714\ufe0f Daudzkomponentu sast\u0101vs<\/p>\n","protected":false},"featured_media":67029,"template":"","meta":[],"pwb-brand":[1132],"product_brand":[],"product_cat":[768],"product_tag":[],"giftcard-category":[],"class_list":{"0":"post-53137","1":"product","2":"type-product","3":"status-publish","4":"has-post-thumbnail","6":"pwb-brand-mesoestetic","7":"product_cat-vitamini","9":"first","10":"instock","11":"taxable","12":"shipping-taxable","13":"purchasable","14":"product-type-simple"},"acf":[],"brands":[{"id":1132,"name":"Mesoestetic","slug":"mesoestetic"}],"_links":{"self":[{"href":"https:\/\/skinstudio.ee\/lv\/wp-json\/wp\/v2\/product\/53137","targetHints":{"allow":["GET"]}}],"collection":[{"href":"https:\/\/skinstudio.ee\/lv\/wp-json\/wp\/v2\/product"}],"about":[{"href":"https:\/\/skinstudio.ee\/lv\/wp-json\/wp\/v2\/types\/product"}],"version-history":[{"count":2,"href":"https:\/\/skinstudio.ee\/lv\/wp-json\/wp\/v2\/product\/53137\/revisions"}],"predecessor-version":[{"id":90947,"href":"https:\/\/skinstudio.ee\/lv\/wp-json\/wp\/v2\/product\/53137\/revisions\/90947"}],"wp:featuredmedia":[{"embeddable":true,"href":"https:\/\/skinstudio.ee\/lv\/wp-json\/wp\/v2\/media\/67029"}],"wp:attachment":[{"href":"https:\/\/skinstudio.ee\/lv\/wp-json\/wp\/v2\/media?parent=53137"}],"wp:term":[{"taxonomy":"pwb-brand","embeddable":true,"href":"https:\/\/skinstudio.ee\/lv\/wp-json\/wp\/v2\/pwb-brand?post=53137"},{"taxonomy":"product_brand","embeddable":true,"href":"https:\/\/skinstudio.ee\/lv\/wp-json\/wp\/v2\/product_brand?post=53137"},{"taxonomy":"product_cat","embeddable":true,"href":"https:\/\/skinstudio.ee\/lv\/wp-json\/wp\/v2\/product_cat?post=53137"},{"taxonomy":"product_tag","embeddable":true,"href":"https:\/\/skinstudio.ee\/lv\/wp-json\/wp\/v2\/product_tag?post=53137"},{"taxonomy":"giftcard-category","embeddable":true,"href":"https:\/\/skinstudio.ee\/lv\/wp-json\/wp\/v2\/giftcard-category?post=53137"}],"curies":[{"name":"wp","href":"https:\/\/api.w.org\/{rel}","templated":true}]}}