{"id":53228,"date":"2025-10-06T08:33:56","date_gmt":"2025-10-06T08:33:56","guid":{"rendered":"https:\/\/skinstudio.ee\/?post_type=product&#038;p=53228"},"modified":"2026-03-13T13:12:57","modified_gmt":"2026-03-13T13:12:57","slug":"firming-vitamin-c-mask","status":"publish","type":"product","link":"https:\/\/skinstudio.ee\/lv\/catalog\/hydropeptide-lv\/firming-vitamin-c-mask\/","title":{"rendered":"Firming Vitamin C Mask"},"content":{"rendered":"<p data-start=\"648\" data-end=\"954\"><strong data-start=\"648\" data-end=\"690\">Firming Vitamin C Mask no HydroPeptide<\/strong> &#8211; inovat\u012bva auduma maska intens\u012bvai \u0101das atjauno\u0161anai un nostiprin\u0101\u0161anai. Formula apvieno augstas koncentr\u0101cijas C vitam\u012bnu, pept\u012bdus un aminosk\u0101bju kompleksu, kas pal\u012bdz uzlabot \u0101das toni, atbalst\u012bt t\u0101s elast\u012bbu un pie\u0161\u0137irt sejai svaig\u0101ku un starojo\u0161\u0101ku izskatu.<\/p>\n<p data-start=\"956\" data-end=\"1269\">Patent\u0113t\u0101 Dry-Dot tehnolo\u0123ija saglab\u0101 t\u012bras L-askorb\u012bnsk\u0101bes aktivit\u0101ti l\u012bdz lieto\u0161anas br\u012bdim. Aktiviz\u0113jot masku, C vitam\u012bns savienojas ar seruma ampulu, veidojot kompleksu ar pept\u012bdiem un mitrino\u0161iem komponentiem, kas pal\u012bdz \u0101dai izskat\u012bties glud\u0101kai, tvirt\u0101kai un starojo\u0161\u0101kai jau p\u0113c pirm\u0101s lieto\u0161anas reizes.<\/p>\n<p data-start=\"1271\" data-end=\"1294\"><strong data-start=\"1271\" data-end=\"1294\">Akt\u012bv\u0101s sast\u0101vda\u013cas<\/strong><\/p>\n<p data-start=\"1296\" data-end=\"1401\"><strong data-start=\"1296\" data-end=\"1315\">L-Ascorbic Acid<\/strong>: sp\u0113c\u012bgs antioksidants, kas pal\u012bdz izgaismot \u0101das toni un atbalsta kolag\u0113na sint\u0113zi<\/p>\n<p data-start=\"1403\" data-end=\"1569\"><strong data-start=\"1403\" data-end=\"1476\">Copper Tripeptide-1 + Palmitoyl Pentapeptide-4 + Acetyl Hexapeptide-8<\/strong>: pept\u012bdu komplekss, kas pal\u012bdz uzlabot \u0101das tvirtumu un samazin\u0101t m\u012bmikas l\u012bniju redzam\u012bbu<\/p>\n<p data-start=\"1571\" data-end=\"1681\"><strong data-start=\"1571\" data-end=\"1614\">Sodium Hyaluronate + Amino Acid Complex<\/strong>: nodro\u0161ina intens\u012bvu mitrin\u0101\u0161anu un pal\u012bdz uztur\u0113t \u0101das elast\u012bbu<\/p>\n<p data-start=\"1683\" data-end=\"1818\"><strong data-start=\"1683\" data-end=\"1723\">Kam piem\u0113rota Firming Vitamin C Mask<\/strong>: bl\u0101vai un noguru\u0161ai \u0101dai; nevienm\u0113r\u012bga \u0101das to\u0146a, pigment\u0101cijas un elast\u012bbas zuduma gad\u012bjum\u0101.<\/p>\n<p data-start=\"1820\" data-end=\"1839\"><strong data-start=\"1820\" data-end=\"1832\">Tilpums:<\/strong> 1 gab.<\/p>\n","protected":false},"excerpt":{"rendered":"<p data-start=\"907\" data-end=\"932\">Stiprino\u0161a vitam\u012bnu maska<\/p>\n<h2 data-start=\"934\" data-end=\"1258\"><strong data-start=\"934\" data-end=\"984\">\u012apa\u0161\u012bbas HydroPeptide &#8211; Firming Vitamin C Mask<\/strong><\/h2>\n<p data-start=\"934\" data-end=\"1258\">\u2714\ufe0f Redzami savelk un stiprina \u0101du<br data-start=\"1020\" data-end=\"1023\" \/>\u2714\ufe0f Pal\u012bdz izgaismot pigment\u0101ciju un izl\u012bdzin\u0101t \u0101das toni<br data-start=\"1079\" data-end=\"1082\" \/>\u2714\ufe0f Nomierina iekaisumus un mazina kairin\u0101jumu<br data-start=\"1127\" data-end=\"1130\" \/>\u2714\ufe0f Nodro\u0161ina antioksidantu aizsardz\u012bbu un veicina \u0101das mirdzumu<br data-start=\"1193\" data-end=\"1196\" \/>\u2714\ufe0f Uzlabo \u0101das kop\u0113jo izskatu, padarot to glud\u0101ku un kopt\u0101ku<\/p>\n","protected":false},"featured_media":61633,"template":"","meta":[],"pwb-brand":[1211],"product_brand":[],"product_cat":[729,725,749,751],"product_tag":[],"giftcard-category":[],"class_list":{"0":"post-53228","1":"product","2":"type-product","3":"status-publish","4":"has-post-thumbnail","6":"pwb-brand-hydropeptide-lv","7":"product_cat-c-vitamins","8":"product_cat-maskas","9":"product_cat-novecojosa-ada","10":"product_cat-pigmentacija-lv","12":"first","13":"instock","14":"taxable","15":"shipping-taxable","16":"purchasable","17":"product-type-simple"},"acf":[],"brands":[{"id":1211,"name":"HydroPeptide","slug":"hydropeptide-lv"}],"_links":{"self":[{"href":"https:\/\/skinstudio.ee\/lv\/wp-json\/wp\/v2\/product\/53228","targetHints":{"allow":["GET"]}}],"collection":[{"href":"https:\/\/skinstudio.ee\/lv\/wp-json\/wp\/v2\/product"}],"about":[{"href":"https:\/\/skinstudio.ee\/lv\/wp-json\/wp\/v2\/types\/product"}],"version-history":[{"count":1,"href":"https:\/\/skinstudio.ee\/lv\/wp-json\/wp\/v2\/product\/53228\/revisions"}],"predecessor-version":[{"id":85697,"href":"https:\/\/skinstudio.ee\/lv\/wp-json\/wp\/v2\/product\/53228\/revisions\/85697"}],"wp:featuredmedia":[{"embeddable":true,"href":"https:\/\/skinstudio.ee\/lv\/wp-json\/wp\/v2\/media\/61633"}],"wp:attachment":[{"href":"https:\/\/skinstudio.ee\/lv\/wp-json\/wp\/v2\/media?parent=53228"}],"wp:term":[{"taxonomy":"pwb-brand","embeddable":true,"href":"https:\/\/skinstudio.ee\/lv\/wp-json\/wp\/v2\/pwb-brand?post=53228"},{"taxonomy":"product_brand","embeddable":true,"href":"https:\/\/skinstudio.ee\/lv\/wp-json\/wp\/v2\/product_brand?post=53228"},{"taxonomy":"product_cat","embeddable":true,"href":"https:\/\/skinstudio.ee\/lv\/wp-json\/wp\/v2\/product_cat?post=53228"},{"taxonomy":"product_tag","embeddable":true,"href":"https:\/\/skinstudio.ee\/lv\/wp-json\/wp\/v2\/product_tag?post=53228"},{"taxonomy":"giftcard-category","embeddable":true,"href":"https:\/\/skinstudio.ee\/lv\/wp-json\/wp\/v2\/giftcard-category?post=53228"}],"curies":[{"name":"wp","href":"https:\/\/api.w.org\/{rel}","templated":true}]}}