{"id":53252,"date":"2025-10-06T09:18:56","date_gmt":"2025-10-06T09:18:56","guid":{"rendered":"https:\/\/skinstudio.ee\/?post_type=product&#038;p=53252"},"modified":"2025-12-30T17:05:04","modified_gmt":"2025-12-30T17:05:04","slug":"mesoeclat-cream","status":"publish","type":"product","link":"https:\/\/skinstudio.ee\/lv\/catalog\/mesoestetic\/mesoeclat-cream\/","title":{"rendered":"Mesoeclat Cream"},"content":{"rendered":"<p data-start=\"65\" data-end=\"354\">Mesoeclat Cream ir glob\u0101ls pretnoveco\u0161an\u0101s kr\u0113ms ar t\u016bl\u012bt\u0113ju iedarb\u012bbu, kas izstr\u0101d\u0101ts lieto\u0161anai p\u0113c profesion\u0101l\u0101s meso\u00e9clat proced\u016bras. Tas pal\u012bdz c\u012bn\u012bties ar \u0101das bl\u0101vumu, atjauno dabisko mirdzumu un izl\u012bdzina \u0101das toni, darbojoties k\u0101 sp\u0113c\u012bgs re\u0123ener\u0113jo\u0161s un antioksidants l\u012bdzeklis.<\/p>\n<p data-start=\"356\" data-end=\"585\">Pateicoties mitrino\u0161aj\u0101m un m\u012bkstino\u0161aj\u0101m \u012bpa\u0161\u012bb\u0101m, kr\u0113ms veicina \u0101das atjauno\u0161anos, samazina redzamos \u0101das nepiln\u012bgumus un pie\u0161\u0137ir vienm\u0113r\u012bgu, koptu izskatu. Regul\u0101ra lieto\u0161ana vakar\u0101 padara \u0101du glud\u0101ku, stingr\u0101ku un svaig\u0101ku.<\/p>\n<p data-start=\"587\" data-end=\"607\"><strong data-start=\"587\" data-end=\"599\">Tilpums:<\/strong> 50 ml<\/p>\n","protected":false},"excerpt":{"rendered":"<p data-start=\"980\" data-end=\"1012\">Barojo\u0161s pretnoveco\u0161an\u0101s kr\u0113ms<\/p>\n<h2 data-start=\"1014\" data-end=\"1279\"><strong data-start=\"1014\" data-end=\"1056\">mesoestetic &#8211; Mesoeclat Cream \u012bpa\u0161\u012bbas<\/strong><\/h2>\n<p data-start=\"1014\" data-end=\"1279\">\u2714\ufe0f Samazina pigment\u0101cijas plankumus un izl\u012bdzina \u0101das toni<br data-start=\"1117\" data-end=\"1120\" \/>\u2714\ufe0f Aktiviz\u0113 \u0101das re\u0123ener\u0101ciju un stiprina t\u0101s strukt\u016bru<br data-start=\"1175\" data-end=\"1178\" \/>\u2714\ufe0f Nodro\u0161ina sp\u0113c\u012bgu antioksidantu aizsardz\u012bbu<br data-start=\"1224\" data-end=\"1227\" \/>\u2714\ufe0f M\u012bkstina, baro un atjauno \u0101das dabisko mirdzumu<\/p>\n","protected":false},"featured_media":67024,"template":"","meta":[],"pwb-brand":[1132],"product_brand":[],"product_cat":[749,751],"product_tag":[],"giftcard-category":[],"class_list":{"0":"post-53252","1":"product","2":"type-product","3":"status-publish","4":"has-post-thumbnail","6":"pwb-brand-mesoestetic","7":"product_cat-novecojosa-ada","8":"product_cat-pigmentacija-lv","10":"first","11":"instock","12":"taxable","13":"shipping-taxable","14":"purchasable","15":"product-type-simple"},"acf":[],"brands":[{"id":1132,"name":"Mesoestetic","slug":"mesoestetic"}],"_links":{"self":[{"href":"https:\/\/skinstudio.ee\/lv\/wp-json\/wp\/v2\/product\/53252","targetHints":{"allow":["GET"]}}],"collection":[{"href":"https:\/\/skinstudio.ee\/lv\/wp-json\/wp\/v2\/product"}],"about":[{"href":"https:\/\/skinstudio.ee\/lv\/wp-json\/wp\/v2\/types\/product"}],"version-history":[{"count":0,"href":"https:\/\/skinstudio.ee\/lv\/wp-json\/wp\/v2\/product\/53252\/revisions"}],"wp:featuredmedia":[{"embeddable":true,"href":"https:\/\/skinstudio.ee\/lv\/wp-json\/wp\/v2\/media\/67024"}],"wp:attachment":[{"href":"https:\/\/skinstudio.ee\/lv\/wp-json\/wp\/v2\/media?parent=53252"}],"wp:term":[{"taxonomy":"pwb-brand","embeddable":true,"href":"https:\/\/skinstudio.ee\/lv\/wp-json\/wp\/v2\/pwb-brand?post=53252"},{"taxonomy":"product_brand","embeddable":true,"href":"https:\/\/skinstudio.ee\/lv\/wp-json\/wp\/v2\/product_brand?post=53252"},{"taxonomy":"product_cat","embeddable":true,"href":"https:\/\/skinstudio.ee\/lv\/wp-json\/wp\/v2\/product_cat?post=53252"},{"taxonomy":"product_tag","embeddable":true,"href":"https:\/\/skinstudio.ee\/lv\/wp-json\/wp\/v2\/product_tag?post=53252"},{"taxonomy":"giftcard-category","embeddable":true,"href":"https:\/\/skinstudio.ee\/lv\/wp-json\/wp\/v2\/giftcard-category?post=53252"}],"curies":[{"name":"wp","href":"https:\/\/api.w.org\/{rel}","templated":true}]}}