{"id":53271,"date":"2025-10-06T09:48:21","date_gmt":"2025-10-06T09:48:21","guid":{"rendered":"https:\/\/skinstudio.ee\/?post_type=product&#038;p=53271"},"modified":"2025-12-30T17:05:04","modified_gmt":"2025-12-30T17:05:04","slug":"bodyshock-celluexpert","status":"publish","type":"product","link":"https:\/\/skinstudio.ee\/lv\/catalog\/mesoestetic\/bodyshock-celluexpert\/","title":{"rendered":"Bodyshock Celluexpert"},"content":{"rendered":"<p data-start=\"74\" data-end=\"745\">Bodyshock Celluexpert ir kr\u0113ms-g\u0113ls ar akt\u012bvo sast\u0101vda\u013cu kombin\u0101ciju, kas darbojas siner\u0123iski, redzami uzlabojot \u0101das nel\u012bdzenumus, ko izraisa celul\u012bts. Produkts palielina \u0101das turgoru zon\u0101s ar \u201capels\u012bna mizas\u201d efektu, izl\u012bdzina \u0101das virsmu un atjauno t\u0101s gludumu. Kofe\u012bns, Brassica Alba ekstrakts un kapsaic\u012bns nodro\u0161ina sp\u0113c\u012bgu stimul\u0113jo\u0161u iedarb\u012bbu, pal\u012bdzot uzlabot un defin\u0113t \u0137erme\u0146a kont\u016bras. Arnikas ekstrakts un organiskais sil\u012bcijs stiprina \u0101du un nodro\u0161ina pretiekaisuma un dren\u0113jo\u0161u efektu, redzami samazinot celul\u012bta paz\u012bmes. Unik\u0101l\u0101 rull\u012b\u0161u aplikatora sist\u0113ma uzlabo uzkl\u0101\u0161anas procesu un absorbciju, nodro\u0161inot t\u016bl\u012bt\u0113ju atsvaidzino\u0161u un toniz\u0113jo\u0161u saj\u016btu.<\/p>\n<p data-start=\"747\" data-end=\"768\"><strong data-start=\"747\" data-end=\"759\">Tilpums:<\/strong> 200 ml<\/p>\n","protected":false},"excerpt":{"rendered":"<p data-start=\"996\" data-end=\"1021\">Pretcelul\u012bta kr\u0113ms-g\u0113ls<\/p>\n<h2 data-start=\"1023\" data-end=\"1327\"><strong data-start=\"1023\" data-end=\"1071\">mesoestetic &#8211; Bodyshock Celluexpert \u012bpa\u0161\u012bbas<\/strong><\/h2>\n<p data-start=\"1023\" data-end=\"1327\">\u2714\ufe0f Samazina celul\u012bta redzam\u012bbu un izl\u012bdzina \u0101das reljefu<br data-start=\"1130\" data-end=\"1133\" \/>\u2714\ufe0f Palielina \u0101das stingr\u012bbu un elast\u012bbu<br data-start=\"1172\" data-end=\"1175\" \/>\u2714\ufe0f Aktiviz\u0113 mikrocirkul\u0101ciju un veicina lipol\u012bzi<br data-start=\"1223\" data-end=\"1226\" \/>\u2714\ufe0f Nodro\u0161ina atv\u0113sino\u0161u un toniz\u0113jo\u0161u efektu<br data-start=\"1270\" data-end=\"1273\" \/>\u2714\ufe0f Nostiprina \u0101du un pal\u012bdz uzlabot \u0137erme\u0146a kont\u016bras<\/p>\n","protected":false},"featured_media":67019,"template":"","meta":[],"pwb-brand":[1132],"product_brand":[],"product_cat":[757],"product_tag":[],"giftcard-category":[],"class_list":{"0":"post-53271","1":"product","2":"type-product","3":"status-publish","4":"has-post-thumbnail","6":"pwb-brand-mesoestetic","7":"product_cat-kermena-kopsana","9":"first","10":"instock","11":"taxable","12":"shipping-taxable","13":"purchasable","14":"product-type-simple"},"acf":[],"brands":[{"id":1132,"name":"Mesoestetic","slug":"mesoestetic"}],"_links":{"self":[{"href":"https:\/\/skinstudio.ee\/lv\/wp-json\/wp\/v2\/product\/53271","targetHints":{"allow":["GET"]}}],"collection":[{"href":"https:\/\/skinstudio.ee\/lv\/wp-json\/wp\/v2\/product"}],"about":[{"href":"https:\/\/skinstudio.ee\/lv\/wp-json\/wp\/v2\/types\/product"}],"version-history":[{"count":0,"href":"https:\/\/skinstudio.ee\/lv\/wp-json\/wp\/v2\/product\/53271\/revisions"}],"wp:featuredmedia":[{"embeddable":true,"href":"https:\/\/skinstudio.ee\/lv\/wp-json\/wp\/v2\/media\/67019"}],"wp:attachment":[{"href":"https:\/\/skinstudio.ee\/lv\/wp-json\/wp\/v2\/media?parent=53271"}],"wp:term":[{"taxonomy":"pwb-brand","embeddable":true,"href":"https:\/\/skinstudio.ee\/lv\/wp-json\/wp\/v2\/pwb-brand?post=53271"},{"taxonomy":"product_brand","embeddable":true,"href":"https:\/\/skinstudio.ee\/lv\/wp-json\/wp\/v2\/product_brand?post=53271"},{"taxonomy":"product_cat","embeddable":true,"href":"https:\/\/skinstudio.ee\/lv\/wp-json\/wp\/v2\/product_cat?post=53271"},{"taxonomy":"product_tag","embeddable":true,"href":"https:\/\/skinstudio.ee\/lv\/wp-json\/wp\/v2\/product_tag?post=53271"},{"taxonomy":"giftcard-category","embeddable":true,"href":"https:\/\/skinstudio.ee\/lv\/wp-json\/wp\/v2\/giftcard-category?post=53271"}],"curies":[{"name":"wp","href":"https:\/\/api.w.org\/{rel}","templated":true}]}}