{"id":53286,"date":"2025-10-06T10:13:13","date_gmt":"2025-10-06T10:13:13","guid":{"rendered":"https:\/\/skinstudio.ee\/?post_type=product&#038;p=53286"},"modified":"2025-12-30T17:05:04","modified_gmt":"2025-12-30T17:05:04","slug":"bodyshock-intensive-mist","status":"publish","type":"product","link":"https:\/\/skinstudio.ee\/lv\/catalog\/mesoestetic\/bodyshock-intensive-mist\/","title":{"rendered":"Bodyshock Intensive Mist"},"content":{"rendered":"<p data-start=\"90\" data-end=\"564\">Viegls un \u0113rti lietojams intens\u012bvs mists, kas uzlabo problem\u0101tisko zonu izskatu. \u012apa\u0161i efekt\u012bvais <strong data-start=\"188\" data-end=\"217\">[meso]adipoactive complex<\/strong> kop\u0101 ar piena dad\u017ea ekstraktu, kofe\u012bnu un arnikas ekstraktu redzami samazina celul\u012bta izpausmes un pal\u012bdz nostiprin\u0101t \u0101du. Pateicoties vieglajai tekst\u016brai, neredzamajam nosl\u0113gumam un \u0113rtajam izsmidzin\u0101\u0161anas form\u0101tam, produkts ir ide\u0101li piem\u0113rots lieto\u0161anai pirms fizisk\u0101m aktivit\u0101t\u0113m un pastiprina citu <strong data-start=\"521\" data-end=\"534\">Bodyshock<\/strong> l\u012bnijas produktu iedarb\u012bbu.<\/p>\n<p data-start=\"566\" data-end=\"756\">P\u0113c uzkl\u0101\u0161anas var par\u0101d\u012bties neliela sasil\u0161anas vai tirp\u0161anas saj\u016bta, kas ir saist\u012bta ar akt\u012bvo sast\u0101vda\u013cu stimul\u0113jo\u0161o darb\u012bbu. \u0160\u012b saj\u016bta ir \u012bslaic\u012bga un nav uzskat\u0101ma par blakuspar\u0101d\u012bbu.<\/p>\n<p data-start=\"758\" data-end=\"782\"><strong data-start=\"758\" data-end=\"770\">Tilpums:<\/strong> 2 x 35 ml<\/p>\n","protected":false},"excerpt":{"rendered":"<p data-start=\"1785\" data-end=\"1815\">Intens\u012bvs pretcelul\u012bta mists<\/p>\n<h2 data-start=\"1817\" data-end=\"2072\"><strong data-start=\"1817\" data-end=\"1868\">mesoestetic &#8211; Bodyshock Intensive Mist \u012bpa\u0161\u012bbas<\/strong><\/h2>\n<p data-start=\"1817\" data-end=\"2072\">\u2714\ufe0f Uzlabo problem\u0101tisko zonu izskatu un \u0101das tonusu<br data-start=\"1922\" data-end=\"1925\" \/>\u2714\ufe0f Aktiviz\u0113 mikrocirkul\u0101ciju un veicina lipol\u012bzi<br data-start=\"1973\" data-end=\"1976\" \/>\u2714\ufe0f Samazina celul\u012bta redzam\u012bbu un izl\u012bdzina \u0101du<br data-start=\"2023\" data-end=\"2026\" \/>\u2714\ufe0f Sniedz atsvaidzino\u0161u un toniz\u0113jo\u0161u efektu<\/p>\n","protected":false},"featured_media":67014,"template":"","meta":[],"pwb-brand":[1132],"product_brand":[],"product_cat":[757],"product_tag":[],"giftcard-category":[],"class_list":{"0":"post-53286","1":"product","2":"type-product","3":"status-publish","4":"has-post-thumbnail","6":"pwb-brand-mesoestetic","7":"product_cat-kermena-kopsana","9":"first","10":"instock","11":"taxable","12":"shipping-taxable","13":"purchasable","14":"product-type-simple"},"acf":[],"brands":[{"id":1132,"name":"Mesoestetic","slug":"mesoestetic"}],"_links":{"self":[{"href":"https:\/\/skinstudio.ee\/lv\/wp-json\/wp\/v2\/product\/53286","targetHints":{"allow":["GET"]}}],"collection":[{"href":"https:\/\/skinstudio.ee\/lv\/wp-json\/wp\/v2\/product"}],"about":[{"href":"https:\/\/skinstudio.ee\/lv\/wp-json\/wp\/v2\/types\/product"}],"version-history":[{"count":0,"href":"https:\/\/skinstudio.ee\/lv\/wp-json\/wp\/v2\/product\/53286\/revisions"}],"wp:featuredmedia":[{"embeddable":true,"href":"https:\/\/skinstudio.ee\/lv\/wp-json\/wp\/v2\/media\/67014"}],"wp:attachment":[{"href":"https:\/\/skinstudio.ee\/lv\/wp-json\/wp\/v2\/media?parent=53286"}],"wp:term":[{"taxonomy":"pwb-brand","embeddable":true,"href":"https:\/\/skinstudio.ee\/lv\/wp-json\/wp\/v2\/pwb-brand?post=53286"},{"taxonomy":"product_brand","embeddable":true,"href":"https:\/\/skinstudio.ee\/lv\/wp-json\/wp\/v2\/product_brand?post=53286"},{"taxonomy":"product_cat","embeddable":true,"href":"https:\/\/skinstudio.ee\/lv\/wp-json\/wp\/v2\/product_cat?post=53286"},{"taxonomy":"product_tag","embeddable":true,"href":"https:\/\/skinstudio.ee\/lv\/wp-json\/wp\/v2\/product_tag?post=53286"},{"taxonomy":"giftcard-category","embeddable":true,"href":"https:\/\/skinstudio.ee\/lv\/wp-json\/wp\/v2\/giftcard-category?post=53286"}],"curies":[{"name":"wp","href":"https:\/\/api.w.org\/{rel}","templated":true}]}}