{"id":53304,"date":"2025-10-06T10:27:39","date_gmt":"2025-10-06T10:27:39","guid":{"rendered":"https:\/\/skinstudio.ee\/?post_type=product&#038;p=53304"},"modified":"2026-01-26T18:29:20","modified_gmt":"2026-01-26T18:29:20","slug":"bodyshock-firm-up","status":"publish","type":"product","link":"https:\/\/skinstudio.ee\/lv\/catalog\/mesoestetic\/bodyshock-firm-up\/","title":{"rendered":"Bodyshock Firm Up"},"content":{"rendered":"<p data-start=\"72\" data-end=\"661\">Stiprino\u0161s kr\u0113ms ar savelko\u0161u un restrukturiz\u0113jo\u0161u iedarb\u012bbu, izstr\u0101d\u0101ts \u0101dai, kurai nepiecie\u0161ams tonuss un elast\u012bba. <strong data-start=\"190\" data-end=\"211\">Firmware Complex\u2122<\/strong>, kas sast\u0101v no liposom\u0101s iekapsul\u0113ta kofe\u012bna un L-karnit\u012bna, apvienojum\u0101 ar \u0100frikas kig\u0113lijas ekstraktu, pal\u012bdz atjaunot \u0101das tvirtumu viet\u0101s, kur t\u0101 ir zaud\u0113jusi elast\u012bbu \u2013 piem\u0113ram, uz rok\u0101m, gurniem un kr\u016bt\u012bm. Aminosk\u0101bju un olbaltumvielu molekul\u0101r\u0101 pl\u0113ve nodro\u0161ina intens\u012bvu mitrin\u0101\u0161anu un t\u016bl\u012bt\u0113ju liftinga efektu. Formula kop\u0101 ar mas\u0101\u017eas rull\u012bti uzlabo uzkl\u0101\u0161anu, palielina akt\u012bvo vielu iedarb\u012bbu un nodro\u0161ina svaiguma saj\u016btu p\u0113c lieto\u0161anas.<\/p>\n<p data-start=\"663\" data-end=\"684\"><strong data-start=\"663\" data-end=\"675\">Tilpums:<\/strong> 150 ml<\/p>\n","protected":false},"excerpt":{"rendered":"<p data-start=\"732\" data-end=\"783\">\u0136erme\u0146a \u0101du nostiprino\u0161s kr\u0113ms<\/p>\n<h2 data-start=\"785\" data-end=\"829\"><strong data-start=\"785\" data-end=\"829\">\u012apa\u0161\u012bbas mesoestetic &#8211; Bodyshock Firm Up<\/strong><\/h2>\n<p data-start=\"831\" data-end=\"1026\">\u2714\ufe0f Uzlabo \u0101das tvirtumu un elast\u012bbu<br data-start=\"866\" data-end=\"869\" \/>\u2714\ufe0f Redzami nostiprina problem\u0101tisk\u0101s zonas<br data-start=\"911\" data-end=\"914\" \/>\u2714\ufe0f Palielina \u0101das tonusu un bl\u012bvumu<br data-start=\"949\" data-end=\"952\" \/>\u2714\ufe0f Nodro\u0161ina izteiktu liftinga efektu<br data-start=\"989\" data-end=\"992\" \/>\u2714\ufe0f Mitrina un padara \u0101du glud\u0101ku<\/p>\n","protected":false},"featured_media":67008,"template":"","meta":[],"pwb-brand":[1132],"product_brand":[],"product_cat":[757],"product_tag":[],"giftcard-category":[],"class_list":{"0":"post-53304","1":"product","2":"type-product","3":"status-publish","4":"has-post-thumbnail","6":"pwb-brand-mesoestetic","7":"product_cat-kermena-kopsana","9":"first","10":"instock","11":"taxable","12":"shipping-taxable","13":"purchasable","14":"product-type-simple"},"acf":[],"brands":[{"id":1132,"name":"Mesoestetic","slug":"mesoestetic"}],"_links":{"self":[{"href":"https:\/\/skinstudio.ee\/lv\/wp-json\/wp\/v2\/product\/53304","targetHints":{"allow":["GET"]}}],"collection":[{"href":"https:\/\/skinstudio.ee\/lv\/wp-json\/wp\/v2\/product"}],"about":[{"href":"https:\/\/skinstudio.ee\/lv\/wp-json\/wp\/v2\/types\/product"}],"version-history":[{"count":1,"href":"https:\/\/skinstudio.ee\/lv\/wp-json\/wp\/v2\/product\/53304\/revisions"}],"predecessor-version":[{"id":76863,"href":"https:\/\/skinstudio.ee\/lv\/wp-json\/wp\/v2\/product\/53304\/revisions\/76863"}],"wp:featuredmedia":[{"embeddable":true,"href":"https:\/\/skinstudio.ee\/lv\/wp-json\/wp\/v2\/media\/67008"}],"wp:attachment":[{"href":"https:\/\/skinstudio.ee\/lv\/wp-json\/wp\/v2\/media?parent=53304"}],"wp:term":[{"taxonomy":"pwb-brand","embeddable":true,"href":"https:\/\/skinstudio.ee\/lv\/wp-json\/wp\/v2\/pwb-brand?post=53304"},{"taxonomy":"product_brand","embeddable":true,"href":"https:\/\/skinstudio.ee\/lv\/wp-json\/wp\/v2\/product_brand?post=53304"},{"taxonomy":"product_cat","embeddable":true,"href":"https:\/\/skinstudio.ee\/lv\/wp-json\/wp\/v2\/product_cat?post=53304"},{"taxonomy":"product_tag","embeddable":true,"href":"https:\/\/skinstudio.ee\/lv\/wp-json\/wp\/v2\/product_tag?post=53304"},{"taxonomy":"giftcard-category","embeddable":true,"href":"https:\/\/skinstudio.ee\/lv\/wp-json\/wp\/v2\/giftcard-category?post=53304"}],"curies":[{"name":"wp","href":"https:\/\/api.w.org\/{rel}","templated":true}]}}