{"id":53320,"date":"2025-10-06T10:50:25","date_gmt":"2025-10-06T10:50:25","guid":{"rendered":"https:\/\/skinstudio.ee\/?post_type=product&#038;p=53320"},"modified":"2025-12-30T17:05:04","modified_gmt":"2025-12-30T17:05:04","slug":"bodyshock-essential-cream","status":"publish","type":"product","link":"https:\/\/skinstudio.ee\/lv\/catalog\/mesoestetic\/bodyshock-essential-cream\/","title":{"rendered":"Bodyshock Essential Cream"},"content":{"rendered":"<p data-start=\"78\" data-end=\"558\">\u0100tri uzs\u016bco\u0161s mitrino\u0161s kr\u0113ms, kas nekav\u0113joties sniedz svaiguma un maiguma saj\u016btu. Formula apvieno augu ekstraktus ar pier\u0101d\u012btu re\u0123ener\u0113jo\u0161u un biolo\u0123iski l\u012bdzsvarojo\u0161u iedarb\u012bbu, tostarp <strong data-start=\"266\" data-end=\"290\">Huang Qi (astrag\u0101ls)<\/strong> un <strong data-start=\"294\" data-end=\"333\">Centella Asiatica (\u0100zijas centella)<\/strong>, kas pal\u012bdz uzlabot \u0101das elast\u012bbu un tvirtumu, redzami samazina un nov\u0113r\u0161 striju veido\u0161anos. <strong data-start=\"427\" data-end=\"448\">Liposom\u0101l\u0101s e\u013c\u013cas<\/strong>un <strong data-start=\"452\" data-end=\"466\">\u0161\u012b sviests<\/strong> nodro\u0161ina intens\u012bvu baro\u0161anu un antioksidantu aizsardz\u012bbu, padarot \u0101du gludu un elast\u012bgu.<\/p>\n<p data-start=\"560\" data-end=\"581\"><strong data-start=\"560\" data-end=\"572\">Tilpums:<\/strong> 250 ml<\/p>\n","protected":false},"excerpt":{"rendered":"<p data-start=\"876\" data-end=\"901\">Mitrino\u0161s \u0137erme\u0146a kr\u0113ms<\/p>\n<h2 data-start=\"903\" data-end=\"1184\"><strong data-start=\"903\" data-end=\"955\">mesoestetic &#8211; Bodyshock Essential Cream \u012bpa\u0161\u012bbas<\/strong><\/h2>\n<p data-start=\"903\" data-end=\"1184\">\u2714\ufe0f Dzi\u013ci mitrina un m\u012bkstina \u0101du<br data-start=\"990\" data-end=\"993\" \/>\u2714\ufe0f Uzlabo \u0101das elast\u012bbu un tvirtumu<br data-start=\"1028\" data-end=\"1031\" \/>\u2714\ufe0f Samazina un pal\u012bdz nov\u0113rst striju veido\u0161anos<br data-start=\"1078\" data-end=\"1081\" \/>\u2714\ufe0f Baro un aizsarg\u0101 \u0101du ar \u0161\u012b sviestu un liposom\u0101laj\u0101m e\u013c\u013c\u0101m<br data-start=\"1141\" data-end=\"1144\" \/>\u2714\ufe0f Atjauno komforta un svaiguma saj\u016btu<\/p>\n","protected":false},"featured_media":53313,"template":"","meta":[],"pwb-brand":[1132],"product_brand":[],"product_cat":[757],"product_tag":[],"giftcard-category":[],"class_list":{"0":"post-53320","1":"product","2":"type-product","3":"status-publish","4":"has-post-thumbnail","6":"pwb-brand-mesoestetic","7":"product_cat-kermena-kopsana","9":"first","10":"instock","11":"taxable","12":"shipping-taxable","13":"purchasable","14":"product-type-simple"},"acf":[],"brands":[{"id":1132,"name":"Mesoestetic","slug":"mesoestetic"}],"_links":{"self":[{"href":"https:\/\/skinstudio.ee\/lv\/wp-json\/wp\/v2\/product\/53320","targetHints":{"allow":["GET"]}}],"collection":[{"href":"https:\/\/skinstudio.ee\/lv\/wp-json\/wp\/v2\/product"}],"about":[{"href":"https:\/\/skinstudio.ee\/lv\/wp-json\/wp\/v2\/types\/product"}],"version-history":[{"count":0,"href":"https:\/\/skinstudio.ee\/lv\/wp-json\/wp\/v2\/product\/53320\/revisions"}],"wp:featuredmedia":[{"embeddable":true,"href":"https:\/\/skinstudio.ee\/lv\/wp-json\/wp\/v2\/media\/53313"}],"wp:attachment":[{"href":"https:\/\/skinstudio.ee\/lv\/wp-json\/wp\/v2\/media?parent=53320"}],"wp:term":[{"taxonomy":"pwb-brand","embeddable":true,"href":"https:\/\/skinstudio.ee\/lv\/wp-json\/wp\/v2\/pwb-brand?post=53320"},{"taxonomy":"product_brand","embeddable":true,"href":"https:\/\/skinstudio.ee\/lv\/wp-json\/wp\/v2\/product_brand?post=53320"},{"taxonomy":"product_cat","embeddable":true,"href":"https:\/\/skinstudio.ee\/lv\/wp-json\/wp\/v2\/product_cat?post=53320"},{"taxonomy":"product_tag","embeddable":true,"href":"https:\/\/skinstudio.ee\/lv\/wp-json\/wp\/v2\/product_tag?post=53320"},{"taxonomy":"giftcard-category","embeddable":true,"href":"https:\/\/skinstudio.ee\/lv\/wp-json\/wp\/v2\/giftcard-category?post=53320"}],"curies":[{"name":"wp","href":"https:\/\/api.w.org\/{rel}","templated":true}]}}