{"id":53353,"date":"2025-10-06T13:09:28","date_gmt":"2025-10-06T13:09:28","guid":{"rendered":"https:\/\/skinstudio.ee\/?post_type=product&#038;p=53353"},"modified":"2026-04-15T09:15:40","modified_gmt":"2026-04-15T09:15:40","slug":"grascontrol-detox-powder","status":"publish","type":"product","link":"https:\/\/skinstudio.ee\/lv\/catalog\/mesoestetic\/grascontrol-detox-powder\/","title":{"rendered":"Grascontrol Detox Powder"},"content":{"rendered":"<p data-start=\"119\" data-end=\"230\"><strong data-start=\"119\" data-end=\"230\">Grascontrol Detox Powder no Mesoestetic &#8211; uztura bag\u0101tin\u0101t\u0101js pulvera veid\u0101 ar augu izcelsmes komponentiem.<\/strong><\/p>\n<p data-start=\"232\" data-end=\"412\">Formula paredz\u0113ta ikdienas lieto\u0161anai un satur sast\u0101vda\u013cas, kuras pla\u0161i izmanto uztura bag\u0101tin\u0101t\u0101jos. Pulverveida forma ir paredz\u0113ta \u0161\u0137\u012bdin\u0101\u0161anai \u016bden\u012b un nodro\u0161ina \u0113rtu lieto\u0161anu.<\/p>\n<p data-start=\"414\" data-end=\"510\">Sast\u0101v\u0101 ir augu ekstrakti un papildu komponenti. Produkts piem\u0113rots iek\u013cau\u0161anai ikdienas uztur\u0101.<\/p>\n<p data-start=\"512\" data-end=\"704\"><strong data-start=\"512\" data-end=\"530\">Ra\u017eots Eirop\u0101.<\/strong><br data-start=\"530\" data-end=\"533\" \/><strong data-start=\"533\" data-end=\"554\">Der\u012bguma termi\u0146\u0161:<\/strong> skat\u012bt uz iepakojuma<br data-start=\"575\" data-end=\"578\" \/><strong data-start=\"578\" data-end=\"604\">Uzglab\u0101\u0161anas apst\u0101k\u013ci:<\/strong> uzglab\u0101t cie\u0161i nosl\u0113gtu saus\u0101, v\u0113s\u0101 viet\u0101, prom no tie\u0161iem saules stariem<br data-start=\"678\" data-end=\"681\" \/><strong data-start=\"681\" data-end=\"693\">Tilpums:<\/strong> 20 \u00d7 3 g<\/p>\n","protected":false},"excerpt":{"rendered":"<p data-start=\"1284\" data-end=\"1313\">Pulvera uztura bag\u0101tin\u0101t\u0101js<\/p>\n<h2 data-start=\"1315\" data-end=\"1366\"><strong data-start=\"1315\" data-end=\"1366\">\u012apa\u0161\u012bbas Mesoestetic &#8211; Grascontrol Detox Powder<\/strong><\/h2>\n<p data-start=\"1368\" data-end=\"1539\">\u2714\ufe0f Augu ekstrakti sast\u0101v\u0101<br data-start=\"1393\" data-end=\"1396\" \/>\u2714\ufe0f Pulverveida forma \u0161\u0137\u012bdin\u0101\u0161anai \u016bden\u012b<br data-start=\"1435\" data-end=\"1438\" \/>\u2714\ufe0f Piem\u0113rots lieto\u0161anai kursa veid\u0101<br data-start=\"1473\" data-end=\"1476\" \/>\u2714\ufe0f Daudzkomponentu sast\u0101vs<br data-start=\"1502\" data-end=\"1505\" \/>\u2714\ufe0f Piem\u0113rots ikdienas lieto\u0161anai<\/p>\n","protected":false},"featured_media":66998,"template":"","meta":[],"pwb-brand":[1132],"product_brand":[],"product_cat":[768],"product_tag":[],"giftcard-category":[],"class_list":{"0":"post-53353","1":"product","2":"type-product","3":"status-publish","4":"has-post-thumbnail","6":"pwb-brand-mesoestetic","7":"product_cat-vitamini","9":"first","10":"instock","11":"taxable","12":"shipping-taxable","13":"purchasable","14":"product-type-simple"},"acf":[],"brands":[{"id":1132,"name":"Mesoestetic","slug":"mesoestetic"}],"_links":{"self":[{"href":"https:\/\/skinstudio.ee\/lv\/wp-json\/wp\/v2\/product\/53353","targetHints":{"allow":["GET"]}}],"collection":[{"href":"https:\/\/skinstudio.ee\/lv\/wp-json\/wp\/v2\/product"}],"about":[{"href":"https:\/\/skinstudio.ee\/lv\/wp-json\/wp\/v2\/types\/product"}],"version-history":[{"count":2,"href":"https:\/\/skinstudio.ee\/lv\/wp-json\/wp\/v2\/product\/53353\/revisions"}],"predecessor-version":[{"id":90942,"href":"https:\/\/skinstudio.ee\/lv\/wp-json\/wp\/v2\/product\/53353\/revisions\/90942"}],"wp:featuredmedia":[{"embeddable":true,"href":"https:\/\/skinstudio.ee\/lv\/wp-json\/wp\/v2\/media\/66998"}],"wp:attachment":[{"href":"https:\/\/skinstudio.ee\/lv\/wp-json\/wp\/v2\/media?parent=53353"}],"wp:term":[{"taxonomy":"pwb-brand","embeddable":true,"href":"https:\/\/skinstudio.ee\/lv\/wp-json\/wp\/v2\/pwb-brand?post=53353"},{"taxonomy":"product_brand","embeddable":true,"href":"https:\/\/skinstudio.ee\/lv\/wp-json\/wp\/v2\/product_brand?post=53353"},{"taxonomy":"product_cat","embeddable":true,"href":"https:\/\/skinstudio.ee\/lv\/wp-json\/wp\/v2\/product_cat?post=53353"},{"taxonomy":"product_tag","embeddable":true,"href":"https:\/\/skinstudio.ee\/lv\/wp-json\/wp\/v2\/product_tag?post=53353"},{"taxonomy":"giftcard-category","embeddable":true,"href":"https:\/\/skinstudio.ee\/lv\/wp-json\/wp\/v2\/giftcard-category?post=53353"}],"curies":[{"name":"wp","href":"https:\/\/api.w.org\/{rel}","templated":true}]}}