{"id":53383,"date":"2025-10-06T15:01:52","date_gmt":"2025-10-06T15:01:52","guid":{"rendered":"https:\/\/skinstudio.ee\/?post_type=product&#038;p=53383"},"modified":"2026-04-15T09:12:20","modified_gmt":"2026-04-15T09:12:20","slug":"grascontrol-lipactive-solution","status":"publish","type":"product","link":"https:\/\/skinstudio.ee\/lv\/catalog\/mesoestetic\/grascontrol-lipactive-solution\/","title":{"rendered":"Grascontrol Lipactive Solution"},"content":{"rendered":"<p data-start=\"76\" data-end=\"207\"><strong data-start=\"76\" data-end=\"207\">Grascontrol Lipactive Solution no Mesoestetic &#8211; uztura bag\u0101tin\u0101t\u0101js \u0161\u0137idr\u0101 form\u0101 ar L-karnit\u012bnu un augu izcelsmes komponentiem.<\/strong><\/p>\n<p data-start=\"209\" data-end=\"388\">Formula paredz\u0113ta ikdienas lieto\u0161anai un satur sast\u0101vda\u013cas, kuras pla\u0161i izmanto uztura bag\u0101tin\u0101t\u0101jos. \u0160\u0137idr\u0101 forma nodro\u0161ina \u0113rtu lieto\u0161anu un ir piem\u0113rota lieto\u0161anai kursa veid\u0101.<\/p>\n<p data-start=\"390\" data-end=\"508\">Sast\u0101v\u0101 ir L-karnit\u012bns, \u017ee\u0146\u0161e\u0146a ekstrakts un r\u016bgt\u0101 apels\u012bna ekstrakts. Produkts piem\u0113rots iek\u013cau\u0161anai ikdienas uztur\u0101.<\/p>\n<p data-start=\"510\" data-end=\"704\"><strong data-start=\"510\" data-end=\"528\">Ra\u017eots Eirop\u0101.<\/strong><br data-start=\"528\" data-end=\"531\" \/><strong data-start=\"531\" data-end=\"552\">Der\u012bguma termi\u0146\u0161:<\/strong> skat\u012bt uz iepakojuma<br data-start=\"573\" data-end=\"576\" \/><strong data-start=\"576\" data-end=\"602\">Uzglab\u0101\u0161anas apst\u0101k\u013ci:<\/strong> uzglab\u0101t cie\u0161i nosl\u0113gtu saus\u0101, v\u0113s\u0101 viet\u0101, prom no tie\u0161iem saules stariem<br data-start=\"676\" data-end=\"679\" \/><strong data-start=\"679\" data-end=\"691\">Tilpums:<\/strong> 14 \u00d7 10 ml<\/p>\n","protected":false},"excerpt":{"rendered":"<p data-start=\"1294\" data-end=\"1322\">\u0160\u0137idr\u0101 uztura bag\u0101tin\u0101t\u0101js<\/p>\n<h2 data-start=\"1324\" data-end=\"1381\"><strong data-start=\"1324\" data-end=\"1381\">\u012apa\u0161\u012bbas Mesoestetic &#8211; Grascontrol Lipactive Solution<\/strong><\/h2>\n<p data-start=\"1383\" data-end=\"1562\">\u2714\ufe0f L-karnit\u012bns un augu ekstrakti sast\u0101v\u0101<br data-start=\"1423\" data-end=\"1426\" \/>\u2714\ufe0f \u0160\u0137idr\u0101 forma \u0113rtai lieto\u0161anai<br data-start=\"1458\" data-end=\"1461\" \/>\u2714\ufe0f Piem\u0113rots lieto\u0161anai kursa veid\u0101<br data-start=\"1496\" data-end=\"1499\" \/>\u2714\ufe0f Daudzkomponentu sast\u0101vs<br data-start=\"1525\" data-end=\"1528\" \/>\u2714\ufe0f Piem\u0113rots ikdienas lieto\u0161anai<\/p>\n","protected":false},"featured_media":53374,"template":"","meta":[],"pwb-brand":[1132],"product_brand":[],"product_cat":[768],"product_tag":[],"giftcard-category":[],"class_list":{"0":"post-53383","1":"product","2":"type-product","3":"status-publish","4":"has-post-thumbnail","6":"pwb-brand-mesoestetic","7":"product_cat-vitamini","9":"first","10":"instock","11":"taxable","12":"shipping-taxable","13":"purchasable","14":"product-type-simple"},"acf":[],"brands":[{"id":1132,"name":"Mesoestetic","slug":"mesoestetic"}],"_links":{"self":[{"href":"https:\/\/skinstudio.ee\/lv\/wp-json\/wp\/v2\/product\/53383","targetHints":{"allow":["GET"]}}],"collection":[{"href":"https:\/\/skinstudio.ee\/lv\/wp-json\/wp\/v2\/product"}],"about":[{"href":"https:\/\/skinstudio.ee\/lv\/wp-json\/wp\/v2\/types\/product"}],"version-history":[{"count":2,"href":"https:\/\/skinstudio.ee\/lv\/wp-json\/wp\/v2\/product\/53383\/revisions"}],"predecessor-version":[{"id":90937,"href":"https:\/\/skinstudio.ee\/lv\/wp-json\/wp\/v2\/product\/53383\/revisions\/90937"}],"wp:featuredmedia":[{"embeddable":true,"href":"https:\/\/skinstudio.ee\/lv\/wp-json\/wp\/v2\/media\/53374"}],"wp:attachment":[{"href":"https:\/\/skinstudio.ee\/lv\/wp-json\/wp\/v2\/media?parent=53383"}],"wp:term":[{"taxonomy":"pwb-brand","embeddable":true,"href":"https:\/\/skinstudio.ee\/lv\/wp-json\/wp\/v2\/pwb-brand?post=53383"},{"taxonomy":"product_brand","embeddable":true,"href":"https:\/\/skinstudio.ee\/lv\/wp-json\/wp\/v2\/product_brand?post=53383"},{"taxonomy":"product_cat","embeddable":true,"href":"https:\/\/skinstudio.ee\/lv\/wp-json\/wp\/v2\/product_cat?post=53383"},{"taxonomy":"product_tag","embeddable":true,"href":"https:\/\/skinstudio.ee\/lv\/wp-json\/wp\/v2\/product_tag?post=53383"},{"taxonomy":"giftcard-category","embeddable":true,"href":"https:\/\/skinstudio.ee\/lv\/wp-json\/wp\/v2\/giftcard-category?post=53383"}],"curies":[{"name":"wp","href":"https:\/\/api.w.org\/{rel}","templated":true}]}}