{"id":53505,"date":"2025-10-11T09:43:22","date_gmt":"2025-10-11T09:43:22","guid":{"rendered":"https:\/\/skinstudio.ee\/?post_type=product&#038;p=53505"},"modified":"2025-12-30T17:05:06","modified_gmt":"2025-12-30T17:05:06","slug":"hydracream-fusion","status":"publish","type":"product","link":"https:\/\/skinstudio.ee\/lv\/catalog\/mesoestetic\/hydracream-fusion\/","title":{"rendered":"Hydracream Fusion"},"content":{"rendered":"<p data-start=\"77\" data-end=\"504\"><strong data-start=\"77\" data-end=\"98\">Hydracream Fusion<\/strong> ir grezns jaun\u0101s paaudzes att\u012bro\u0161s kr\u0113ma\u2013e\u013c\u013cas l\u012bdzeklis, kas apvieno maigu kop\u0161anu ar dzi\u013cas att\u012br\u012b\u0161anas efektivit\u0101ti. T\u0101 unik\u0101l\u0101 tekst\u016bra, saskaroties ar \u0101du, p\u0101rv\u0113r\u0161as z\u012bdain\u0101 e\u013c\u013c\u0101, kas saudz\u012bgi iz\u0161\u0137\u012bdina kosm\u0113tiku, lieko sebumu un net\u012brumus, saglab\u0101jot \u0101das dabisko l\u012bdzsvaru un aizsargbarjeru.<br data-start=\"397\" data-end=\"400\" \/>Formula \u012bpa\u0161i izstr\u0101d\u0101ta sausai un jut\u012bgai \u0101dai, kurai nepiecie\u0161ams komforts, baro\u0161ana un atjauno\u0161ana.<\/p>\n<p data-start=\"506\" data-end=\"953\">Bag\u0101tin\u0101ts ar augu izcelsmes skval\u0101nu, kr\u0113ms dzi\u013ci baro \u0101du, uzlabo elast\u012bbu un padara to maigu un samtainu, neatst\u0101jot taukainu p\u0101rkl\u0101jumu. Akt\u012bvais postbioti\u0137is <strong data-start=\"669\" data-end=\"694\">Lactobacillus Ferment<\/strong> uztur \u0101das mikrobiomu un stiprina t\u0101s dabisko aizsargbarjeru, pal\u012bdzot saglab\u0101t vesel\u012bgu un notur\u012bgu \u0101du. Biotehnolo\u0123iskais komplekss <strong data-start=\"829\" data-end=\"844\">Urban D-tox<\/strong> aizsarg\u0101 no pils\u0113tas pies\u0101r\u0146ojuma, samazina oksidat\u012bvo stresu un pal\u012bdz nov\u0113rst priek\u0161laic\u012bgu noveco\u0161anos.<\/p>\n<p data-start=\"955\" data-end=\"1038\">Rezult\u0101ts \u2013 t\u012bra, svaiga, m\u012bksta un starojo\u0161a \u0101da, kas pilna mitruma un komforta.<\/p>\n<p data-start=\"1040\" data-end=\"1065\"><strong data-start=\"1040\" data-end=\"1052\">Tilpums:<\/strong> <strong data-start=\"1053\" data-end=\"1063\">100 ml<\/strong><\/p>\n","protected":false},"excerpt":{"rendered":"<p data-start=\"1587\" data-end=\"1656\">Maigs att\u012bro\u0161s kr\u0113ma\u2013e\u013c\u013cas l\u012bdzeklis \u0101das baro\u0161anai un atjauno\u0161anai<\/p>\n<h2 data-start=\"1658\" data-end=\"1961\"><strong data-start=\"1658\" data-end=\"1702\">Mesoestetic &#8211; Hydracream Fusion \u012bpa\u0161\u012bbas<\/strong><\/h2>\n<p data-start=\"1658\" data-end=\"1961\">\u2714\ufe0f Dzi\u013ci att\u012bra \u0101du, nesaboj\u0101jot aizsargbarjeru<br data-start=\"1752\" data-end=\"1755\" \/>\u2714\ufe0f Baro, m\u012bkstina un padara \u0101du z\u012bdainu<br data-start=\"1794\" data-end=\"1797\" \/>\u2714\ufe0f Satur skval\u0101nu un postbioti\u0137us mikrobioma l\u012bdzsvaro\u0161anai<br data-start=\"1856\" data-end=\"1859\" \/>\u2714\ufe0f Aizsarg\u0101 \u0101du no pies\u0101r\u0146ojuma un oksidat\u012bv\u0101 stresa<br data-start=\"1911\" data-end=\"1914\" \/>\u2714\ufe0f Uztur optim\u0101lu mitruma un elast\u012bbas l\u012bmeni<\/p>\n","protected":false},"featured_media":53497,"template":"","meta":[],"pwb-brand":[1132],"product_brand":[],"product_cat":[715,745,739],"product_tag":[],"giftcard-category":[],"class_list":{"0":"post-53505","1":"product","2":"type-product","3":"status-publish","4":"has-post-thumbnail","6":"pwb-brand-mesoestetic","7":"product_cat-attirisana","8":"product_cat-jutiga-ada","9":"product_cat-sausa-ada","11":"first","12":"instock","13":"taxable","14":"shipping-taxable","15":"purchasable","16":"product-type-simple"},"acf":[],"brands":[{"id":1132,"name":"Mesoestetic","slug":"mesoestetic"}],"_links":{"self":[{"href":"https:\/\/skinstudio.ee\/lv\/wp-json\/wp\/v2\/product\/53505","targetHints":{"allow":["GET"]}}],"collection":[{"href":"https:\/\/skinstudio.ee\/lv\/wp-json\/wp\/v2\/product"}],"about":[{"href":"https:\/\/skinstudio.ee\/lv\/wp-json\/wp\/v2\/types\/product"}],"version-history":[{"count":0,"href":"https:\/\/skinstudio.ee\/lv\/wp-json\/wp\/v2\/product\/53505\/revisions"}],"wp:featuredmedia":[{"embeddable":true,"href":"https:\/\/skinstudio.ee\/lv\/wp-json\/wp\/v2\/media\/53497"}],"wp:attachment":[{"href":"https:\/\/skinstudio.ee\/lv\/wp-json\/wp\/v2\/media?parent=53505"}],"wp:term":[{"taxonomy":"pwb-brand","embeddable":true,"href":"https:\/\/skinstudio.ee\/lv\/wp-json\/wp\/v2\/pwb-brand?post=53505"},{"taxonomy":"product_brand","embeddable":true,"href":"https:\/\/skinstudio.ee\/lv\/wp-json\/wp\/v2\/product_brand?post=53505"},{"taxonomy":"product_cat","embeddable":true,"href":"https:\/\/skinstudio.ee\/lv\/wp-json\/wp\/v2\/product_cat?post=53505"},{"taxonomy":"product_tag","embeddable":true,"href":"https:\/\/skinstudio.ee\/lv\/wp-json\/wp\/v2\/product_tag?post=53505"},{"taxonomy":"giftcard-category","embeddable":true,"href":"https:\/\/skinstudio.ee\/lv\/wp-json\/wp\/v2\/giftcard-category?post=53505"}],"curies":[{"name":"wp","href":"https:\/\/api.w.org\/{rel}","templated":true}]}}