{"id":53676,"date":"2025-10-16T13:20:09","date_gmt":"2025-10-16T13:20:09","guid":{"rendered":"https:\/\/skinstudio.ee\/?post_type=product&#038;p=53676"},"modified":"2025-12-30T17:05:06","modified_gmt":"2025-12-30T17:05:06","slug":"purifying-mousse","status":"publish","type":"product","link":"https:\/\/skinstudio.ee\/lv\/catalog\/mesoestetic\/purifying-mousse\/","title":{"rendered":"Purifying Mousse"},"content":{"rendered":"<p data-start=\"182\" data-end=\"563\">Jaun\u0101s paaudzes att\u012bro\u0161as putas taukainai, kombin\u0113tai un problem\u0101tiskai \u0101dai ar noslieci uz akni. Mesoestetic Purifying Mousse apvieno dermatolo\u0123isku efektivit\u0101ti ar maigu kop\u0161anu \u2013 dzi\u013ci att\u012bra poras, likvid\u0113 lieko sebumu un net\u012brumus, atst\u0101jot \u0101du svaigu, gludu un mat\u0113tu. Viegl\u0101, gais\u012bg\u0101 tekst\u016bra vienm\u0113r\u012bgi kl\u0101jas uz \u0101das, neizraisot sausumu un nesaboj\u0101jot dabisko l\u012bdzsvaru.<\/p>\n<p data-start=\"565\" data-end=\"950\">Formula ir bag\u0101tin\u0101ta ar hlorheksid\u012bnu \u2013 antiseptisku sast\u0101vda\u013cu, kas pal\u012bdz nov\u0113rst bakt\u0113riju vairo\u0161anos, kas izraisa iekaisumus. Salicilsk\u0101be un piensk\u0101be optim\u0101l\u0101 koncentr\u0101cij\u0101 veicina \u0161\u016bnu atjauno\u0161anos un poru att\u012br\u012b\u0161anu, uzlabojot \u0101das tekst\u016bru un samazinot nepiln\u012bbas. P\u0113c pirm\u0101s lieto\u0161anas \u0101da k\u013c\u016bst redzami t\u012br\u0101ka, bet regul\u0101ri lietojot \u2013 vienm\u0113r\u012bg\u0101ka, glud\u0101ka un vesel\u012bg\u0101ka.<\/p>\n<p data-start=\"952\" data-end=\"972\"><strong data-start=\"952\" data-end=\"963\">Tilpums<\/strong> 150 ml<\/p>\n","protected":false},"excerpt":{"rendered":"<p data-start=\"1313\" data-end=\"1345\">Att\u012bro\u0161as putas taukainai \u0101dai<\/p>\n<h2 data-start=\"1347\" data-end=\"1673\"><strong data-start=\"1347\" data-end=\"1390\">Mesoestetic &#8211; Purifying Mousse \u012bpa\u0161\u012bbas<\/strong><\/h2>\n<p data-start=\"1347\" data-end=\"1673\">\u2714\ufe0f Dzi\u013ci att\u012bra un no\u0146em lieko sebumu un net\u012brumus<br data-start=\"1443\" data-end=\"1446\" \/>\u2714\ufe0f Uztur \u0101das mikrobioma un aizsargbarjeras l\u012bdzsvaru<br data-start=\"1499\" data-end=\"1502\" \/>\u2714\ufe0f Nodro\u0161ina antiseptisku un pretiekaisuma iedarb\u012bbu<br data-start=\"1554\" data-end=\"1557\" \/>\u2714\ufe0f Samazina melno punktu veido\u0161anos un nov\u0113r\u0161 akni<br data-start=\"1607\" data-end=\"1610\" \/>\u2714\ufe0f Uzlabo \u0101das tekst\u016bru un toni, pie\u0161\u0137irot svaigumu un t\u012br\u012bbu<\/p>\n","protected":false},"featured_media":53667,"template":"","meta":[],"pwb-brand":[1132],"product_brand":[],"product_cat":[715,741,747],"product_tag":[],"giftcard-category":[],"class_list":{"0":"post-53676","1":"product","2":"type-product","3":"status-publish","4":"has-post-thumbnail","6":"pwb-brand-mesoestetic","7":"product_cat-attirisana","8":"product_cat-izsitumi","9":"product_cat-taukainai-adai","11":"first","12":"instock","13":"taxable","14":"shipping-taxable","15":"purchasable","16":"product-type-simple"},"acf":[],"brands":[{"id":1132,"name":"Mesoestetic","slug":"mesoestetic"}],"_links":{"self":[{"href":"https:\/\/skinstudio.ee\/lv\/wp-json\/wp\/v2\/product\/53676","targetHints":{"allow":["GET"]}}],"collection":[{"href":"https:\/\/skinstudio.ee\/lv\/wp-json\/wp\/v2\/product"}],"about":[{"href":"https:\/\/skinstudio.ee\/lv\/wp-json\/wp\/v2\/types\/product"}],"version-history":[{"count":0,"href":"https:\/\/skinstudio.ee\/lv\/wp-json\/wp\/v2\/product\/53676\/revisions"}],"wp:featuredmedia":[{"embeddable":true,"href":"https:\/\/skinstudio.ee\/lv\/wp-json\/wp\/v2\/media\/53667"}],"wp:attachment":[{"href":"https:\/\/skinstudio.ee\/lv\/wp-json\/wp\/v2\/media?parent=53676"}],"wp:term":[{"taxonomy":"pwb-brand","embeddable":true,"href":"https:\/\/skinstudio.ee\/lv\/wp-json\/wp\/v2\/pwb-brand?post=53676"},{"taxonomy":"product_brand","embeddable":true,"href":"https:\/\/skinstudio.ee\/lv\/wp-json\/wp\/v2\/product_brand?post=53676"},{"taxonomy":"product_cat","embeddable":true,"href":"https:\/\/skinstudio.ee\/lv\/wp-json\/wp\/v2\/product_cat?post=53676"},{"taxonomy":"product_tag","embeddable":true,"href":"https:\/\/skinstudio.ee\/lv\/wp-json\/wp\/v2\/product_tag?post=53676"},{"taxonomy":"giftcard-category","embeddable":true,"href":"https:\/\/skinstudio.ee\/lv\/wp-json\/wp\/v2\/giftcard-category?post=53676"}],"curies":[{"name":"wp","href":"https:\/\/api.w.org\/{rel}","templated":true}]}}