{"id":53694,"date":"2025-10-16T13:34:38","date_gmt":"2025-10-16T13:34:38","guid":{"rendered":"https:\/\/skinstudio.ee\/?post_type=product&#038;p=53694"},"modified":"2025-12-30T17:05:06","modified_gmt":"2025-12-30T17:05:06","slug":"hydratonic-mist","status":"publish","type":"product","link":"https:\/\/skinstudio.ee\/lv\/catalog\/mesoestetic\/hydratonic-mist\/","title":{"rendered":"Hydratonic Mist"},"content":{"rendered":"<p data-start=\"276\" data-end=\"670\">Maigs mitrino\u0161s toniks-migla, kas paredz\u0113ta visiem \u0101das tipiem, \u012bpa\u0161i sausai un jut\u012bgai \u0101dai, kurai nepiecie\u0161ama intens\u012bva mitrin\u0101\u0161ana un atjauno\u0161ana. Mesoestetic Hydratonic Mist efekt\u012bvi toniz\u0113 \u0101du, atjauno t\u0101s l\u012bdzsvaru un pie\u0161\u0137ir svaiguma saj\u016btu. Pateicoties savam sast\u0101vam, tas lieliski papildina profesion\u0101las proced\u016bras, piem\u0113ram, mezoterapiju, \u0137\u012bmiskos p\u012blingus vai l\u0101zera atjauno\u0161anu.<\/p>\n<p data-start=\"672\" data-end=\"1162\">Ro\u017e\u016bdens un pantenola (provitam\u012bna B5) kombin\u0101cija nodro\u0161ina dzi\u013cu mitrin\u0101\u0161anu un maigumu, veicina re\u0123ener\u0101ciju un nomierina kairin\u0101jumus, atjaunojot \u0101dai komfortu. Postbioti\u0137is Lactobacillus Ferment pal\u012bdz saglab\u0101t mikrobioma l\u012bdzsvaru un stiprina \u0101das aizsargbarjeru, savuk\u0101rt akt\u012bv\u0101 viela Urban D-tox efekt\u012bvi neitraliz\u0113 pies\u0101r\u0146ojumu un samazina oksidat\u012bvo stresu, nov\u0113r\u0161ot priek\u0161laic\u012bgu noveco\u0161anos. Regul\u0101ri lietojot, \u0101da k\u013c\u016bst stingr\u0101ka, elast\u012bg\u0101ka un iztur\u012bg\u0101ka pret kairin\u0101jumiem.<\/p>\n<p data-start=\"1164\" data-end=\"1185\"><strong data-start=\"1164\" data-end=\"1176\">Tilpums:<\/strong> 125 ml<\/p>\n","protected":false},"excerpt":{"rendered":"<p data-start=\"1394\" data-end=\"1418\">Mitrino\u0161s toniks-migla<\/p>\n<h2 data-start=\"1420\" data-end=\"1724\"><strong data-start=\"1420\" data-end=\"1462\">Mesoestetic &#8211; Hydratonic Mist \u012bpa\u0161\u012bbas<\/strong><\/h2>\n<p data-start=\"1420\" data-end=\"1724\">\u2714\ufe0f Atjauno \u0101das dabisko pH un l\u012bdzsvaru<br data-start=\"1504\" data-end=\"1507\" \/>\u2714\ufe0f Nomierina, mitrina un padara \u0101du maig\u0101ku<br data-start=\"1550\" data-end=\"1553\" \/>\u2714\ufe0f Atbalsta mikrobiomu un stiprina aizsargbarjeru<br data-start=\"1602\" data-end=\"1605\" \/>\u2714\ufe0f Aizsarg\u0101 \u0101du no oksidat\u012bv\u0101 stresa un pies\u0101r\u0146ojuma<br data-start=\"1657\" data-end=\"1660\" \/>\u2714\ufe0f Uzlabo \u0101das elast\u012bbu un svaigumu regul\u0101ras lieto\u0161anas laik\u0101<\/p>\n","protected":false},"featured_media":53687,"template":"","meta":[],"pwb-brand":[1132],"product_brand":[],"product_cat":[739,721],"product_tag":[],"giftcard-category":[],"class_list":{"0":"post-53694","1":"product","2":"type-product","3":"status-publish","4":"has-post-thumbnail","6":"pwb-brand-mesoestetic","7":"product_cat-sausai-adai","8":"product_cat-toniki-lv","10":"first","11":"instock","12":"taxable","13":"shipping-taxable","14":"purchasable","15":"product-type-simple"},"acf":[],"brands":[{"id":1132,"name":"Mesoestetic","slug":"mesoestetic"}],"_links":{"self":[{"href":"https:\/\/skinstudio.ee\/lv\/wp-json\/wp\/v2\/product\/53694","targetHints":{"allow":["GET"]}}],"collection":[{"href":"https:\/\/skinstudio.ee\/lv\/wp-json\/wp\/v2\/product"}],"about":[{"href":"https:\/\/skinstudio.ee\/lv\/wp-json\/wp\/v2\/types\/product"}],"version-history":[{"count":0,"href":"https:\/\/skinstudio.ee\/lv\/wp-json\/wp\/v2\/product\/53694\/revisions"}],"wp:featuredmedia":[{"embeddable":true,"href":"https:\/\/skinstudio.ee\/lv\/wp-json\/wp\/v2\/media\/53687"}],"wp:attachment":[{"href":"https:\/\/skinstudio.ee\/lv\/wp-json\/wp\/v2\/media?parent=53694"}],"wp:term":[{"taxonomy":"pwb-brand","embeddable":true,"href":"https:\/\/skinstudio.ee\/lv\/wp-json\/wp\/v2\/pwb-brand?post=53694"},{"taxonomy":"product_brand","embeddable":true,"href":"https:\/\/skinstudio.ee\/lv\/wp-json\/wp\/v2\/product_brand?post=53694"},{"taxonomy":"product_cat","embeddable":true,"href":"https:\/\/skinstudio.ee\/lv\/wp-json\/wp\/v2\/product_cat?post=53694"},{"taxonomy":"product_tag","embeddable":true,"href":"https:\/\/skinstudio.ee\/lv\/wp-json\/wp\/v2\/product_tag?post=53694"},{"taxonomy":"giftcard-category","embeddable":true,"href":"https:\/\/skinstudio.ee\/lv\/wp-json\/wp\/v2\/giftcard-category?post=53694"}],"curies":[{"name":"wp","href":"https:\/\/api.w.org\/{rel}","templated":true}]}}