{"id":53711,"date":"2025-10-16T13:50:15","date_gmt":"2025-10-16T13:50:15","guid":{"rendered":"https:\/\/skinstudio.ee\/?post_type=product&#038;p=53711"},"modified":"2025-12-30T17:05:06","modified_gmt":"2025-12-30T17:05:06","slug":"micellar-biphasic","status":"publish","type":"product","link":"https:\/\/skinstudio.ee\/lv\/catalog\/mesoestetic\/micellar-biphasic\/","title":{"rendered":"Micellar Biphasic"},"content":{"rendered":"<p data-start=\"275\" data-end=\"687\">Divf\u0101zu grima no\u0146\u0113m\u0113js, kas izstr\u0101d\u0101ts maigai acu un l\u016bpu zonas att\u012br\u012b\u0161anai. Mesoestetic Micellar Biphasic apvieno efektivit\u0101ti un maigumu, \u013caujot viegli no\u0146emt pat \u016bdensnotur\u012bgu grimu, nekairinot \u0101du un neradot aps\u0101rtumu. Pateicoties inovat\u012bvajai divf\u0101zu formulai \u2013 micel\u0101r\u0101 \u0161\u0137\u012bduma un vieglas e\u013c\u013cas b\u0101zes kombin\u0101cijai \u2013 l\u012bdzeklis efekt\u012bvi \u0161\u0137\u012bdina net\u012brumus, neatst\u0101jot taukainu pl\u0113v\u012bti un neprasot berz\u0113\u0161anu.<\/p>\n<p data-start=\"689\" data-end=\"988\">T\u0101 augst\u0101 panesam\u012bba padara to ide\u0101lu jut\u012bgai \u0101dai un ikdienas lieto\u0161anai. Micellas notver un no\u0146em grima da\u013ci\u0146as, savuk\u0101rt augu e\u013c\u013cas baro un m\u012bkstina \u0101du, nodro\u0161inot t\u012br\u012bbas, komforta un mitrin\u0101juma saj\u016btu. P\u0113c lieto\u0161anas \u0101da izskat\u0101s svaiga un atp\u016btusies, bet acu zona paliek maiga un elast\u012bga.<\/p>\n<p data-start=\"990\" data-end=\"1011\"><strong data-start=\"990\" data-end=\"1002\">Tilpums:<\/strong> 150 ml<\/p>\n","protected":false},"excerpt":{"rendered":"<p data-start=\"1500\" data-end=\"1524\">Divf\u0101zu grima no\u0146\u0113m\u0113js<\/p>\n<h2 data-start=\"1526\" data-end=\"1851\"><strong data-start=\"1526\" data-end=\"1570\">Mesoestetic &#8211; Micellar Biphasic \u012bpa\u0161\u012bbas<\/strong><\/h2>\n<p data-start=\"1526\" data-end=\"1851\">\u2714\ufe0f Efekt\u012bvi no\u0146em pat \u016bdensnotur\u012bgu acu un l\u016bpu grimu<br data-start=\"1626\" data-end=\"1629\" \/>\u2714\ufe0f Neizraisa kairin\u0101jumu un nav nepiecie\u0161ama berz\u0113\u0161ana<br data-start=\"1683\" data-end=\"1686\" \/>\u2714\ufe0f M\u012bkstina un mitrina, nodro\u0161inot komforta saj\u016btu<br data-start=\"1736\" data-end=\"1739\" \/>\u2714\ufe0f Piem\u0113rots jut\u012bgai \u0101dai un ikdienas lieto\u0161anai<br data-start=\"1787\" data-end=\"1790\" \/>\u2714\ufe0f Neatst\u0101j taukainu k\u0101rti\u0146u, nodro\u0161inot t\u012br\u012bbu un svaigumu<\/p>\n","protected":false},"featured_media":66993,"template":"","meta":[],"pwb-brand":[1132],"product_brand":[],"product_cat":[715,745],"product_tag":[],"giftcard-category":[],"class_list":{"0":"post-53711","1":"product","2":"type-product","3":"status-publish","4":"has-post-thumbnail","6":"pwb-brand-mesoestetic","7":"product_cat-attirisana","8":"product_cat-jutigai-adai","10":"first","11":"instock","12":"taxable","13":"shipping-taxable","14":"purchasable","15":"product-type-simple"},"acf":[],"brands":[{"id":1132,"name":"Mesoestetic","slug":"mesoestetic"}],"_links":{"self":[{"href":"https:\/\/skinstudio.ee\/lv\/wp-json\/wp\/v2\/product\/53711","targetHints":{"allow":["GET"]}}],"collection":[{"href":"https:\/\/skinstudio.ee\/lv\/wp-json\/wp\/v2\/product"}],"about":[{"href":"https:\/\/skinstudio.ee\/lv\/wp-json\/wp\/v2\/types\/product"}],"version-history":[{"count":0,"href":"https:\/\/skinstudio.ee\/lv\/wp-json\/wp\/v2\/product\/53711\/revisions"}],"wp:featuredmedia":[{"embeddable":true,"href":"https:\/\/skinstudio.ee\/lv\/wp-json\/wp\/v2\/media\/66993"}],"wp:attachment":[{"href":"https:\/\/skinstudio.ee\/lv\/wp-json\/wp\/v2\/media?parent=53711"}],"wp:term":[{"taxonomy":"pwb-brand","embeddable":true,"href":"https:\/\/skinstudio.ee\/lv\/wp-json\/wp\/v2\/pwb-brand?post=53711"},{"taxonomy":"product_brand","embeddable":true,"href":"https:\/\/skinstudio.ee\/lv\/wp-json\/wp\/v2\/product_brand?post=53711"},{"taxonomy":"product_cat","embeddable":true,"href":"https:\/\/skinstudio.ee\/lv\/wp-json\/wp\/v2\/product_cat?post=53711"},{"taxonomy":"product_tag","embeddable":true,"href":"https:\/\/skinstudio.ee\/lv\/wp-json\/wp\/v2\/product_tag?post=53711"},{"taxonomy":"giftcard-category","embeddable":true,"href":"https:\/\/skinstudio.ee\/lv\/wp-json\/wp\/v2\/giftcard-category?post=53711"}],"curies":[{"name":"wp","href":"https:\/\/api.w.org\/{rel}","templated":true}]}}