{"id":53733,"date":"2025-10-16T14:28:50","date_gmt":"2025-10-16T14:28:50","guid":{"rendered":"https:\/\/skinstudio.ee\/?post_type=product&#038;p=53733"},"modified":"2025-12-30T17:05:06","modified_gmt":"2025-12-30T17:05:06","slug":"hydra-vital-mask","status":"publish","type":"product","link":"https:\/\/skinstudio.ee\/lv\/catalog\/mesoestetic\/hydra-vital-mask\/","title":{"rendered":"Hydra-Vital Mask"},"content":{"rendered":"<p data-start=\"242\" data-end=\"534\">Intens\u012bvi mitrino\u0161a un atjaunojo\u0161a sejas, kakla un dekolt\u0113 zonas maska. Mesoestetic Hydra-Vital Mask dzi\u013ci mitrina \u0101du, nekav\u0113joties nov\u0113r\u0161ot sausumu un diskomfortu. Formula ar sp\u0113c\u012bg\u0101m mitrino\u0161\u0101m un antioksidanta sast\u0101vda\u013c\u0101m baro \u0101du, atjaunojot t\u0101s elast\u012bbu, gludumu un vesel\u012bgu mirdzumu.<\/p>\n<p data-start=\"536\" data-end=\"779\">Maska pal\u012bdz atjaunot \u0101das aizsargbarjeru, pasarg\u0101 \u0161\u016bnas no br\u012bvajiem radik\u0101\u013ciem un nov\u0113r\u0161 priek\u0161laic\u012bgas noveco\u0161an\u0101s paz\u012bmes. Jau p\u0113c pirm\u0101s lieto\u0161anas \u0101da k\u013c\u016bst svaiga, mitrin\u0101ta un elast\u012bga. Piem\u0113rota visiem \u0101das tipiem, ar\u012b jut\u012bgai \u0101dai.<\/p>\n<p data-start=\"781\" data-end=\"802\"><strong data-start=\"781\" data-end=\"793\">Tilpums:<\/strong> 100 ml<\/p>\n","protected":false},"excerpt":{"rendered":"<p data-start=\"1182\" data-end=\"1205\">Mitrino\u0161a sejas maska<\/p>\n<h2 data-start=\"1207\" data-end=\"1502\"><strong data-start=\"1207\" data-end=\"1250\">Mesoestetic &#8211; Hydra-Vital Mask \u012bpa\u0161\u012bbas<\/strong><\/h2>\n<p data-start=\"1207\" data-end=\"1502\">\u2714\ufe0f Dzi\u013ci mitrina un baro \u0101du, nov\u0113r\u0161ot sausumu<br data-start=\"1299\" data-end=\"1302\" \/>\u2714\ufe0f Atjauno elast\u012bbu un gludumu<br data-start=\"1332\" data-end=\"1335\" \/>\u2714\ufe0f Pie\u0161\u0137ir vesel\u012bgu mirdzumu un svaigumu<br data-start=\"1375\" data-end=\"1378\" \/>\u2714\ufe0f Aizsarg\u0101 pret br\u012bvajiem radik\u0101\u013ciem un priek\u0161laic\u012bgu noveco\u0161anos<br data-start=\"1444\" data-end=\"1447\" \/>\u2714\ufe0f Piem\u0113rota visiem \u0101das tipiem, tostarp jut\u012bgai \u0101dai<\/p>\n","protected":false},"featured_media":53724,"template":"","meta":[],"pwb-brand":[1132],"product_brand":[],"product_cat":[745,725,749,739],"product_tag":[],"giftcard-category":[],"class_list":{"0":"post-53733","1":"product","2":"type-product","3":"status-publish","4":"has-post-thumbnail","6":"pwb-brand-mesoestetic","7":"product_cat-jutigai-adai","8":"product_cat-maskas","9":"product_cat-novecojosa-ada","10":"product_cat-sausai-adai","12":"first","13":"instock","14":"taxable","15":"shipping-taxable","16":"purchasable","17":"product-type-simple"},"acf":[],"brands":[{"id":1132,"name":"Mesoestetic","slug":"mesoestetic"}],"_links":{"self":[{"href":"https:\/\/skinstudio.ee\/lv\/wp-json\/wp\/v2\/product\/53733","targetHints":{"allow":["GET"]}}],"collection":[{"href":"https:\/\/skinstudio.ee\/lv\/wp-json\/wp\/v2\/product"}],"about":[{"href":"https:\/\/skinstudio.ee\/lv\/wp-json\/wp\/v2\/types\/product"}],"version-history":[{"count":0,"href":"https:\/\/skinstudio.ee\/lv\/wp-json\/wp\/v2\/product\/53733\/revisions"}],"wp:featuredmedia":[{"embeddable":true,"href":"https:\/\/skinstudio.ee\/lv\/wp-json\/wp\/v2\/media\/53724"}],"wp:attachment":[{"href":"https:\/\/skinstudio.ee\/lv\/wp-json\/wp\/v2\/media?parent=53733"}],"wp:term":[{"taxonomy":"pwb-brand","embeddable":true,"href":"https:\/\/skinstudio.ee\/lv\/wp-json\/wp\/v2\/pwb-brand?post=53733"},{"taxonomy":"product_brand","embeddable":true,"href":"https:\/\/skinstudio.ee\/lv\/wp-json\/wp\/v2\/product_brand?post=53733"},{"taxonomy":"product_cat","embeddable":true,"href":"https:\/\/skinstudio.ee\/lv\/wp-json\/wp\/v2\/product_cat?post=53733"},{"taxonomy":"product_tag","embeddable":true,"href":"https:\/\/skinstudio.ee\/lv\/wp-json\/wp\/v2\/product_tag?post=53733"},{"taxonomy":"giftcard-category","embeddable":true,"href":"https:\/\/skinstudio.ee\/lv\/wp-json\/wp\/v2\/giftcard-category?post=53733"}],"curies":[{"name":"wp","href":"https:\/\/api.w.org\/{rel}","templated":true}]}}