{"id":53764,"date":"2024-06-01T16:05:10","date_gmt":"2024-06-01T16:05:10","guid":{"rendered":"https:\/\/skinstudio.ee\/?post_type=product&#038;p=53764"},"modified":"2026-04-03T09:35:19","modified_gmt":"2026-04-03T09:35:19","slug":"vitamin-c-complex","status":"publish","type":"product","link":"https:\/\/skinstudio.ee\/lv\/catalog\/cellderma-lv\/vitamin-c-complex\/","title":{"rendered":"Vitamin C Complex"},"content":{"rendered":"<p data-start=\"2724\" data-end=\"3036\">Vitamin C Complex ir profesion\u0101ls serums ar augstu C vitam\u012bna koncentr\u0101ciju un \u012bpa\u0161i vieglu g\u0113la tekst\u016bru, kas izstr\u0101d\u0101ts \u0101das to\u0146a izl\u012bdzin\u0101\u0161anai, mirdzuma pastiprin\u0101\u0161anai un aizsardz\u012bbai pret oksidat\u012bvo stresu. Formula ir \u012bpa\u0161i piem\u0113rota taukainai un kombin\u0113tai \u0101dai, jo nep\u0101rslogo \u0101du un nerada lieku sp\u012bdumu.<\/p>\n<p data-start=\"3038\" data-end=\"3336\">Formul\u0101 tiek izmantotas stabilas C vitam\u012bna formas augst\u0101 koncentr\u0101cij\u0101 (akt\u012bv\u0101s vielas INCI sarakst\u0101 atrodas 3., 4. un 5. viet\u0101), kas nodro\u0161ina izteiktu izgaismojo\u0161u un antioksidantu iedarb\u012bbu. Serums pal\u012bdz mazin\u0101t \u0101das bl\u0101vumu, uzlabot t\u0101s tekst\u016bru un uztur\u0113t svaig\u0101ku un vienm\u0113r\u012bg\u0101ku \u0101das toni.<\/p>\n<p data-start=\"3338\" data-end=\"3362\"><strong data-start=\"3338\" data-end=\"3362\">Akt\u012bv\u0101s sast\u0101vda\u013cas:<\/strong><\/p>\n<ul>\n<li data-start=\"3364\" data-end=\"3700\"><strong data-start=\"3364\" data-end=\"3415\">Sodium Ascorbyl Phosphate (stabils C vitam\u012bns):<\/strong> nodro\u0161ina izgaismojo\u0161u un antioksidantu iedarb\u012bbu un pal\u012bdz aizsarg\u0101t \u0101du no oksidat\u012bv\u0101 stresa.<\/li>\n<li data-start=\"3364\" data-end=\"3700\"><strong data-start=\"3514\" data-end=\"3550\">Ascorbyl Glucoside (C vitam\u012bns):<\/strong> pal\u012bdz uzlabot \u0101das mirdzumu un samazin\u0101t bl\u0101vumu.<\/li>\n<li data-start=\"3364\" data-end=\"3700\"><strong data-start=\"3604\" data-end=\"3627\">Sodium Hyaluronate:<\/strong> uztur optim\u0101lu \u0101das mitrin\u0101\u0161anas l\u012bmeni un pal\u012bdz nov\u0113rst dehidrat\u0101ciju.<\/li>\n<\/ul>\n<p data-start=\"3702\" data-end=\"3856\">Serums ir piem\u0113rots ikdienas lieto\u0161anai un \u012bpa\u0161i ieteicams taukainai un kombin\u0113tai \u0101dai. Viegl\u0101 tekst\u016bra ir komfortabla lieto\u0161an\u0101 gan no r\u012bta, gan vakar\u0101.<\/p>\n<p data-start=\"3858\" data-end=\"3876\"><strong data-start=\"3858\" data-end=\"3870\">Tilpums:<\/strong> 30 ml<\/p>\n","protected":false},"excerpt":{"rendered":"<p data-start=\"1112\" data-end=\"1168\">Serums ar C vitam\u012bnu \u0101das mirdzumam un vienm\u0113r\u012bgam tonim<\/p>\n<h2 data-start=\"1170\" data-end=\"1212\"><strong data-start=\"1170\" data-end=\"1212\">\u012apa\u0161\u012bbas CELLDERMA &#8211; Vitamin C Complex<\/strong><\/h2>\n<p data-start=\"1214\" data-end=\"1438\">\u2714\ufe0f Izl\u012bdzina \u0101das toni un pie\u0161\u0137ir mirdzumu<br data-start=\"1256\" data-end=\"1259\" \/>\u2714\ufe0f Nodro\u0161ina sp\u0113c\u012bgu antioksidantu aizsardz\u012bbu<br data-start=\"1305\" data-end=\"1308\" \/>\u2714\ufe0f Uzlabo \u0101das tekst\u016bru un samazina bl\u0101vumu<br data-start=\"1351\" data-end=\"1354\" \/>\u2714\ufe0f Piem\u0113rots taukainai un kombin\u0113tai \u0101dai<br data-start=\"1395\" data-end=\"1398\" \/>\u2714\ufe0f Viegl\u0101 g\u0113la tekst\u016bra nep\u0101rslogo \u0101du<\/p>\n","protected":false},"featured_media":53765,"template":"","meta":[],"pwb-brand":[1209],"product_brand":[],"product_cat":[729,751,723,747],"product_tag":[],"giftcard-category":[],"class_list":{"0":"post-53764","1":"product","2":"type-product","3":"status-publish","4":"has-post-thumbnail","6":"pwb-brand-cellderma-lv","7":"product_cat-c-vitamins","8":"product_cat-pigmentacija-lv","9":"product_cat-serumi","10":"product_cat-taukainai-adai","12":"first","13":"instock","14":"taxable","15":"shipping-taxable","16":"purchasable","17":"product-type-simple"},"acf":[],"brands":[{"id":1209,"name":"CellDerma","slug":"cellderma-lv"}],"_links":{"self":[{"href":"https:\/\/skinstudio.ee\/lv\/wp-json\/wp\/v2\/product\/53764","targetHints":{"allow":["GET"]}}],"collection":[{"href":"https:\/\/skinstudio.ee\/lv\/wp-json\/wp\/v2\/product"}],"about":[{"href":"https:\/\/skinstudio.ee\/lv\/wp-json\/wp\/v2\/types\/product"}],"version-history":[{"count":2,"href":"https:\/\/skinstudio.ee\/lv\/wp-json\/wp\/v2\/product\/53764\/revisions"}],"predecessor-version":[{"id":72807,"href":"https:\/\/skinstudio.ee\/lv\/wp-json\/wp\/v2\/product\/53764\/revisions\/72807"}],"wp:featuredmedia":[{"embeddable":true,"href":"https:\/\/skinstudio.ee\/lv\/wp-json\/wp\/v2\/media\/53765"}],"wp:attachment":[{"href":"https:\/\/skinstudio.ee\/lv\/wp-json\/wp\/v2\/media?parent=53764"}],"wp:term":[{"taxonomy":"pwb-brand","embeddable":true,"href":"https:\/\/skinstudio.ee\/lv\/wp-json\/wp\/v2\/pwb-brand?post=53764"},{"taxonomy":"product_brand","embeddable":true,"href":"https:\/\/skinstudio.ee\/lv\/wp-json\/wp\/v2\/product_brand?post=53764"},{"taxonomy":"product_cat","embeddable":true,"href":"https:\/\/skinstudio.ee\/lv\/wp-json\/wp\/v2\/product_cat?post=53764"},{"taxonomy":"product_tag","embeddable":true,"href":"https:\/\/skinstudio.ee\/lv\/wp-json\/wp\/v2\/product_tag?post=53764"},{"taxonomy":"giftcard-category","embeddable":true,"href":"https:\/\/skinstudio.ee\/lv\/wp-json\/wp\/v2\/giftcard-category?post=53764"}],"curies":[{"name":"wp","href":"https:\/\/api.w.org\/{rel}","templated":true}]}}