{"id":53796,"date":"2025-10-17T13:56:54","date_gmt":"2025-10-17T13:56:54","guid":{"rendered":"https:\/\/skinstudio.ee\/?post_type=product&#038;p=53796"},"modified":"2026-01-22T15:03:21","modified_gmt":"2026-01-22T15:03:21","slug":"daily-dynamic-hydrator","status":"publish","type":"product","link":"https:\/\/skinstudio.ee\/lv\/catalog\/is-clinical-lv\/daily-dynamic-hydrator\/","title":{"rendered":"Daily Dynamic Hydrator"},"content":{"rendered":"<p data-start=\"239\" data-end=\"656\">Gudrs jaun\u0101s paaudzes mitrino\u0161s kr\u0113ms, kas izstr\u0101d\u0101ts dzi\u013cai mitrin\u0101\u0161anai, \u0101das stiprin\u0101\u0161anai un aizsardz\u012bbai pret ikdienas vides stresu. iS Clinical Daily Dynamic Hydrator nodro\u0161ina tr\u012bsk\u0101r\u0161u iedarb\u012bbu \u2013 intens\u012bvi mitrina, nostiprina un atjauno \u0101das aizsargbarjeru, pal\u012bdzot \u0101dai saglab\u0101t jaunekl\u012bgu svaigumu. Unik\u0101l\u0101 <strong data-start=\"558\" data-end=\"581\">GeneXC\u00ae tehnolo\u0123ija<\/strong> aktiviz\u0113 \u0161\u016bnu atjauno\u0161an\u0101s meh\u0101nismus un aizsarg\u0101 \u0101du molekul\u0101r\u0101 l\u012bmen\u012b.<\/p>\n<p data-start=\"658\" data-end=\"798\">Formula apvieno C vitam\u012bnu, pept\u012bdus, ekstremoz\u012bmus\u00ae un eksozomas, kas siner\u0123iski atjauno \u0101das l\u012bdzsvaru un pie\u0161\u0137ir tai starojo\u0161u izskatu.<\/p>\n<ul>\n<li data-start=\"800\" data-end=\"1255\"><strong data-start=\"800\" data-end=\"821\">Dzi\u013ca mitrin\u0101\u0161ana<\/strong> \u2013 n\u0101trija hialuron\u0101ts un glicer\u012bns nodro\u0161ina ilgsto\u0161u mitrumu un redzamu \u0101das tvirtumu.<\/li>\n<li data-start=\"800\" data-end=\"1255\"><strong data-start=\"912\" data-end=\"952\">Barjeras stiprin\u0101\u0161ana un aizsardz\u012bba<\/strong> \u2013 ekstremoz\u012bmi\u00ae aizsarg\u0101 \u0161\u016bnu DNS no oksidat\u012bv\u0101 stresa un vides pies\u0101r\u0146ojuma.<\/li>\n<li data-start=\"800\" data-end=\"1255\"><strong data-start=\"1033\" data-end=\"1057\">Tvirtums un elast\u012bba<\/strong> \u2013 pept\u012bdi un eksozomas stimul\u0113 kolag\u0113na sint\u0113zi, uzlabojot \u0101das bl\u012bvumu un gludumu.<\/li>\n<li data-start=\"800\" data-end=\"1255\"><strong data-start=\"1144\" data-end=\"1171\">Mirdzums un aizsardz\u012bba<\/strong> \u2013 C vitam\u012bns samazina bl\u0101vumu, uzlabo toni un stiprina \u0101das notur\u012bbu pret stresu.<\/li>\n<\/ul>\n<p data-start=\"1257\" data-end=\"1340\">Rezult\u0101ts \u2013 dzi\u013ci mitrin\u0101ta, stingr\u0101ka, glud\u0101ka un mirdzo\u0161\u0101ka \u0101da ar katru dienu.<\/p>\n<p data-start=\"1342\" data-end=\"1361\"><strong data-start=\"1342\" data-end=\"1354\">Tilpums:<\/strong> 50 g<\/p>\n","protected":false},"excerpt":{"rendered":"<p data-start=\"1531\" data-end=\"1571\">Mitrino\u0161s kr\u0113ms ar GeneXC\u00ae tehnolo\u0123iju<\/p>\n<h2 data-start=\"1573\" data-end=\"1915\"><strong data-start=\"1573\" data-end=\"1622\">iS Clinical &#8211; Daily Dynamic Hydrator \u012bpa\u0161\u012bbas<\/strong><\/h2>\n<p data-start=\"1573\" data-end=\"1915\">\u2714\ufe0f Dzi\u013ci mitrina un saglab\u0101 mitruma l\u012bmeni \u0101d\u0101<br data-start=\"1671\" data-end=\"1674\" \/>\u2714\ufe0f Nostiprina aizsargbarjeru un aizsarg\u0101 pret vides stresu<br data-start=\"1732\" data-end=\"1735\" \/>\u2714\ufe0f Veicina kolag\u0113na veido\u0161anos un uzlabo elast\u012bbu<br data-start=\"1784\" data-end=\"1787\" \/>\u2714\ufe0f Uzlabo \u0101das toni un pie\u0161\u0137ir vesel\u012bgu mirdzumu<br data-start=\"1835\" data-end=\"1838\" \/>\u2714\ufe0f Aizsarg\u0101 \u0161\u016bnas no boj\u0101jumiem, pateicoties ekstremoz\u012bmiem\u00ae un C vitam\u012bnam<\/p>\n<hr data-start=\"3699\" data-end=\"3702\" \/>\n","protected":false},"featured_media":53779,"template":"","meta":[],"pwb-brand":[1179],"product_brand":[],"product_cat":[729,737,749,751,739],"product_tag":[],"giftcard-category":[],"class_list":{"0":"post-53796","1":"product","2":"type-product","3":"status-publish","4":"has-post-thumbnail","6":"pwb-brand-is-clinical-lv","7":"product_cat-c-vitamins","8":"product_cat-mitrinasana","9":"product_cat-novecojosa-ada","10":"product_cat-pigmentacija-lv","11":"product_cat-sausai-adai","13":"first","14":"instock","15":"taxable","16":"shipping-taxable","17":"purchasable","18":"product-type-simple"},"acf":[],"brands":[{"id":1179,"name":"IS CLINICAL","slug":"is-clinical-lv"}],"_links":{"self":[{"href":"https:\/\/skinstudio.ee\/lv\/wp-json\/wp\/v2\/product\/53796","targetHints":{"allow":["GET"]}}],"collection":[{"href":"https:\/\/skinstudio.ee\/lv\/wp-json\/wp\/v2\/product"}],"about":[{"href":"https:\/\/skinstudio.ee\/lv\/wp-json\/wp\/v2\/types\/product"}],"version-history":[{"count":0,"href":"https:\/\/skinstudio.ee\/lv\/wp-json\/wp\/v2\/product\/53796\/revisions"}],"wp:featuredmedia":[{"embeddable":true,"href":"https:\/\/skinstudio.ee\/lv\/wp-json\/wp\/v2\/media\/53779"}],"wp:attachment":[{"href":"https:\/\/skinstudio.ee\/lv\/wp-json\/wp\/v2\/media?parent=53796"}],"wp:term":[{"taxonomy":"pwb-brand","embeddable":true,"href":"https:\/\/skinstudio.ee\/lv\/wp-json\/wp\/v2\/pwb-brand?post=53796"},{"taxonomy":"product_brand","embeddable":true,"href":"https:\/\/skinstudio.ee\/lv\/wp-json\/wp\/v2\/product_brand?post=53796"},{"taxonomy":"product_cat","embeddable":true,"href":"https:\/\/skinstudio.ee\/lv\/wp-json\/wp\/v2\/product_cat?post=53796"},{"taxonomy":"product_tag","embeddable":true,"href":"https:\/\/skinstudio.ee\/lv\/wp-json\/wp\/v2\/product_tag?post=53796"},{"taxonomy":"giftcard-category","embeddable":true,"href":"https:\/\/skinstudio.ee\/lv\/wp-json\/wp\/v2\/giftcard-category?post=53796"}],"curies":[{"name":"wp","href":"https:\/\/api.w.org\/{rel}","templated":true}]}}