{"id":53825,"date":"2025-10-18T10:27:47","date_gmt":"2025-10-18T10:27:47","guid":{"rendered":"https:\/\/skinstudio.ee\/?post_type=product&#038;p=53825"},"modified":"2025-12-30T17:05:10","modified_gmt":"2025-12-30T17:05:10","slug":"txa-brightening-complex","status":"publish","type":"product","link":"https:\/\/skinstudio.ee\/lv\/catalog\/noon-aesthetics\/txa-brightening-complex\/","title":{"rendered":"TXA-Brightening Complex"},"content":{"rendered":"<p data-start=\"279\" data-end=\"713\">Augstas efektivit\u0101tes serums \u0101das izgaismo\u0161anai un to\u0146a izl\u012bdzin\u0101\u0161anai. Noon Aesthetics TXA-Brightening Complex apvieno <strong data-start=\"399\" data-end=\"421\">10% traneks\u0101msk\u0101bi<\/strong> ar sp\u0113c\u012bgiem antioksidantiem un pretiekaisuma komponentiem, iedarbojoties uz visiem hiperpigment\u0101cijas posmiem \u2013 s\u0101kot no asinsvadu faktoriem l\u012bdz p\u0101rm\u0113r\u012bgai melan\u012bna ra\u017eo\u0161anai. Tas efekt\u012bvi samazina tum\u0161os plankumus un nov\u0113r\u0161 to atk\u0101rto\u0161anos, atjaunojot \u0101dai vienm\u0113r\u012bgu un starojo\u0161u toni.<\/p>\n<p data-start=\"715\" data-end=\"1266\">L\u012bdzsvarotais sast\u0101vs ar pept\u012bdiem, dipotassium glycyrrhizinate un <strong data-start=\"782\" data-end=\"805\">98% t\u012bru glabrid\u012bnu<\/strong> nomierina, mazina iekaisumu un veicina \u0101das atjauno\u0161anos. Inkapsul\u0113tais C vitam\u012bns (Ascorbyl Propyl Hyaluronate) nodro\u0161ina antioksidantu aizsardz\u012bbu un pastiprina izgaismojo\u0161o efektu, savuk\u0101rt <strong data-start=\"999\" data-end=\"1039\">zema molekulmasa hialuronsk\u0101be (11D)<\/strong> nodro\u0161ina dzi\u013cu mitrin\u0101\u0161anu un uzlabo akt\u012bvo vielu uzs\u016bk\u0161anos. Augu ekstraktu komplekss \u2013 <strong data-start=\"1130\" data-end=\"1196\">morus alba, scutellaria lateriflora, hydrangea un resveratrols<\/strong> \u2013 pastiprina kop\u0113jo efektu, padarot \u0101du gludu, gai\u0161u un vienm\u0113r\u012bgu.<\/p>\n<p data-start=\"1268\" data-end=\"1452\">TXA-Brightening Complex ir ieteicams ikdienas lieto\u0161anai, lai mazin\u0101tu eso\u0161o pigment\u0101ciju un sagatavotu \u0101du profesion\u0101l\u0101m proced\u016br\u0101m, samazinot p\u0113ciekaisuma hiperpigment\u0101cijas risku.<\/p>\n<p data-start=\"1454\" data-end=\"1474\"><strong data-start=\"1454\" data-end=\"1466\">Tilpums:<\/strong> 15 ml<\/p>\n","protected":false},"excerpt":{"rendered":"<p data-start=\"1652\" data-end=\"1698\">Izgaismojo\u0161s serums pigment\u0101cijas korekcijai<\/p>\n<h2 data-start=\"1700\" data-end=\"2048\"><strong data-start=\"1700\" data-end=\"1754\">Noon Aesthetics &#8211; TXA-Brightening Complex \u012bpa\u0161\u012bbas<\/strong><\/h2>\n<p data-start=\"1700\" data-end=\"2048\">\u2714\ufe0f Regul\u0113 melan\u012bna veido\u0161anos un samazina hiperpigment\u0101ciju<br data-start=\"1816\" data-end=\"1819\" \/>\u2714\ufe0f Samazina tum\u0161os plankumus un nov\u0113r\u0161 to atk\u0101rto\u0161anos<br data-start=\"1873\" data-end=\"1876\" \/>\u2714\ufe0f Nomierina un mazina iekaisumu<br data-start=\"1908\" data-end=\"1911\" \/>\u2714\ufe0f Uzlabo \u0101das mirdzumu un tekst\u016bru, pateicoties C vitam\u012bnam un pept\u012bdiem<br data-start=\"1984\" data-end=\"1987\" \/>\u2714\ufe0f Nodro\u0161ina antioksidantu aizsardz\u012bbu un dzi\u013cu mitrin\u0101\u0161anu<\/p>\n","protected":false},"featured_media":53818,"template":"","meta":[],"pwb-brand":[790],"product_brand":[],"product_cat":[729,1149,749,751,723],"product_tag":[],"giftcard-category":[],"class_list":{"0":"post-53825","1":"product","2":"type-product","3":"status-publish","4":"has-post-thumbnail","6":"pwb-brand-noon-aesthetics","7":"product_cat-c-vitamins","8":"product_cat-noon-aesthetics-lv","9":"product_cat-novecojosa-ada","10":"product_cat-pigmentacija-lv","11":"product_cat-serumi","13":"first","14":"instock","15":"taxable","16":"shipping-taxable","17":"purchasable","18":"product-type-simple"},"acf":[],"brands":[{"id":790,"name":"NOON Aesthetics","slug":"noon-aesthetics"}],"_links":{"self":[{"href":"https:\/\/skinstudio.ee\/lv\/wp-json\/wp\/v2\/product\/53825","targetHints":{"allow":["GET"]}}],"collection":[{"href":"https:\/\/skinstudio.ee\/lv\/wp-json\/wp\/v2\/product"}],"about":[{"href":"https:\/\/skinstudio.ee\/lv\/wp-json\/wp\/v2\/types\/product"}],"version-history":[{"count":0,"href":"https:\/\/skinstudio.ee\/lv\/wp-json\/wp\/v2\/product\/53825\/revisions"}],"wp:featuredmedia":[{"embeddable":true,"href":"https:\/\/skinstudio.ee\/lv\/wp-json\/wp\/v2\/media\/53818"}],"wp:attachment":[{"href":"https:\/\/skinstudio.ee\/lv\/wp-json\/wp\/v2\/media?parent=53825"}],"wp:term":[{"taxonomy":"pwb-brand","embeddable":true,"href":"https:\/\/skinstudio.ee\/lv\/wp-json\/wp\/v2\/pwb-brand?post=53825"},{"taxonomy":"product_brand","embeddable":true,"href":"https:\/\/skinstudio.ee\/lv\/wp-json\/wp\/v2\/product_brand?post=53825"},{"taxonomy":"product_cat","embeddable":true,"href":"https:\/\/skinstudio.ee\/lv\/wp-json\/wp\/v2\/product_cat?post=53825"},{"taxonomy":"product_tag","embeddable":true,"href":"https:\/\/skinstudio.ee\/lv\/wp-json\/wp\/v2\/product_tag?post=53825"},{"taxonomy":"giftcard-category","embeddable":true,"href":"https:\/\/skinstudio.ee\/lv\/wp-json\/wp\/v2\/giftcard-category?post=53825"}],"curies":[{"name":"wp","href":"https:\/\/api.w.org\/{rel}","templated":true}]}}