{"id":53840,"date":"2025-10-18T10:45:03","date_gmt":"2025-10-18T10:45:03","guid":{"rendered":"https:\/\/skinstudio.ee\/?post_type=product&#038;p=53840"},"modified":"2025-12-30T17:05:10","modified_gmt":"2025-12-30T17:05:10","slug":"nam-brightening-complex","status":"publish","type":"product","link":"https:\/\/skinstudio.ee\/lv\/catalog\/noon-aesthetics\/nam-brightening-complex\/","title":{"rendered":"Nam-Brightening Complex"},"content":{"rendered":"<p data-start=\"332\" data-end=\"681\">M\u016bsdien\u012bgs izgaismojo\u0161s serums, kas atjauno \u0101das mirdzumu un izl\u012bdzina toni. <strong data-start=\"409\" data-end=\"452\">Noon Aesthetics NAM-Brightening Complex<\/strong> pal\u012bdz c\u012bn\u012bties ar pigment\u0101ciju, ko izraisa iekaisums, stress un p\u0113caknes p\u0113das. Jaud\u012bg\u0101 <strong data-start=\"542\" data-end=\"590\">20% niacinam\u012bda un N-acetilglikozam\u012bna (NAG)<\/strong> kombin\u0101cija darbojas siner\u0123iski, izgaismo \u0101du, mazina aps\u0101rtumu un uzlabo t\u0101s skaidr\u012bbu.<\/p>\n<p data-start=\"683\" data-end=\"1036\">\u0160is daudzfunkcion\u0101lais serums vienlaic\u012bgi izl\u012bdzina toni, nomierina \u0101du, stiprina aizsargbarjeru un atjauno vesel\u012bgu mirdzumu. <strong data-start=\"810\" data-end=\"863\">Morus Alba, Scutellaria, Hydrangea un Resveratrol<\/strong> augu ekstrakti pastiprina izgaismojo\u0161o efektu, savuk\u0101rt <strong data-start=\"920\" data-end=\"951\">C vitam\u012bns un hialuronsk\u0101be<\/strong> nodro\u0161ina dzi\u013cu mitrin\u0101\u0161anu un pie\u0161\u0137ir \u0101dai maigumu, svaigumu un vesel\u012bgu izskatu.<\/p>\n<p data-start=\"1038\" data-end=\"1143\">Piem\u0113rots visiem \u0101das tipiem, \u012bpa\u0161i bl\u0101vai, nevienm\u0113r\u012bgai vai uz rosaceju un aknes p\u0113d\u0101m tend\u0113tai \u0101dai.<\/p>\n<p data-start=\"1145\" data-end=\"1165\"><strong data-start=\"1145\" data-end=\"1157\">Tilpums:<\/strong> 15 ml<\/p>\n","protected":false},"excerpt":{"rendered":"<p data-start=\"1323\" data-end=\"1374\">Izgaismojo\u0161s serums mirdzo\u0161ai un vienm\u0113r\u012bgai \u0101dai<\/p>\n<h2 data-start=\"1376\" data-end=\"1644\"><strong data-start=\"1376\" data-end=\"1430\">Noon Aesthetics &#8211; NAM-Brightening Complex \u012bpa\u0161\u012bbas<\/strong><\/h2>\n<p data-start=\"1376\" data-end=\"1644\">\u2714\ufe0f Izl\u012bdzina un izgaismo \u0101das toni<br data-start=\"1467\" data-end=\"1470\" \/>\u2714\ufe0f Samazina tum\u0161os plankumus un aknes p\u0113das<br data-start=\"1513\" data-end=\"1516\" \/>\u2714\ufe0f Nomierina aps\u0101rtumu un kairin\u0101jumu<br data-start=\"1553\" data-end=\"1556\" \/>\u2714\ufe0f Atjauno \u0101das svaigumu un mirdzumu<br data-start=\"1592\" data-end=\"1595\" \/>\u2714\ufe0f Stiprina aizsargbarjeru un intens\u012bvi mitrina<\/p>\n","protected":false},"featured_media":53833,"template":"","meta":[],"pwb-brand":[790],"product_brand":[],"product_cat":[729,741,1149,749,751],"product_tag":[],"giftcard-category":[],"class_list":{"0":"post-53840","1":"product","2":"type-product","3":"status-publish","4":"has-post-thumbnail","6":"pwb-brand-noon-aesthetics","7":"product_cat-c-vitamins","8":"product_cat-izsitumi","9":"product_cat-noon-aesthetics-lv","10":"product_cat-novecojosa-ada","11":"product_cat-pigmentacija-lv","13":"first","14":"instock","15":"taxable","16":"shipping-taxable","17":"purchasable","18":"product-type-simple"},"acf":[],"brands":[{"id":790,"name":"NOON Aesthetics","slug":"noon-aesthetics"}],"_links":{"self":[{"href":"https:\/\/skinstudio.ee\/lv\/wp-json\/wp\/v2\/product\/53840","targetHints":{"allow":["GET"]}}],"collection":[{"href":"https:\/\/skinstudio.ee\/lv\/wp-json\/wp\/v2\/product"}],"about":[{"href":"https:\/\/skinstudio.ee\/lv\/wp-json\/wp\/v2\/types\/product"}],"version-history":[{"count":0,"href":"https:\/\/skinstudio.ee\/lv\/wp-json\/wp\/v2\/product\/53840\/revisions"}],"wp:featuredmedia":[{"embeddable":true,"href":"https:\/\/skinstudio.ee\/lv\/wp-json\/wp\/v2\/media\/53833"}],"wp:attachment":[{"href":"https:\/\/skinstudio.ee\/lv\/wp-json\/wp\/v2\/media?parent=53840"}],"wp:term":[{"taxonomy":"pwb-brand","embeddable":true,"href":"https:\/\/skinstudio.ee\/lv\/wp-json\/wp\/v2\/pwb-brand?post=53840"},{"taxonomy":"product_brand","embeddable":true,"href":"https:\/\/skinstudio.ee\/lv\/wp-json\/wp\/v2\/product_brand?post=53840"},{"taxonomy":"product_cat","embeddable":true,"href":"https:\/\/skinstudio.ee\/lv\/wp-json\/wp\/v2\/product_cat?post=53840"},{"taxonomy":"product_tag","embeddable":true,"href":"https:\/\/skinstudio.ee\/lv\/wp-json\/wp\/v2\/product_tag?post=53840"},{"taxonomy":"giftcard-category","embeddable":true,"href":"https:\/\/skinstudio.ee\/lv\/wp-json\/wp\/v2\/giftcard-category?post=53840"}],"curies":[{"name":"wp","href":"https:\/\/api.w.org\/{rel}","templated":true}]}}