{"id":53857,"date":"2025-10-18T11:09:06","date_gmt":"2025-10-18T11:09:06","guid":{"rendered":"https:\/\/skinstudio.ee\/?post_type=product&#038;p=53857"},"modified":"2025-12-30T17:05:10","modified_gmt":"2025-12-30T17:05:10","slug":"acno-complex-ampoule","status":"publish","type":"product","link":"https:\/\/skinstudio.ee\/lv\/catalog\/noon-aesthetics\/acno-complex-ampoule\/","title":{"rendered":"AcNo Complex"},"content":{"rendered":"<p data-start=\"273\" data-end=\"600\">Kompleksais serums problem\u0101tiskai, iekaisu\u0161ai un jut\u012bgai \u0101dai. <strong data-start=\"336\" data-end=\"376\">Noon Aesthetics AcNo Complex Ampoule<\/strong> nodro\u0161ina visaptvero\u0161u pieeju c\u012b\u0146\u0101 ar iekaisumu, kairin\u0101jumu un akni. Tas ne tikai \u0101tri mazina aps\u0101rtumu un diskomfortu, bet ar\u012b ilgtermi\u0146\u0101 atjauno \u0101das aizsargbarjeru, l\u012bdzsvaro sebuma izdal\u012b\u0161anos un stiprina mikrobiomu.<\/p>\n<p data-start=\"602\" data-end=\"843\">Serums samazina bakt\u0113riju aktivit\u0101ti, kas izraisa akni, mazina \u0101das jut\u012bgumu pret \u0101r\u0113jiem faktoriem un pal\u012bdz nov\u0113rst atk\u0101rtotus iekaisumus. Regul\u0101ri lietojot, \u0101da k\u013c\u016bst t\u012br\u0101ka, glud\u0101ka un iztur\u012bg\u0101ka pret stresu un temperat\u016bras sv\u0101rst\u012bb\u0101m.<\/p>\n<p data-start=\"845\" data-end=\"865\"><strong data-start=\"845\" data-end=\"857\">Tilpums:<\/strong> 15 ml<\/p>\n","protected":false},"excerpt":{"rendered":"<p data-start=\"1040\" data-end=\"1080\">Nomierino\u0161s serums problem\u0101tiskai \u0101dai<\/p>\n<h2 data-start=\"1082\" data-end=\"1420\"><strong data-start=\"1082\" data-end=\"1133\">Noon Aesthetics &#8211; AcNo Complex \u012bpa\u0161\u012bbas<\/strong><\/h2>\n<p data-start=\"1082\" data-end=\"1420\">\u2714\ufe0f Nomierina iekaisumu un mazina aps\u0101rtumu<br data-start=\"1178\" data-end=\"1181\" \/>\u2714\ufe0f Samazina aknes bakt\u0113riju aktivit\u0101ti un l\u012bdzsvaro sebuma ra\u017eo\u0161anu<br data-start=\"1248\" data-end=\"1251\" \/>\u2714\ufe0f Atjauno aizsargbarjeru un mikrobioma l\u012bdzsvaru<br data-start=\"1300\" data-end=\"1303\" \/>\u2714\ufe0f Palielina \u0101das notur\u012bbu pret stresu un temperat\u016bras izmai\u0146\u0101m<br data-start=\"1366\" data-end=\"1369\" \/>\u2714\ufe0f Nov\u0113r\u0161 atk\u0101rtotus izsitumus un postaknes p\u0113das<\/p>\n","protected":false},"featured_media":53849,"template":"","meta":[],"pwb-brand":[790],"product_brand":[],"product_cat":[741,745,1149,723,747],"product_tag":[],"giftcard-category":[],"class_list":{"0":"post-53857","1":"product","2":"type-product","3":"status-publish","4":"has-post-thumbnail","6":"pwb-brand-noon-aesthetics","7":"product_cat-izsitumi","8":"product_cat-jutigai-adai","9":"product_cat-noon-aesthetics-lv","10":"product_cat-serumi","11":"product_cat-taukainai-adai","13":"first","14":"instock","15":"taxable","16":"shipping-taxable","17":"purchasable","18":"product-type-simple"},"acf":[],"brands":[{"id":790,"name":"NOON Aesthetics","slug":"noon-aesthetics"}],"_links":{"self":[{"href":"https:\/\/skinstudio.ee\/lv\/wp-json\/wp\/v2\/product\/53857","targetHints":{"allow":["GET"]}}],"collection":[{"href":"https:\/\/skinstudio.ee\/lv\/wp-json\/wp\/v2\/product"}],"about":[{"href":"https:\/\/skinstudio.ee\/lv\/wp-json\/wp\/v2\/types\/product"}],"version-history":[{"count":0,"href":"https:\/\/skinstudio.ee\/lv\/wp-json\/wp\/v2\/product\/53857\/revisions"}],"wp:featuredmedia":[{"embeddable":true,"href":"https:\/\/skinstudio.ee\/lv\/wp-json\/wp\/v2\/media\/53849"}],"wp:attachment":[{"href":"https:\/\/skinstudio.ee\/lv\/wp-json\/wp\/v2\/media?parent=53857"}],"wp:term":[{"taxonomy":"pwb-brand","embeddable":true,"href":"https:\/\/skinstudio.ee\/lv\/wp-json\/wp\/v2\/pwb-brand?post=53857"},{"taxonomy":"product_brand","embeddable":true,"href":"https:\/\/skinstudio.ee\/lv\/wp-json\/wp\/v2\/product_brand?post=53857"},{"taxonomy":"product_cat","embeddable":true,"href":"https:\/\/skinstudio.ee\/lv\/wp-json\/wp\/v2\/product_cat?post=53857"},{"taxonomy":"product_tag","embeddable":true,"href":"https:\/\/skinstudio.ee\/lv\/wp-json\/wp\/v2\/product_tag?post=53857"},{"taxonomy":"giftcard-category","embeddable":true,"href":"https:\/\/skinstudio.ee\/lv\/wp-json\/wp\/v2\/giftcard-category?post=53857"}],"curies":[{"name":"wp","href":"https:\/\/api.w.org\/{rel}","templated":true}]}}