{"id":53874,"date":"2025-10-18T11:17:52","date_gmt":"2025-10-18T11:17:52","guid":{"rendered":"https:\/\/skinstudio.ee\/?post_type=product&#038;p=53874"},"modified":"2025-12-30T17:05:10","modified_gmt":"2025-12-30T17:05:10","slug":"antioxidant-complex","status":"publish","type":"product","link":"https:\/\/skinstudio.ee\/lv\/catalog\/noon-aesthetics\/antioxidant-complex\/","title":{"rendered":"Antioxidant Complex"},"content":{"rendered":"<p data-start=\"246\" data-end=\"515\">Intens\u012bvs antioksidantu serums \u0101das atjauno\u0161anai, aizsardz\u012bbai un mirdzumam. <strong data-start=\"323\" data-end=\"362\">Noon Aesthetics Antioxidant Complex <\/strong>neitraliz\u0113 br\u012bvos radik\u0101\u013cus, aizsarg\u0101 kolag\u0113nu un kapil\u0101rus, stiprina \u0101das aizsargbarjeru un pal\u012bdz \u0101dai \u0101tr\u0101k atjaunoties p\u0113c kosm\u0113tisk\u0101m proced\u016br\u0101m.<\/p>\n<p data-start=\"517\" data-end=\"871\">Tr\u012bs sp\u0113c\u012bgi antioksidanti darbojas siner\u0123iski \u2013 stiprina kapil\u0101rus, mazina iekaisumu, aizsarg\u0101 \u0161\u016bnas no boj\u0101jumiem un nov\u0113r\u0161 fotonoveco\u0161anos. Serums samazina UV starojuma, stresa un pies\u0101r\u0146ojuma ietekmi, pal\u012bdzot \u0101dai saglab\u0101t elast\u012bbu, gludumu un vesel\u012bgu mirdzumu. Ide\u0101li piem\u0113rots lieto\u0161anai p\u0113c profesion\u0101l\u0101m proced\u016br\u0101m un ikdienas kop\u0161anai m\u0101j\u0101s.<\/p>\n<p data-start=\"873\" data-end=\"893\"><strong data-start=\"873\" data-end=\"885\">Tilpums:<\/strong> 15 ml<\/p>\n","protected":false},"excerpt":{"rendered":"<p data-start=\"1032\" data-end=\"1085\">Antioksidantu serums \u0101das aizsardz\u012bbai un mirdzumam<\/p>\n<h2 data-start=\"1087\" data-end=\"1425\"><strong data-start=\"1087\" data-end=\"1137\">Noon Aesthetics &#8211; Antioxidant Complex \u012bpa\u0161\u012bbas<\/strong><\/h2>\n<p data-start=\"1087\" data-end=\"1425\">\u2714\ufe0f Neitraliz\u0113 br\u012bvos radik\u0101\u013cus un aizsarg\u0101 \u0161\u016bnas no boj\u0101jumiem<br data-start=\"1202\" data-end=\"1205\" \/>\u2714\ufe0f Stiprina kapil\u0101rus un mazina iekaisumu<br data-start=\"1246\" data-end=\"1249\" \/>\u2714\ufe0f Saglab\u0101 kolag\u0113na strukt\u016bru un uzlabo \u0101das bl\u012bvumu<br data-start=\"1301\" data-end=\"1304\" \/>\u2714\ufe0f Samazina UV starojuma un pies\u0101r\u0146ojuma rad\u012btos boj\u0101jumus<br data-start=\"1362\" data-end=\"1365\" \/>\u2714\ufe0f Pa\u0101trina atjauno\u0161anos un pie\u0161\u0137ir \u0101dai vesel\u012bgu mirdzumu<\/p>\n","protected":false},"featured_media":66365,"template":"","meta":[],"pwb-brand":[790],"product_brand":[],"product_cat":[1149,749,751,723],"product_tag":[],"giftcard-category":[],"class_list":{"0":"post-53874","1":"product","2":"type-product","3":"status-publish","4":"has-post-thumbnail","6":"pwb-brand-noon-aesthetics","7":"product_cat-noon-aesthetics","8":"product_cat-novecojosa-ada","9":"product_cat-pigmentacija","10":"product_cat-serumi","12":"first","13":"instock","14":"taxable","15":"shipping-taxable","16":"purchasable","17":"product-type-simple"},"acf":[],"brands":[{"id":790,"name":"NOON Aesthetics","slug":"noon-aesthetics"}],"_links":{"self":[{"href":"https:\/\/skinstudio.ee\/lv\/wp-json\/wp\/v2\/product\/53874","targetHints":{"allow":["GET"]}}],"collection":[{"href":"https:\/\/skinstudio.ee\/lv\/wp-json\/wp\/v2\/product"}],"about":[{"href":"https:\/\/skinstudio.ee\/lv\/wp-json\/wp\/v2\/types\/product"}],"version-history":[{"count":0,"href":"https:\/\/skinstudio.ee\/lv\/wp-json\/wp\/v2\/product\/53874\/revisions"}],"wp:featuredmedia":[{"embeddable":true,"href":"https:\/\/skinstudio.ee\/lv\/wp-json\/wp\/v2\/media\/66365"}],"wp:attachment":[{"href":"https:\/\/skinstudio.ee\/lv\/wp-json\/wp\/v2\/media?parent=53874"}],"wp:term":[{"taxonomy":"pwb-brand","embeddable":true,"href":"https:\/\/skinstudio.ee\/lv\/wp-json\/wp\/v2\/pwb-brand?post=53874"},{"taxonomy":"product_brand","embeddable":true,"href":"https:\/\/skinstudio.ee\/lv\/wp-json\/wp\/v2\/product_brand?post=53874"},{"taxonomy":"product_cat","embeddable":true,"href":"https:\/\/skinstudio.ee\/lv\/wp-json\/wp\/v2\/product_cat?post=53874"},{"taxonomy":"product_tag","embeddable":true,"href":"https:\/\/skinstudio.ee\/lv\/wp-json\/wp\/v2\/product_tag?post=53874"},{"taxonomy":"giftcard-category","embeddable":true,"href":"https:\/\/skinstudio.ee\/lv\/wp-json\/wp\/v2\/giftcard-category?post=53874"}],"curies":[{"name":"wp","href":"https:\/\/api.w.org\/{rel}","templated":true}]}}