{"id":53889,"date":"2025-10-18T11:25:45","date_gmt":"2025-10-18T11:25:45","guid":{"rendered":"https:\/\/skinstudio.ee\/?post_type=product&#038;p=53889"},"modified":"2025-12-30T17:05:10","modified_gmt":"2025-12-30T17:05:10","slug":"anti-aging-peptide-complex","status":"publish","type":"product","link":"https:\/\/skinstudio.ee\/lv\/catalog\/noon-aesthetics\/anti-aging-peptide-complex\/","title":{"rendered":"Anti-Aging Peptide Complex"},"content":{"rendered":"<p data-start=\"242\" data-end=\"567\">Atjaunojo\u0161s pept\u012bdu serums \u0101das elast\u012bbas un bl\u012bvuma uzlabo\u0161anai. <strong data-start=\"308\" data-end=\"354\">Noon Aesthetics Anti-Aging Peptide Complex <\/strong>apvieno augsti efekt\u012bvus biomim\u0113tiskos pept\u012bdus, kas aktiviz\u0113 atjauno\u0161an\u0101s procesus, stiprina dermas matricu un uzlabo \u0101das strukt\u016bru. Formula pal\u012bdz atjaunot \u0101das elast\u012bbu, tvirtumu un skaidrus sejas kont\u016brus.<\/p>\n<p data-start=\"569\" data-end=\"879\">Pateicoties sp\u0113c\u012bgajam pept\u012bdu kompleksam, serums stimul\u0113 kolag\u0113na un elast\u012bna sint\u0113zi, uztur dabisko audu bl\u012bvumu un nodro\u0161ina liftinga efektu bez savilkuma saj\u016btas. Piem\u0113rots ikdienas lieto\u0161anai un \u0101das atjauno\u0161anai p\u0113c kosm\u0113tisk\u0101m proced\u016br\u0101m. Regul\u0101ri lietojot, \u0101da k\u013c\u016bst glud\u0101ka, stingr\u0101ka un toniz\u0113t\u0101ka.<\/p>\n<p data-start=\"881\" data-end=\"901\"><strong data-start=\"881\" data-end=\"893\">Tilpums:<\/strong> 15 ml<\/p>\n","protected":false},"excerpt":{"rendered":"<p data-start=\"1040\" data-end=\"1088\">Pept\u012bdu serums \u0101das tvirtumam un jaunekl\u012bgumam<\/p>\n<h2 data-start=\"1090\" data-end=\"1373\"><strong data-start=\"1090\" data-end=\"1147\">Noon Aesthetics &#8211; Anti-Aging Peptide Complex \u012bpa\u0161\u012bbas<\/strong><\/h2>\n<p data-start=\"1090\" data-end=\"1373\">\u2714\ufe0f Palielina \u0101das elast\u012bbu un bl\u012bvumu<br data-start=\"1187\" data-end=\"1190\" \/>\u2714\ufe0f Stimul\u0113 kolag\u0113na un elast\u012bna sint\u0113zi<br data-start=\"1229\" data-end=\"1232\" \/>\u2714\ufe0f Stiprina dermas matricu un uzlabo \u0101das strukt\u016bru<br data-start=\"1283\" data-end=\"1286\" \/>\u2714\ufe0f Izl\u012bdzina un pace\u013c sejas kont\u016bras<br data-start=\"1322\" data-end=\"1325\" \/>\u2714\ufe0f Piem\u0113rots ikdienas un p\u0113capstr\u0101des kop\u0161anai<\/p>\n","protected":false},"featured_media":53882,"template":"","meta":[],"pwb-brand":[790],"product_brand":[],"product_cat":[1149,749,723],"product_tag":[],"giftcard-category":[],"class_list":{"0":"post-53889","1":"product","2":"type-product","3":"status-publish","4":"has-post-thumbnail","6":"pwb-brand-noon-aesthetics","7":"product_cat-noon-aesthetics","8":"product_cat-novecojosa-ada","9":"product_cat-serumi","11":"first","12":"instock","13":"taxable","14":"shipping-taxable","15":"purchasable","16":"product-type-simple"},"acf":[],"brands":[{"id":790,"name":"NOON Aesthetics","slug":"noon-aesthetics"}],"_links":{"self":[{"href":"https:\/\/skinstudio.ee\/lv\/wp-json\/wp\/v2\/product\/53889","targetHints":{"allow":["GET"]}}],"collection":[{"href":"https:\/\/skinstudio.ee\/lv\/wp-json\/wp\/v2\/product"}],"about":[{"href":"https:\/\/skinstudio.ee\/lv\/wp-json\/wp\/v2\/types\/product"}],"version-history":[{"count":0,"href":"https:\/\/skinstudio.ee\/lv\/wp-json\/wp\/v2\/product\/53889\/revisions"}],"wp:featuredmedia":[{"embeddable":true,"href":"https:\/\/skinstudio.ee\/lv\/wp-json\/wp\/v2\/media\/53882"}],"wp:attachment":[{"href":"https:\/\/skinstudio.ee\/lv\/wp-json\/wp\/v2\/media?parent=53889"}],"wp:term":[{"taxonomy":"pwb-brand","embeddable":true,"href":"https:\/\/skinstudio.ee\/lv\/wp-json\/wp\/v2\/pwb-brand?post=53889"},{"taxonomy":"product_brand","embeddable":true,"href":"https:\/\/skinstudio.ee\/lv\/wp-json\/wp\/v2\/product_brand?post=53889"},{"taxonomy":"product_cat","embeddable":true,"href":"https:\/\/skinstudio.ee\/lv\/wp-json\/wp\/v2\/product_cat?post=53889"},{"taxonomy":"product_tag","embeddable":true,"href":"https:\/\/skinstudio.ee\/lv\/wp-json\/wp\/v2\/product_tag?post=53889"},{"taxonomy":"giftcard-category","embeddable":true,"href":"https:\/\/skinstudio.ee\/lv\/wp-json\/wp\/v2\/giftcard-category?post=53889"}],"curies":[{"name":"wp","href":"https:\/\/api.w.org\/{rel}","templated":true}]}}