{"id":53904,"date":"2025-10-18T11:34:07","date_gmt":"2025-10-18T11:34:07","guid":{"rendered":"https:\/\/skinstudio.ee\/?post_type=product&#038;p=53904"},"modified":"2025-12-30T17:05:10","modified_gmt":"2025-12-30T17:05:10","slug":"cys-brightening-complex","status":"publish","type":"product","link":"https:\/\/skinstudio.ee\/lv\/catalog\/noon-aesthetics\/cys-brightening-complex\/","title":{"rendered":"CYS-Brightening Complex"},"content":{"rendered":"<p data-start=\"255\" data-end=\"550\">\u013boti efekt\u012bvs jaun\u0101s paaudzes izgaismojo\u0161s serums. <strong data-start=\"306\" data-end=\"349\">Noon Aesthetics CYS-Brightening Complex<\/strong> balst\u012bts uz inovat\u012bvo <strong data-start=\"372\" data-end=\"389\">MelanoShield\u2122<\/strong> tehnolo\u0123iju (patents izstr\u0101des proces\u0101), kas nodro\u0161ina 6% cisteam\u012bna (Cysteamine HCl) maksim\u0101lu efektivit\u0101ti ar minim\u0101lu kairin\u0101juma risku un augstu komfortu.<\/p>\n<p data-start=\"552\" data-end=\"970\">Formula apvieno <strong data-start=\"568\" data-end=\"582\">cisteam\u012bnu<\/strong> un <strong data-start=\"586\" data-end=\"604\">4% niacinam\u012bdu<\/strong>, lai nodro\u0161in\u0101tu visaptvero\u0161u izgaismo\u0161anas un to\u0146a izl\u012bdzin\u0101\u0161anas efektu. Serums efekt\u012bvi samazina pigment\u0101cijas plankumus, p\u0113ciekaisuma hiperpigment\u0101ciju un nevienm\u0113r\u012bgu toni, vienlaikus stiprinot kapil\u0101rus un uzlabojot \u0101das strukt\u016bru. Pateicoties <strong data-start=\"855\" data-end=\"872\">MelanoShield\u2122<\/strong> tehnolo\u0123ijai, produkts ir \u012bpa\u0161i piem\u0113rots jut\u012bgai \u0101dai \u2013 tas darbojas maigi, dro\u0161i un efekt\u012bvi.<\/p>\n<p data-start=\"972\" data-end=\"1270\">Papildus formula bag\u0101tin\u0101ta ar <strong data-start=\"1003\" data-end=\"1048\">zema molekul\u0101r\u0101 svara hialuronsk\u0101bi (11D)<\/strong> un <strong data-start=\"1052\" data-end=\"1078\">inkapsul\u0113tu C vitam\u012bnu<\/strong>, kas pastiprina antioksidantu aizsardz\u012bbu, pa\u0101trina atjauno\u0161anos un pie\u0161\u0137ir \u0101dai vesel\u012bgu mirdzumu. <strong data-start=\"1179\" data-end=\"1189\">Ginkgo<\/strong> un <strong data-start=\"1193\" data-end=\"1209\">trokserut\u012bna<\/strong> ekstrakti stiprina kapil\u0101rus un veicina \u0101das re\u0123ener\u0101ciju.<\/p>\n<p data-start=\"1272\" data-end=\"1292\"><strong data-start=\"1272\" data-end=\"1284\">Tilpums:<\/strong> 15 ml<\/p>\n","protected":false},"excerpt":{"rendered":"<p data-start=\"1633\" data-end=\"1683\">Izgaismojo\u0161s serums ar MelanoShield\u2122 tehnolo\u0123iju<\/p>\n<h2 data-start=\"1685\" data-end=\"2059\"><strong data-start=\"1685\" data-end=\"1739\">Noon Aesthetics &#8211; CYS-Brightening Complex \u012bpa\u0161\u012bbas<\/strong><\/h2>\n<p data-start=\"1685\" data-end=\"2059\">\u2714\ufe0f Efekt\u012bvi izgaismo \u0101du un samazina notur\u012bgu pigment\u0101ciju<br data-start=\"1800\" data-end=\"1803\" \/>\u2714\ufe0f Nodro\u0161ina maigu un komfortablu lieto\u0161anu bez kairin\u0101juma<br data-start=\"1862\" data-end=\"1865\" \/>\u2714\ufe0f Samazina melan\u012bna aktivit\u0101ti un nov\u0113r\u0161 jaunu plankumu veido\u0161anos<br data-start=\"1932\" data-end=\"1935\" \/>\u2714\ufe0f Stiprina kapil\u0101rus un pa\u0101trina \u0101das atjauno\u0161anos<br data-start=\"1986\" data-end=\"1989\" \/>\u2714\ufe0f Padara \u0101du gludu, vienm\u0113r\u012bgu un starojo\u0161u jau p\u0113c pirmaj\u0101m reiz\u0113m<\/p>\n","protected":false},"featured_media":53897,"template":"","meta":[],"pwb-brand":[790],"product_brand":[],"product_cat":[729,1149,751,723],"product_tag":[],"giftcard-category":[],"class_list":{"0":"post-53904","1":"product","2":"type-product","3":"status-publish","4":"has-post-thumbnail","6":"pwb-brand-noon-aesthetics","7":"product_cat-c-vitamins","8":"product_cat-noon-aesthetics-lv","9":"product_cat-pigmentacija-lv","10":"product_cat-serumi","12":"first","13":"instock","14":"taxable","15":"shipping-taxable","16":"purchasable","17":"product-type-simple"},"acf":[],"brands":[{"id":790,"name":"NOON Aesthetics","slug":"noon-aesthetics"}],"_links":{"self":[{"href":"https:\/\/skinstudio.ee\/lv\/wp-json\/wp\/v2\/product\/53904","targetHints":{"allow":["GET"]}}],"collection":[{"href":"https:\/\/skinstudio.ee\/lv\/wp-json\/wp\/v2\/product"}],"about":[{"href":"https:\/\/skinstudio.ee\/lv\/wp-json\/wp\/v2\/types\/product"}],"version-history":[{"count":0,"href":"https:\/\/skinstudio.ee\/lv\/wp-json\/wp\/v2\/product\/53904\/revisions"}],"wp:featuredmedia":[{"embeddable":true,"href":"https:\/\/skinstudio.ee\/lv\/wp-json\/wp\/v2\/media\/53897"}],"wp:attachment":[{"href":"https:\/\/skinstudio.ee\/lv\/wp-json\/wp\/v2\/media?parent=53904"}],"wp:term":[{"taxonomy":"pwb-brand","embeddable":true,"href":"https:\/\/skinstudio.ee\/lv\/wp-json\/wp\/v2\/pwb-brand?post=53904"},{"taxonomy":"product_brand","embeddable":true,"href":"https:\/\/skinstudio.ee\/lv\/wp-json\/wp\/v2\/product_brand?post=53904"},{"taxonomy":"product_cat","embeddable":true,"href":"https:\/\/skinstudio.ee\/lv\/wp-json\/wp\/v2\/product_cat?post=53904"},{"taxonomy":"product_tag","embeddable":true,"href":"https:\/\/skinstudio.ee\/lv\/wp-json\/wp\/v2\/product_tag?post=53904"},{"taxonomy":"giftcard-category","embeddable":true,"href":"https:\/\/skinstudio.ee\/lv\/wp-json\/wp\/v2\/giftcard-category?post=53904"}],"curies":[{"name":"wp","href":"https:\/\/api.w.org\/{rel}","templated":true}]}}