{"id":53930,"date":"2025-10-18T11:46:40","date_gmt":"2025-10-18T11:46:40","guid":{"rendered":"https:\/\/skinstudio.ee\/?post_type=product&#038;p=53930"},"modified":"2025-12-30T17:05:10","modified_gmt":"2025-12-30T17:05:10","slug":"hydrocalming-vit-complex-2","status":"publish","type":"product","link":"https:\/\/skinstudio.ee\/lv\/catalog\/noon-aesthetics\/hydrocalming-vit-complex-2\/","title":{"rendered":"HydroCalming + Vit Complex"},"content":{"rendered":"<p data-start=\"259\" data-end=\"593\">Atjaunojo\u0161s serums jut\u012bgai, kairin\u0101tai un aps\u0101rtu\u0161ai \u0101dai. <strong data-start=\"318\" data-end=\"364\">Noon Aesthetics HydroCalming + Vit Complex<\/strong> ir izstr\u0101d\u0101ts, lai \u0101tri nomierin\u0101tu un atjaunotu \u0101du p\u0113c kosm\u0113tisk\u0101m proced\u016br\u0101m vai paaugstin\u0101tas jut\u012bbas gad\u012bjum\u0101. Produkts mazina aps\u0101rtumu, niezi un piet\u016bkumu, stiprina \u0101das aizsargbarjeru un pa\u0101trina dabisko dziedin\u0101\u0161anos.<\/p>\n<p data-start=\"595\" data-end=\"907\">Formula, kas bag\u0101tin\u0101ta ar vitam\u012bniem un nomierino\u0161\u0101m sast\u0101vda\u013c\u0101m, pal\u012bdz \u0101dai \u0101tr\u0101k atjaunoties p\u0113c mikroadat\u0101m, p\u012blingiem un apar\u0101tproced\u016br\u0101m. Serums samazina p\u0113ciekaisuma pigment\u0101cijas risku un atjauno \u0101dai komfortu, maigumu un vienm\u0113r\u012bgu toni. Piem\u0113rots profesion\u0101lai lieto\u0161anai un ikdienas kop\u0161anai m\u0101j\u0101s.<\/p>\n<p data-start=\"909\" data-end=\"929\"><strong data-start=\"909\" data-end=\"921\">Tilpums:<\/strong> 15 ml<\/p>\n","protected":false},"excerpt":{"rendered":"<p data-start=\"1077\" data-end=\"1115\">Nomierino\u0161s serums \u0101das atjauno\u0161anai<\/p>\n<h2 data-start=\"1117\" data-end=\"1426\"><strong data-start=\"1117\" data-end=\"1174\">Noon Aesthetics &#8211; HydroCalming + Vit Complex \u012bpa\u0161\u012bbas<\/strong><\/h2>\n<p data-start=\"1117\" data-end=\"1426\">\u2714\ufe0f Nomierina kairin\u0101jumu, aps\u0101rtumu un niezi<br data-start=\"1221\" data-end=\"1224\" \/>\u2714\ufe0f Pa\u0101trina dziedin\u0101\u0161anos un atjauno\u0161anos p\u0113c proced\u016br\u0101m<br data-start=\"1280\" data-end=\"1283\" \/>\u2714\ufe0f Samazina atvese\u013co\u0161an\u0101s laiku un uzlabo komfortu<br data-start=\"1333\" data-end=\"1336\" \/>\u2714\ufe0f Nov\u0113r\u0161 p\u0113ciekaisuma pigment\u0101ciju<br data-start=\"1371\" data-end=\"1374\" \/>\u2714\ufe0f Stiprina aizsargbarjeru un atjauno \u0101das maigumu<\/p>\n","protected":false},"featured_media":54076,"template":"","meta":[],"pwb-brand":[790],"product_brand":[],"product_cat":[745,1149,723],"product_tag":[],"giftcard-category":[],"class_list":{"0":"post-53930","1":"product","2":"type-product","3":"status-publish","4":"has-post-thumbnail","6":"pwb-brand-noon-aesthetics","7":"product_cat-jutigai-adai","8":"product_cat-noon-aesthetics-lv","9":"product_cat-serumi","11":"first","12":"instock","13":"taxable","14":"shipping-taxable","15":"purchasable","16":"product-type-simple"},"acf":[],"brands":[{"id":790,"name":"NOON Aesthetics","slug":"noon-aesthetics"}],"_links":{"self":[{"href":"https:\/\/skinstudio.ee\/lv\/wp-json\/wp\/v2\/product\/53930","targetHints":{"allow":["GET"]}}],"collection":[{"href":"https:\/\/skinstudio.ee\/lv\/wp-json\/wp\/v2\/product"}],"about":[{"href":"https:\/\/skinstudio.ee\/lv\/wp-json\/wp\/v2\/types\/product"}],"version-history":[{"count":0,"href":"https:\/\/skinstudio.ee\/lv\/wp-json\/wp\/v2\/product\/53930\/revisions"}],"wp:featuredmedia":[{"embeddable":true,"href":"https:\/\/skinstudio.ee\/lv\/wp-json\/wp\/v2\/media\/54076"}],"wp:attachment":[{"href":"https:\/\/skinstudio.ee\/lv\/wp-json\/wp\/v2\/media?parent=53930"}],"wp:term":[{"taxonomy":"pwb-brand","embeddable":true,"href":"https:\/\/skinstudio.ee\/lv\/wp-json\/wp\/v2\/pwb-brand?post=53930"},{"taxonomy":"product_brand","embeddable":true,"href":"https:\/\/skinstudio.ee\/lv\/wp-json\/wp\/v2\/product_brand?post=53930"},{"taxonomy":"product_cat","embeddable":true,"href":"https:\/\/skinstudio.ee\/lv\/wp-json\/wp\/v2\/product_cat?post=53930"},{"taxonomy":"product_tag","embeddable":true,"href":"https:\/\/skinstudio.ee\/lv\/wp-json\/wp\/v2\/product_tag?post=53930"},{"taxonomy":"giftcard-category","embeddable":true,"href":"https:\/\/skinstudio.ee\/lv\/wp-json\/wp\/v2\/giftcard-category?post=53930"}],"curies":[{"name":"wp","href":"https:\/\/api.w.org\/{rel}","templated":true}]}}