{"id":53965,"date":"2025-10-02T14:05:03","date_gmt":"2025-10-02T14:05:03","guid":{"rendered":"https:\/\/skinstudio.ee\/?post_type=product&#038;p=53965"},"modified":"2026-04-01T11:54:25","modified_gmt":"2026-04-01T11:54:25","slug":"peptide-facial-refining-concentrate","status":"publish","type":"product","link":"https:\/\/skinstudio.ee\/lv\/catalog\/zo-skin-health-lv\/peptide-facial-refining-concentrate\/","title":{"rendered":"Peptide Facial Refining Concentrate"},"content":{"rendered":"<p data-start=\"282\" data-end=\"780\">Grumbu korekcija un \u0101das apjoma atjauno\u0161ana \u2013 l\u012bdzeklis izl\u012bdzina gan mimikas, gan statisk\u0101s grumbas, pie\u0161\u0137irot \u0101dai stingr\u0101ku un skulptur\u0113t\u0101ku izskatu.<br data-start=\"441\" data-end=\"444\" \/>Ide\u0101li kombin\u0113jams ar injekciju proced\u016br\u0101m \u2013 pastiprina un pagarina neirotoks\u012bnu un pildvielu efektu.<br data-start=\"545\" data-end=\"548\" \/>\u0100das strukt\u016bras atbalsts \u2013 unik\u0101ls pept\u012bdu komplekss stiprina dermu, uzlabo \u0101das elast\u012bbu un tvirtumu.<br data-start=\"650\" data-end=\"653\" \/>Intens\u012bva mitrin\u0101\u0161ana \u2013 stimul\u0113 dabisko hialuronsk\u0101bes sint\u0113zi, atjauno mitruma l\u012bdzsvaru un pie\u0161\u0137ir \u0101dai piepild\u012btu izskatu.<\/p>\n<p data-start=\"782\" data-end=\"1072\">Kl\u012bniski pier\u0101d\u012bts rezult\u0101ts:<br data-start=\"811\" data-end=\"814\" \/>\u2013 grumbu apjoma samazin\u0101jums par 10% 4 ned\u0113\u013cu laik\u0101, \u0101das tekst\u016bras uzlabo\u0161an\u0101s par 11% 12 ned\u0113\u013c\u0101s;<br data-start=\"913\" data-end=\"916\" \/>\u2013 \u0101das elast\u012bbas un tvirtuma pieaugums par 8% p\u0113c 2 ned\u0113\u013c\u0101m un par 12% p\u0113c 12 ned\u0113\u013c\u0101m;<br data-start=\"1002\" data-end=\"1005\" \/>\u2013 100% dal\u012bbnieku nov\u0113roja \u0101das mitruma uzlabojumu p\u0113c 4 ned\u0113\u013c\u0101m.<\/p>\n<p data-start=\"1074\" data-end=\"1553\">Akt\u012bv\u0101s sast\u0101vda\u013cas:<br data-start=\"1094\" data-end=\"1097\" \/>\u2013 Acetyl Octapeptide-3 \u2013 neiropept\u012bds, kas samazina mimikas grumbu dzi\u013cumu (piere, acu zona);<br data-start=\"1190\" data-end=\"1193\" \/>\u2013 Acetyl Hexapeptide-8 \u2013 izl\u012bdzina dzi\u013cas grumbas un stimul\u0113 kolag\u0113na sint\u0113zi;<br data-start=\"1271\" data-end=\"1274\" \/>\u2013 Refining Peptide Complex \u2013 stiprina \u0101das strukt\u016bru, veido skaidr\u0101kas sejas kont\u016bras;<br data-start=\"1360\" data-end=\"1363\" \/>\u2013 Volumizing Tripeptide \u2013 pastiprina dabisko hialuronsk\u0101bes ra\u017eo\u0161anu, atjauno apjomu un nov\u0113r\u0161 \u201ctuk\u0161o zonu\u201d efektu;<br data-start=\"1478\" data-end=\"1481\" \/>\u2013 ZPOLY\u2122 komplekss \u2013 mazina aps\u0101rtumu un stiprina \u0101das aizsargbarjeru.<\/p>\n<p data-start=\"1555\" data-end=\"1758\">Formula nesatur alkoholu un smar\u017evielas. Piem\u0113rots grumbu mazin\u0101\u0161anai, \u0101das apjoma un kont\u016bru atjauno\u0161anai, k\u0101 ar\u012b k\u0101 papildin\u0101jums injekciju proced\u016br\u0101m un nobriedu\u0161ai, dehidr\u0113tai vai nov\u0101jin\u0101tai \u0101dai.<\/p>\n<p data-start=\"1760\" data-end=\"1780\"><strong data-start=\"1760\" data-end=\"1772\">Tilpums:<\/strong> 30 ml<\/p>\n","protected":false},"excerpt":{"rendered":"<p data-start=\"1802\" data-end=\"1835\">Seruma koncentr\u0101ts ar pept\u012bdiem<\/p>\n<h2 data-start=\"1837\" data-end=\"2178\"><strong data-start=\"1837\" data-end=\"1903\">ZO\u00ae Skin Health &#8211; Peptide Facial Refining Concentrate \u012bpa\u0161\u012bbas<\/strong><\/h2>\n<p data-start=\"1837\" data-end=\"2178\">\u2714\ufe0f Atjauno \u0101das apjomu un uzlabo t\u0101s bl\u012bvumu<br data-start=\"1950\" data-end=\"1953\" \/>\u2714\ufe0f Samazina grumbas un pal\u012bdz nov\u0113rst jaunu veido\u0161anos<br data-start=\"2007\" data-end=\"2010\" \/>\u2714\ufe0f Pie\u0161\u0137ir sejas kont\u016br\u0101m izteikt\u0101ku formu un liftinga efektu<br data-start=\"2071\" data-end=\"2074\" \/>\u2714\ufe0f Uzlabo \u0101das strukt\u016bru un tekst\u016bru<br data-start=\"2110\" data-end=\"2113\" \/>\u2714\ufe0f Uztur jaunekl\u012bgu \u0101das izskatu ar \u010detr\u0101m pept\u012bdu tehnolo\u0123ij\u0101m<\/p>\n","protected":false},"featured_media":61969,"template":"","meta":[],"pwb-brand":[1186],"product_brand":[],"product_cat":[745,749,743],"product_tag":[],"giftcard-category":[],"class_list":{"0":"post-53965","1":"product","2":"type-product","3":"status-publish","4":"has-post-thumbnail","6":"pwb-brand-zo-skin-health-lv","7":"product_cat-jutigai-adai","8":"product_cat-novecojosa-ada","9":"product_cat-paplasinatas-poras","11":"first","12":"instock","13":"sale","14":"taxable","15":"shipping-taxable","16":"purchasable","17":"product-type-simple"},"acf":[],"brands":[{"id":1186,"name":"ZO\u00ae SKIN HEALTH","slug":"zo-skin-health-lv"}],"_links":{"self":[{"href":"https:\/\/skinstudio.ee\/lv\/wp-json\/wp\/v2\/product\/53965","targetHints":{"allow":["GET"]}}],"collection":[{"href":"https:\/\/skinstudio.ee\/lv\/wp-json\/wp\/v2\/product"}],"about":[{"href":"https:\/\/skinstudio.ee\/lv\/wp-json\/wp\/v2\/types\/product"}],"version-history":[{"count":2,"href":"https:\/\/skinstudio.ee\/lv\/wp-json\/wp\/v2\/product\/53965\/revisions"}],"predecessor-version":[{"id":89056,"href":"https:\/\/skinstudio.ee\/lv\/wp-json\/wp\/v2\/product\/53965\/revisions\/89056"}],"wp:featuredmedia":[{"embeddable":true,"href":"https:\/\/skinstudio.ee\/lv\/wp-json\/wp\/v2\/media\/61969"}],"wp:attachment":[{"href":"https:\/\/skinstudio.ee\/lv\/wp-json\/wp\/v2\/media?parent=53965"}],"wp:term":[{"taxonomy":"pwb-brand","embeddable":true,"href":"https:\/\/skinstudio.ee\/lv\/wp-json\/wp\/v2\/pwb-brand?post=53965"},{"taxonomy":"product_brand","embeddable":true,"href":"https:\/\/skinstudio.ee\/lv\/wp-json\/wp\/v2\/product_brand?post=53965"},{"taxonomy":"product_cat","embeddable":true,"href":"https:\/\/skinstudio.ee\/lv\/wp-json\/wp\/v2\/product_cat?post=53965"},{"taxonomy":"product_tag","embeddable":true,"href":"https:\/\/skinstudio.ee\/lv\/wp-json\/wp\/v2\/product_tag?post=53965"},{"taxonomy":"giftcard-category","embeddable":true,"href":"https:\/\/skinstudio.ee\/lv\/wp-json\/wp\/v2\/giftcard-category?post=53965"}],"curies":[{"name":"wp","href":"https:\/\/api.w.org\/{rel}","templated":true}]}}