{"id":53974,"date":"2023-05-24T17:55:53","date_gmt":"2023-05-24T17:55:53","guid":{"rendered":"https:\/\/skinstudio.ee\/?post_type=product&#038;p=53974"},"modified":"2026-04-01T12:25:27","modified_gmt":"2026-04-01T12:25:27","slug":"daily-power-defense","status":"publish","type":"product","link":"https:\/\/skinstudio.ee\/lv\/catalog\/zo-skin-health-lv\/daily-power-defense\/","title":{"rendered":"Daily Power Defense"},"content":{"rendered":"<p data-start=\"3063\" data-end=\"3344\"><strong data-start=\"3063\" data-end=\"3105\">Daily Power Defense no ZO\u00ae SKIN HEALTH<\/strong> &#8211; antioksidantu kop\u0161anas l\u012bdzeklis ar DNS atjaunojo\u0161u iedarb\u012bbu, kas stiprina \u0101das aizsardz\u012bbu un uzlabo t\u0101s visp\u0101r\u0113jo st\u0101vokli. Formula stimul\u0113 \u0161\u016bnu aktivit\u0101ti, veicina atjauno\u0161anos un pal\u012bdz samazin\u0101t priek\u0161laic\u012bgas noveco\u0161an\u0101s paz\u012bmes.<\/p>\n<p data-start=\"3346\" data-end=\"3559\">Retinola, enz\u012bmu un antioksidantu siner\u0123ija pal\u012bdz atjaunot boj\u0101t\u0101s \u0161\u016bnas, stiprina \u0101das strukt\u016bru un uzlabo notur\u012bbu pret \u0101r\u0113jiem faktoriem. L\u012bdzeklis uzlabo \u0101das bl\u012bvumu, izl\u012bdzina toni un uztur glud\u0101ku izskatu.<\/p>\n<p data-start=\"3561\" data-end=\"3676\">Regul\u0101ra lieto\u0161ana palielina elast\u012bbu, samazina noveco\u0161an\u0101s paz\u012bmes un stiprina aizsardz\u012bbu pret oksidat\u012bvo stresu.<\/p>\n<p data-start=\"3678\" data-end=\"3722\"><strong data-start=\"3678\" data-end=\"3722\">K\u0101 darbojas galvenie akt\u012bvie komponenti?<\/strong><\/p>\n<ul data-start=\"3724\" data-end=\"3912\">\n<li data-start=\"3724\" data-end=\"3787\">\n<p data-start=\"3726\" data-end=\"3787\"><strong data-start=\"3726\" data-end=\"3758\">Ultrasomes (UV-Endonuclease)<\/strong> &#8211; stimul\u0113 DNS atjauno\u0161anos<\/p>\n<\/li>\n<li data-start=\"3788\" data-end=\"3857\">\n<p data-start=\"3790\" data-end=\"3857\"><strong data-start=\"3790\" data-end=\"3801\">Retinol<\/strong> &#8211; pa\u0101trina epidermas atjauno\u0161anos un kolag\u0113na sint\u0113zi<\/p>\n<\/li>\n<li data-start=\"3858\" data-end=\"3912\">\n<p data-start=\"3860\" data-end=\"3912\"><strong data-start=\"3860\" data-end=\"3877\">Matrixyl 3000<\/strong> &#8211; uzlabo \u0101das bl\u012bvumu un strukt\u016bru<\/p>\n<\/li>\n<\/ul>\n<p data-start=\"3914\" data-end=\"3973\"><strong data-start=\"3914\" data-end=\"3951\">Kam piem\u0113rots Daily Power Defense<\/strong> &#8211; visiem \u0101das tipiem.<\/p>\n<p data-start=\"3975\" data-end=\"4001\"><strong data-start=\"3975\" data-end=\"3987\">Tilpums:<\/strong> 30 ml \/ 50 ml<\/p>\n","protected":false},"excerpt":{"rendered":"<p data-start=\"4151\" data-end=\"4177\">Antioksidantu sejas serums<\/p>\n<h2 data-start=\"4179\" data-end=\"4229\"><strong data-start=\"4179\" data-end=\"4229\">\u012apa\u0161\u012bbas ZO\u00ae SKIN HEALTH &#8211; Daily Power Defense<\/strong><\/h2>\n<p data-start=\"4231\" data-end=\"4422\">\u2714\ufe0f Piem\u0113rots visiem \u0101das tipiem<br data-start=\"4262\" data-end=\"4265\" \/>\u2714\ufe0f Samazina grumbas un \u0101das krokas<br data-start=\"4299\" data-end=\"4302\" \/>\u2714\ufe0f Aktiviz\u0113 dabiskos \u0101das procesus<br data-start=\"4336\" data-end=\"4339\" \/>\u2714\ufe0f Stiprina un uzlabo \u0101das bl\u012bvumu<br data-start=\"4373\" data-end=\"4376\" \/>\u2714\ufe0f Nodro\u0161ina sp\u0113c\u012bgu antioksidantu aizsardz\u012bbu<\/p>\n","protected":false},"featured_media":81909,"template":"","meta":[],"pwb-brand":[1186],"product_brand":[],"product_cat":[745,737,749,739,753],"product_tag":[],"giftcard-category":[],"class_list":{"0":"post-53974","1":"product","2":"type-product","3":"status-publish","4":"has-post-thumbnail","6":"pwb-brand-zo-skin-health-lv","7":"product_cat-jutigai-adai","8":"product_cat-mitrinasana","9":"product_cat-novecojosa-ada","10":"product_cat-sausai-adai","11":"product_cat-travel-size-lv","12":"pa_suurus-30ml-lv","13":"pa_suurus-50ml-lv","15":"first","16":"instock","17":"sale","18":"taxable","19":"shipping-taxable","20":"purchasable","21":"product-type-variable"},"acf":[],"brands":[{"id":1186,"name":"ZO\u00ae SKIN HEALTH","slug":"zo-skin-health-lv"}],"_links":{"self":[{"href":"https:\/\/skinstudio.ee\/lv\/wp-json\/wp\/v2\/product\/53974","targetHints":{"allow":["GET"]}}],"collection":[{"href":"https:\/\/skinstudio.ee\/lv\/wp-json\/wp\/v2\/product"}],"about":[{"href":"https:\/\/skinstudio.ee\/lv\/wp-json\/wp\/v2\/types\/product"}],"version-history":[{"count":2,"href":"https:\/\/skinstudio.ee\/lv\/wp-json\/wp\/v2\/product\/53974\/revisions"}],"predecessor-version":[{"id":89236,"href":"https:\/\/skinstudio.ee\/lv\/wp-json\/wp\/v2\/product\/53974\/revisions\/89236"}],"wp:featuredmedia":[{"embeddable":true,"href":"https:\/\/skinstudio.ee\/lv\/wp-json\/wp\/v2\/media\/81909"}],"wp:attachment":[{"href":"https:\/\/skinstudio.ee\/lv\/wp-json\/wp\/v2\/media?parent=53974"}],"wp:term":[{"taxonomy":"pwb-brand","embeddable":true,"href":"https:\/\/skinstudio.ee\/lv\/wp-json\/wp\/v2\/pwb-brand?post=53974"},{"taxonomy":"product_brand","embeddable":true,"href":"https:\/\/skinstudio.ee\/lv\/wp-json\/wp\/v2\/product_brand?post=53974"},{"taxonomy":"product_cat","embeddable":true,"href":"https:\/\/skinstudio.ee\/lv\/wp-json\/wp\/v2\/product_cat?post=53974"},{"taxonomy":"product_tag","embeddable":true,"href":"https:\/\/skinstudio.ee\/lv\/wp-json\/wp\/v2\/product_tag?post=53974"},{"taxonomy":"giftcard-category","embeddable":true,"href":"https:\/\/skinstudio.ee\/lv\/wp-json\/wp\/v2\/giftcard-category?post=53974"}],"curies":[{"name":"wp","href":"https:\/\/api.w.org\/{rel}","templated":true}]}}