{"id":53990,"date":"2025-04-17T09:33:53","date_gmt":"2025-04-17T09:33:53","guid":{"rendered":"https:\/\/skinstudio.ee\/?post_type=product&#038;p=53990"},"modified":"2026-04-01T11:54:31","modified_gmt":"2026-04-01T11:54:31","slug":"soothing-hydro-mist","status":"publish","type":"product","link":"https:\/\/skinstudio.ee\/lv\/catalog\/zo-skin-health-lv\/soothing-hydro-mist\/","title":{"rendered":"Soothing Hydro Mist"},"content":{"rendered":"<p data-start=\"3278\" data-end=\"3587\"><strong data-start=\"3278\" data-end=\"3320\">Soothing Hydro Mist no ZO\u00ae SKIN HEALTH<\/strong> &#8211; nomierino\u0161s sejas mists, kas pal\u012bdz \u0101tri atjaunot \u0101das mitruma l\u012bmeni, samazin\u0101t redzamu aps\u0101rtumu un stiprin\u0101t \u0101das aizsargbarjeru. Viegl\u0101 atsvaidzino\u0161\u0101 formula nodro\u0161ina komfortu, pal\u012bdz stabiliz\u0113t jut\u012bgas \u0101das st\u0101vokli un saglab\u0101t l\u012bdzsvaru visas dienas garum\u0101.<\/p>\n<p data-start=\"3589\" data-end=\"3785\">Mists sniedz t\u016bl\u012bt\u0113ju svaiguma saj\u016btu bez smaguma, pal\u012bdz mazin\u0101t \u0101das reaktivit\u0101ti un atbalsta \u0101das notur\u012bbu pret \u0101r\u0113jiem stresa faktoriem. Var lietot sl\u0101\u0146os, piem\u0113rots ar\u012b uzkl\u0101\u0161anai virs grima.<\/p>\n<p data-start=\"3787\" data-end=\"3823\"><strong data-start=\"3787\" data-end=\"3823\">K\u0101 darbojas galvenie komponenti?<\/strong><\/p>\n<ul data-start=\"3825\" data-end=\"4043\">\n<li data-start=\"3825\" data-end=\"3892\">\n<p data-start=\"3827\" data-end=\"3892\"><strong data-start=\"3827\" data-end=\"3849\">Sodium Hyaluronate<\/strong> &#8211; pal\u012bdz uztur\u0113t optim\u0101lu mitruma l\u012bmeni<\/p>\n<\/li>\n<li data-start=\"3893\" data-end=\"3967\">\n<p data-start=\"3895\" data-end=\"3967\"><strong data-start=\"3895\" data-end=\"3928\">Galactomyces Ferment Filtrate<\/strong> &#8211; atbalsta \u0101das l\u012bdzsvaru un izskatu<\/p>\n<\/li>\n<li data-start=\"3968\" data-end=\"4043\">\n<p data-start=\"3970\" data-end=\"4043\"><strong data-start=\"3970\" data-end=\"4002\">Opuntia Ficus-Indica Extract<\/strong> &#8211; nomierina \u0101du un mazina reaktivit\u0101ti<\/p>\n<\/li>\n<\/ul>\n<p data-start=\"4045\" data-end=\"4165\"><strong data-start=\"4045\" data-end=\"4082\">Kam piem\u0113rots Soothing Hydro Mist<\/strong> &#8211; jut\u012bga \u0101da, aps\u0101rtumam pak\u013cauta \u0101da, \u0101da p\u0113c proced\u016br\u0101m un dehidrat\u0113ti st\u0101vok\u013ci.<\/p>\n<p data-start=\"4167\" data-end=\"4186\"><strong data-start=\"4167\" data-end=\"4179\">Tilpums:<\/strong> 100 ml<\/p>\n","protected":false},"excerpt":{"rendered":"<p data-start=\"4382\" data-end=\"4415\">Nomierino\u0161s mitrino\u0161s sejas mists<\/p>\n<h2 data-start=\"4417\" data-end=\"4467\"><strong data-start=\"4417\" data-end=\"4467\">\u012apa\u0161\u012bbas ZO\u00ae SKIN HEALTH &#8211; Soothing Hydro Mist<\/strong><\/h2>\n<p data-start=\"4469\" data-end=\"4651\">\u2714\ufe0f \u0100tri samazina redzamu aps\u0101rtumu<br data-start=\"4503\" data-end=\"4506\" \/>\u2714\ufe0f Stiprina \u0101das aizsargbarjeru<br data-start=\"4537\" data-end=\"4540\" \/>\u2714\ufe0f Nodro\u0161ina vieglu ilgsto\u0161u mitrin\u0101\u0161anu<br data-start=\"4580\" data-end=\"4583\" \/>\u2714\ufe0f Nomierina jut\u012bgu reakt\u012bvu \u0101du<br data-start=\"4615\" data-end=\"4618\" \/>\u2714\ufe0f Atsvaidzina un uzlabo komfortu<\/p>\n","protected":false},"featured_media":31326,"template":"","meta":[],"pwb-brand":[1186],"product_brand":[],"product_cat":[745,737,721],"product_tag":[],"giftcard-category":[],"class_list":{"0":"post-53990","1":"product","2":"type-product","3":"status-publish","4":"has-post-thumbnail","6":"pwb-brand-zo-skin-health-lv","7":"product_cat-jutigai-adai","8":"product_cat-mitrinasana","9":"product_cat-toniki-lv","11":"first","12":"instock","13":"sale","14":"taxable","15":"shipping-taxable","16":"purchasable","17":"product-type-simple"},"acf":[],"brands":[{"id":1186,"name":"ZO\u00ae SKIN HEALTH","slug":"zo-skin-health-lv"}],"_links":{"self":[{"href":"https:\/\/skinstudio.ee\/lv\/wp-json\/wp\/v2\/product\/53990","targetHints":{"allow":["GET"]}}],"collection":[{"href":"https:\/\/skinstudio.ee\/lv\/wp-json\/wp\/v2\/product"}],"about":[{"href":"https:\/\/skinstudio.ee\/lv\/wp-json\/wp\/v2\/types\/product"}],"version-history":[{"count":2,"href":"https:\/\/skinstudio.ee\/lv\/wp-json\/wp\/v2\/product\/53990\/revisions"}],"predecessor-version":[{"id":89057,"href":"https:\/\/skinstudio.ee\/lv\/wp-json\/wp\/v2\/product\/53990\/revisions\/89057"}],"wp:featuredmedia":[{"embeddable":true,"href":"https:\/\/skinstudio.ee\/lv\/wp-json\/wp\/v2\/media\/31326"}],"wp:attachment":[{"href":"https:\/\/skinstudio.ee\/lv\/wp-json\/wp\/v2\/media?parent=53990"}],"wp:term":[{"taxonomy":"pwb-brand","embeddable":true,"href":"https:\/\/skinstudio.ee\/lv\/wp-json\/wp\/v2\/pwb-brand?post=53990"},{"taxonomy":"product_brand","embeddable":true,"href":"https:\/\/skinstudio.ee\/lv\/wp-json\/wp\/v2\/product_brand?post=53990"},{"taxonomy":"product_cat","embeddable":true,"href":"https:\/\/skinstudio.ee\/lv\/wp-json\/wp\/v2\/product_cat?post=53990"},{"taxonomy":"product_tag","embeddable":true,"href":"https:\/\/skinstudio.ee\/lv\/wp-json\/wp\/v2\/product_tag?post=53990"},{"taxonomy":"giftcard-category","embeddable":true,"href":"https:\/\/skinstudio.ee\/lv\/wp-json\/wp\/v2\/giftcard-category?post=53990"}],"curies":[{"name":"wp","href":"https:\/\/api.w.org\/{rel}","templated":true}]}}