{"id":54001,"date":"2024-10-04T09:11:07","date_gmt":"2024-10-04T09:11:07","guid":{"rendered":"https:\/\/skinstudio.ee\/?post_type=product&#038;p=54001"},"modified":"2026-04-01T11:54:39","modified_gmt":"2026-04-01T11:54:39","slug":"retinol-blemish-complex","status":"publish","type":"product","link":"https:\/\/skinstudio.ee\/lv\/catalog\/zo-skin-health-lv\/retinol-blemish-complex\/","title":{"rendered":"Retinol + Blemish Complex"},"content":{"rendered":"<p data-start=\"3684\" data-end=\"4010\"><strong data-start=\"3684\" data-end=\"3732\">Retinol + Blemish Complex no ZO\u00ae SKIN HEALTH<\/strong> &#8211; revolucion\u0101rs 360\u00b0 darb\u012bbas l\u012bdzeklis, kas paredz\u0113ts visu aknes veido\u0161an\u0101s posmu un to redzamo seku ietekm\u0113\u0161anai. Formula pal\u012bdz samazin\u0101t vid\u0113ji smagu un smagu akni, mazin\u0101t eso\u0161os izsitumus, nov\u0113rst jaunu nepiln\u012bbu veido\u0161anos un uzlabot postaknes p\u0113du un tekst\u016bras izskatu.<\/p>\n<p data-start=\"4012\" data-end=\"4246\">Produkts apvieno dermatolo\u0123iski orient\u0113tu \u0101das atjauno\u0161anu ar sebuma kontroli un poru att\u012br\u012b\u0161anu. Akt\u012bvo komponentu kombin\u0101cija pal\u012bdz izl\u012bdzin\u0101t \u0101das tekst\u016bru, mazin\u0101t iekaisuma sekas un veicin\u0101t t\u012br\u0101ku \u0101das izskatu. Bez smar\u017eviel\u0101m.<\/p>\n<p data-start=\"4248\" data-end=\"4284\"><strong data-start=\"4248\" data-end=\"4284\">K\u0101 darbojas galvenie komponenti?<\/strong><\/p>\n<ul data-start=\"4286\" data-end=\"4577\">\n<li data-start=\"4286\" data-end=\"4372\">\n<p data-start=\"4288\" data-end=\"4372\"><strong data-start=\"4288\" data-end=\"4321\">0.25% Retinol (microemulsion)<\/strong> &#8211; veicina \u0101das atjauno\u0161anos un kolag\u0113na atbalstu<\/p>\n<\/li>\n<li data-start=\"4373\" data-end=\"4458\">\n<p data-start=\"4375\" data-end=\"4458\"><strong data-start=\"4375\" data-end=\"4409\">2% Encapsulated Salicylic Acid<\/strong> &#8211; dzi\u013ci att\u012bra poras un mazina aizsprostojumus<\/p>\n<\/li>\n<li data-start=\"4459\" data-end=\"4577\">\n<p data-start=\"4461\" data-end=\"4577\"><strong data-start=\"4461\" data-end=\"4523\">Potassium Azeloyl Diglycinate + Cetyl Tranexamate Mesylate<\/strong> &#8211; pal\u012bdz izl\u012bdzin\u0101t toni un mazin\u0101t postaknes p\u0113das<\/p>\n<\/li>\n<\/ul>\n<p data-start=\"4579\" data-end=\"4712\"><strong data-start=\"4579\" data-end=\"4622\">Kam piem\u0113rots Retinol + Blemish Complex<\/strong> &#8211; taukainai un kombin\u0113tai \u0101dai, vid\u0113ji smagai aknei, postaknei un atk\u0101rtotiem izsitumiem.<\/p>\n<p data-start=\"4714\" data-end=\"4732\"><strong data-start=\"4714\" data-end=\"4726\">Tilpums:<\/strong> 50 ml<\/p>\n","protected":false},"excerpt":{"rendered":"<p data-start=\"5004\" data-end=\"5042\">Intens\u012bvs retinola l\u012bdzeklis pret akni<\/p>\n<h2 data-start=\"5044\" data-end=\"5100\"><strong data-start=\"5044\" data-end=\"5100\">\u012apa\u0161\u012bbas ZO\u00ae SKIN HEALTH &#8211; Retinol + Blemish Complex<\/strong><\/h2>\n<p data-start=\"5102\" data-end=\"5293\">\u2714\ufe0f Iedarbojas uz visiem aknes posmiem<br data-start=\"5139\" data-end=\"5142\" \/>\u2714\ufe0f Att\u012bra poras un kontrol\u0113 sebumu<br data-start=\"5176\" data-end=\"5179\" \/>\u2714\ufe0f Izl\u012bdzina tekst\u016bru un \u0101das toni<br data-start=\"5213\" data-end=\"5216\" \/>\u2714\ufe0f Pa\u0101trina atjauno\u0161anos un eksfoli\u0101ciju<br data-start=\"5256\" data-end=\"5259\" \/>\u2714\ufe0f Pal\u012bdz nov\u0113rst jaunus izsitumus<\/p>\n","protected":false},"featured_media":55229,"template":"","meta":[],"pwb-brand":[1186],"product_brand":[],"product_cat":[727,741,747],"product_tag":[],"giftcard-category":[],"class_list":{"0":"post-54001","1":"product","2":"type-product","3":"status-publish","4":"has-post-thumbnail","6":"pwb-brand-zo-skin-health-lv","7":"product_cat-a-vitamins-retinols","8":"product_cat-izsitumi","9":"product_cat-taukainai-adai","11":"first","12":"instock","13":"sale","14":"taxable","15":"shipping-taxable","16":"purchasable","17":"product-type-simple"},"acf":[],"brands":[{"id":1186,"name":"ZO\u00ae SKIN HEALTH","slug":"zo-skin-health-lv"}],"_links":{"self":[{"href":"https:\/\/skinstudio.ee\/lv\/wp-json\/wp\/v2\/product\/54001","targetHints":{"allow":["GET"]}}],"collection":[{"href":"https:\/\/skinstudio.ee\/lv\/wp-json\/wp\/v2\/product"}],"about":[{"href":"https:\/\/skinstudio.ee\/lv\/wp-json\/wp\/v2\/types\/product"}],"version-history":[{"count":2,"href":"https:\/\/skinstudio.ee\/lv\/wp-json\/wp\/v2\/product\/54001\/revisions"}],"predecessor-version":[{"id":89058,"href":"https:\/\/skinstudio.ee\/lv\/wp-json\/wp\/v2\/product\/54001\/revisions\/89058"}],"wp:featuredmedia":[{"embeddable":true,"href":"https:\/\/skinstudio.ee\/lv\/wp-json\/wp\/v2\/media\/55229"}],"wp:attachment":[{"href":"https:\/\/skinstudio.ee\/lv\/wp-json\/wp\/v2\/media?parent=54001"}],"wp:term":[{"taxonomy":"pwb-brand","embeddable":true,"href":"https:\/\/skinstudio.ee\/lv\/wp-json\/wp\/v2\/pwb-brand?post=54001"},{"taxonomy":"product_brand","embeddable":true,"href":"https:\/\/skinstudio.ee\/lv\/wp-json\/wp\/v2\/product_brand?post=54001"},{"taxonomy":"product_cat","embeddable":true,"href":"https:\/\/skinstudio.ee\/lv\/wp-json\/wp\/v2\/product_cat?post=54001"},{"taxonomy":"product_tag","embeddable":true,"href":"https:\/\/skinstudio.ee\/lv\/wp-json\/wp\/v2\/product_tag?post=54001"},{"taxonomy":"giftcard-category","embeddable":true,"href":"https:\/\/skinstudio.ee\/lv\/wp-json\/wp\/v2\/giftcard-category?post=54001"}],"curies":[{"name":"wp","href":"https:\/\/api.w.org\/{rel}","templated":true}]}}