{"id":54015,"date":"2024-04-06T08:50:22","date_gmt":"2024-04-06T08:50:22","guid":{"rendered":"https:\/\/skinstudio.ee\/?post_type=product&#038;p=54015"},"modified":"2026-04-01T11:54:50","modified_gmt":"2026-04-01T11:54:50","slug":"complexion-clarifying-serum","status":"publish","type":"product","link":"https:\/\/skinstudio.ee\/lv\/catalog\/zo-skin-health-lv\/complexion-clarifying-serum\/","title":{"rendered":"Complexion Clarifying Serum"},"content":{"rendered":"<p data-start=\"3551\" data-end=\"3895\"><strong data-start=\"3551\" data-end=\"3601\">Complexion Clarifying Serum no ZO\u00ae SKIN HEALTH<\/strong> &#8211; \u016bdens b\u0101zes serums, kas izstr\u0101d\u0101ts, izmantojot ZO\u00ae zin\u0101tniskos sasniegumus m\u0113r\u0137tiec\u012bgai sebuma kontrolei un \u0101das l\u012bdzsvaram. Formula kl\u012bniski v\u0113rsta uz virsmas taukain\u012bbas samazin\u0101\u0161anu, poru pies\u0101r\u0146ojuma un redzama aps\u0101rtuma mazin\u0101\u0161anu, pal\u012bdzot uztur\u0113t t\u012br\u0101ku un l\u012bdzsvarot\u0101ku \u0101das izskatu.<\/p>\n<p data-start=\"3897\" data-end=\"4214\">Serums pal\u012bdz kontrol\u0113t lieko sebuma izdal\u012b\u0161anos, atbalsta vesel\u012bgu \u0101das mikrobiomu un uzlabo tekst\u016bru bez smaguma saj\u016btas. Viegl\u0101 \u016bdens b\u0101zes tekst\u016bra \u0101tri ies\u016bcas, nodro\u0161inot svaiguma saj\u016btu un komfortablu mat\u0113tu fini\u0161u. Piem\u0113rots pla\u0161am \u0101das tipu spektram, \u012bpa\u0161i kombin\u0113tai, taukainai un izsitumiem pak\u013cautai \u0101dai.<\/p>\n<p data-start=\"4216\" data-end=\"4252\"><strong data-start=\"4216\" data-end=\"4252\">K\u0101 darbojas galvenie komponenti?<\/strong><\/p>\n<ul>\n<li data-start=\"4254\" data-end=\"4511\">ZO\u00ae Sebum Targeting Complex &#8211; pal\u012bdz samazin\u0101t lieko sebumu un uztur\u0113t mikrobioma l\u012bdzsvaru<\/li>\n<li data-start=\"4254\" data-end=\"4511\">Water-soluble Salicylic Acid &#8211; maigi att\u012bra poras un mazina iekaisuma paz\u012bmes<\/li>\n<li data-start=\"4254\" data-end=\"4511\">ZO-RRS2\u00ae + ZPOLY\u2122 complexes &#8211; samazina redzamu aps\u0101rtumu un atbalsta barjerfunkciju<\/li>\n<\/ul>\n<p data-start=\"4513\" data-end=\"4672\"><strong data-start=\"4513\" data-end=\"4559\">Kam piem\u0113rots Complexion Clarifying Serum:<\/strong> kombin\u0113tai un taukainai \u0101dai, papla\u0161in\u0101t\u0101m por\u0101m, izsitumiem pak\u013cautai \u0101dai un paaugstin\u0101tai sebuma izdal\u012b\u0161anai.<\/p>\n<p data-start=\"4674\" data-end=\"4692\"><strong data-start=\"4674\" data-end=\"4686\">Tilpums:<\/strong> 50 ml<\/p>\n","protected":false},"excerpt":{"rendered":"<p data-start=\"4873\" data-end=\"4904\">Viegls sebuma regul\u0113jo\u0161s serums<\/p>\n<h2 data-start=\"4906\" data-end=\"4964\"><strong data-start=\"4906\" data-end=\"4964\">\u012apa\u0161\u012bbas ZO\u00ae SKIN HEALTH &#8211; Complexion Clarifying Serum<\/strong><\/h2>\n<p data-start=\"4966\" data-end=\"5144\">\u2714\ufe0f Regul\u0113 lieko sebuma veido\u0161anos<br data-start=\"4999\" data-end=\"5002\" \/>\u2714\ufe0f Samazina redzamu aps\u0101rtumu<br data-start=\"5031\" data-end=\"5034\" \/>\u2714\ufe0f Att\u012bra poras un samazina net\u012brumus<br data-start=\"5071\" data-end=\"5074\" \/>\u2714\ufe0f Izl\u012bdzina \u0101das toni un tekst\u016bru<br data-start=\"5108\" data-end=\"5111\" \/>\u2714\ufe0f Nodro\u0161ina vieglu mat\u0113tu efektu<\/p>\n","protected":false},"featured_media":54017,"template":"","meta":[],"pwb-brand":[1186],"product_brand":[],"product_cat":[741,743,723,747],"product_tag":[],"giftcard-category":[],"class_list":{"0":"post-54015","1":"product","2":"type-product","3":"status-publish","4":"has-post-thumbnail","6":"pwb-brand-zo-skin-health-lv","7":"product_cat-izsitumi","8":"product_cat-paplasinatas-poras","9":"product_cat-serumi","10":"product_cat-taukainai-adai","12":"first","13":"instock","14":"sale","15":"taxable","16":"shipping-taxable","17":"purchasable","18":"product-type-simple"},"acf":[],"brands":[{"id":1186,"name":"ZO\u00ae SKIN HEALTH","slug":"zo-skin-health-lv"}],"_links":{"self":[{"href":"https:\/\/skinstudio.ee\/lv\/wp-json\/wp\/v2\/product\/54015","targetHints":{"allow":["GET"]}}],"collection":[{"href":"https:\/\/skinstudio.ee\/lv\/wp-json\/wp\/v2\/product"}],"about":[{"href":"https:\/\/skinstudio.ee\/lv\/wp-json\/wp\/v2\/types\/product"}],"version-history":[{"count":3,"href":"https:\/\/skinstudio.ee\/lv\/wp-json\/wp\/v2\/product\/54015\/revisions"}],"predecessor-version":[{"id":89060,"href":"https:\/\/skinstudio.ee\/lv\/wp-json\/wp\/v2\/product\/54015\/revisions\/89060"}],"wp:featuredmedia":[{"embeddable":true,"href":"https:\/\/skinstudio.ee\/lv\/wp-json\/wp\/v2\/media\/54017"}],"wp:attachment":[{"href":"https:\/\/skinstudio.ee\/lv\/wp-json\/wp\/v2\/media?parent=54015"}],"wp:term":[{"taxonomy":"pwb-brand","embeddable":true,"href":"https:\/\/skinstudio.ee\/lv\/wp-json\/wp\/v2\/pwb-brand?post=54015"},{"taxonomy":"product_brand","embeddable":true,"href":"https:\/\/skinstudio.ee\/lv\/wp-json\/wp\/v2\/product_brand?post=54015"},{"taxonomy":"product_cat","embeddable":true,"href":"https:\/\/skinstudio.ee\/lv\/wp-json\/wp\/v2\/product_cat?post=54015"},{"taxonomy":"product_tag","embeddable":true,"href":"https:\/\/skinstudio.ee\/lv\/wp-json\/wp\/v2\/product_tag?post=54015"},{"taxonomy":"giftcard-category","embeddable":true,"href":"https:\/\/skinstudio.ee\/lv\/wp-json\/wp\/v2\/giftcard-category?post=54015"}],"curies":[{"name":"wp","href":"https:\/\/api.w.org\/{rel}","templated":true}]}}