{"id":54025,"date":"2024-03-07T14:26:06","date_gmt":"2024-03-07T14:26:06","guid":{"rendered":"https:\/\/skinstudio.ee\/?post_type=product&#038;p=54025"},"modified":"2026-04-01T12:53:54","modified_gmt":"2026-04-01T12:53:54","slug":"skin-normalizing-system","status":"publish","type":"product","link":"https:\/\/skinstudio.ee\/lv\/catalog\/zo-skin-health-lv\/skin-normalizing-system\/","title":{"rendered":"Skin Normalizing System"},"content":{"rendered":"<p data-start=\"341\" data-end=\"648\"><strong data-start=\"341\" data-end=\"387\">Skin Normalizing System no ZO\u00ae SKIN HEALTH<\/strong> ir profesion\u0101la \u0101das kop\u0161anas sist\u0113ma \u0101dai, kas ir pak\u013cauta aknei, pastiprin\u0101tai sebuma izdalei un aps\u0101rtumam. Komplekt\u0101 eso\u0161ie produkti darbojas siner\u0123ij\u0101: att\u012bra \u0101du, pal\u012bdz regul\u0113t sebuma izdal\u012b\u0161anos, stimul\u0113 \u0161\u016bnu atjauno\u0161anos un atbalsta \u0101das atjauno\u0161anos.<\/p>\n<p data-start=\"650\" data-end=\"784\">Daudzpak\u0101pju kop\u0161anas protokols pal\u012bdz mazin\u0101t iekaisumus, att\u012br\u012bt poras, uzlabot \u0101das tekst\u016bru un atjaunot vesel\u012bg\u0101ku \u0101das l\u012bdzsvaru.<\/p>\n<p data-start=\"786\" data-end=\"963\"><strong data-start=\"786\" data-end=\"814\">Gentle Cleanser &#8211; 60 ml:<\/strong> maigs att\u012bro\u0161s l\u012bdzeklis, kas no\u0146em net\u012brumus, lieko sebumu un kosm\u0113tikas atlikumus, nesaboj\u0101jot \u0101das dabisko l\u012bdzsvaru, atst\u0101jot \u0101du t\u012bru un gludu.<\/p>\n<p data-start=\"965\" data-end=\"1105\"><strong data-start=\"965\" data-end=\"997\">Exfoliating Polish &#8211; 16,2 g:<\/strong> pul\u0113jo\u0161s eksfoliants, kas no\u0146em atmiru\u0161\u0101s \u0101das \u0161\u016bnas, stimul\u0113 epidermas atjauno\u0161anos un padara \u0101du glud\u0101ku.<\/p>\n<p data-start=\"1107\" data-end=\"1261\"><strong data-start=\"1107\" data-end=\"1138\">Oil Control Pads &#8211; 60 gab.:<\/strong> spilventi\u0146i ar akt\u012bvaj\u0101m sk\u0101b\u0113m pal\u012bdz kontrol\u0113t sebuma izdal\u012b\u0161anos, att\u012br\u012bt poras, mazin\u0101t akni un uzlabot \u0101das tekst\u016bru.<\/p>\n<p data-start=\"1263\" data-end=\"1421\"><strong data-start=\"1263\" data-end=\"1295\">Daily Power Defense &#8211; 30 ml:<\/strong> ikdienas aizsargl\u012bdzeklis ar retinolu, enz\u012bmiem un antioksidantiem, kas pal\u012bdz atjaunot \u0101du un stiprina t\u0101s aizsargfunkcijas.<\/p>\n<p data-start=\"1423\" data-end=\"1627\"><strong data-start=\"1423\" data-end=\"1497\">Rozatrol Normalizing Serum Treatment for Red, Sensitized Skin &#8211; 20 ml:<\/strong> serums jut\u012bgai un uz aps\u0101rtumu tend\u0113tai \u0101dai, kas pal\u012bdz mazin\u0101t redzamu aps\u0101rtumu, regul\u0113t sebuma izdal\u012b\u0161anos un nomierin\u0101t \u0101du.<\/p>\n","protected":false},"excerpt":{"rendered":"<p data-start=\"2381\" data-end=\"2424\">Problem\u0101tiskas \u0101das normaliz\u0113jo\u0161s komplekts<\/p>\n<h2 data-start=\"2426\" data-end=\"2480\"><strong data-start=\"2426\" data-end=\"2480\">\u012apa\u0161\u012bbas ZO\u00ae SKIN HEALTH &#8211; Skin Normalizing System<\/strong><\/h2>\n<p data-start=\"2482\" data-end=\"2727\">\u2714\ufe0f Kompleksa kop\u0161anas sist\u0113ma aknei pak\u013cautai \u0101dai<br data-start=\"2532\" data-end=\"2535\" \/>\u2714\ufe0f Pal\u012bdz regul\u0113t sebuma izdal\u012b\u0161anos un att\u012br\u012bt poras<br data-start=\"2588\" data-end=\"2591\" \/>\u2714\ufe0f Veicina iekaisumu un aps\u0101rtuma mazin\u0101\u0161anos<br data-start=\"2636\" data-end=\"2639\" \/>\u2714\ufe0f Uzlabo \u0101das tekst\u016bru un kop\u0113jo toni<br data-start=\"2677\" data-end=\"2680\" \/>\u2714\ufe0f Piem\u0113rota taukainai un problem\u0101tiskai \u0101dai<\/p>\n","protected":false},"featured_media":54026,"template":"","meta":[],"pwb-brand":[1186],"product_brand":[],"product_cat":[764,755,753],"product_tag":[],"giftcard-category":[],"class_list":{"0":"post-54025","1":"product","2":"type-product","3":"status-publish","4":"has-post-thumbnail","6":"pwb-brand-zo-skin-health-lv","7":"product_cat-davanu-ideja","8":"product_cat-komplekts","9":"product_cat-travel-size-lv","11":"first","12":"instock","13":"sale","14":"taxable","15":"shipping-taxable","16":"purchasable","17":"product-type-simple"},"acf":[],"brands":[{"id":1186,"name":"ZO\u00ae SKIN HEALTH","slug":"zo-skin-health-lv"}],"_links":{"self":[{"href":"https:\/\/skinstudio.ee\/lv\/wp-json\/wp\/v2\/product\/54025","targetHints":{"allow":["GET"]}}],"collection":[{"href":"https:\/\/skinstudio.ee\/lv\/wp-json\/wp\/v2\/product"}],"about":[{"href":"https:\/\/skinstudio.ee\/lv\/wp-json\/wp\/v2\/types\/product"}],"version-history":[{"count":2,"href":"https:\/\/skinstudio.ee\/lv\/wp-json\/wp\/v2\/product\/54025\/revisions"}],"predecessor-version":[{"id":89061,"href":"https:\/\/skinstudio.ee\/lv\/wp-json\/wp\/v2\/product\/54025\/revisions\/89061"}],"wp:featuredmedia":[{"embeddable":true,"href":"https:\/\/skinstudio.ee\/lv\/wp-json\/wp\/v2\/media\/54026"}],"wp:attachment":[{"href":"https:\/\/skinstudio.ee\/lv\/wp-json\/wp\/v2\/media?parent=54025"}],"wp:term":[{"taxonomy":"pwb-brand","embeddable":true,"href":"https:\/\/skinstudio.ee\/lv\/wp-json\/wp\/v2\/pwb-brand?post=54025"},{"taxonomy":"product_brand","embeddable":true,"href":"https:\/\/skinstudio.ee\/lv\/wp-json\/wp\/v2\/product_brand?post=54025"},{"taxonomy":"product_cat","embeddable":true,"href":"https:\/\/skinstudio.ee\/lv\/wp-json\/wp\/v2\/product_cat?post=54025"},{"taxonomy":"product_tag","embeddable":true,"href":"https:\/\/skinstudio.ee\/lv\/wp-json\/wp\/v2\/product_tag?post=54025"},{"taxonomy":"giftcard-category","embeddable":true,"href":"https:\/\/skinstudio.ee\/lv\/wp-json\/wp\/v2\/giftcard-category?post=54025"}],"curies":[{"name":"wp","href":"https:\/\/api.w.org\/{rel}","templated":true}]}}